{"id":6770,"date":"2025-04-20T20:30:24","date_gmt":"2025-04-20T20:30:24","guid":{"rendered":"https:\/\/www.vegcrates.com\/?post_type=product&#038;p=6770"},"modified":"2025-04-20T22:35:11","modified_gmt":"2025-04-20T22:35:11","slug":"plastic-half-milk-crate-half-height-milk-crate-for-sale","status":"publish","type":"product","link":"https:\/\/www.vegcrates.com\/sv\/product\/halv-mjolklada-i-plast-halvhojd-mjolklada-till-salu\/","title":{"rendered":"Halv mj\u00f6lkl\u00e5da i plast, halvh\u00f6jd mj\u00f6lkl\u00e5da till salu"},"content":{"rendered":"<p><strong>M\u00e5ngsidig halvmj\u00f6lksl\u00e5da f\u00f6r 35 flaskor \u2013 Robust och effektiv f\u00f6rvaringsl\u00f6sning<\/strong><\/p>\n<p>Maximera din lagringseffektivitet med v\u00e5r <strong>Halv mj\u00f6lkl\u00e5da<\/strong> Utformad f\u00f6r att s\u00e4kert rymma upp till 35 flaskor. Tillverkad av slitstark, h\u00f6gkvalitativ plast, m\u00e4ter denna livfulla r\u00f6da l\u00e5da 545 mm x 390 mm x 135 mm, vilket g\u00f6r den till den perfekta storleken f\u00f6r b\u00e5de kommersiellt och personligt bruk.<\/p>\n<p>&nbsp;<\/p>\n<div style=\"width: 960px;\" class=\"wp-video\"><!--[if lt IE 9]><script>document.createElement('video');<\/script><![endif]-->\n<video class=\"wp-video-shortcode\" id=\"video-6770-1\" width=\"960\" height=\"540\" poster=\"https:\/\/www.vegcrates.com\/wp-content\/uploads\/2025\/04\/plastic-half-milk-crate-half-height-milk-crate-1.jpg\" preload=\"metadata\" controls=\"controls\"><source type=\"video\/mp4\" src=\"https:\/\/www.vegcrates.com\/wp-content\/uploads\/2025\/04\/plastic-half-milk-crate-half-height-milk-crate.mp4?_=1\" \/><a href=\"https:\/\/www.vegcrates.com\/wp-content\/uploads\/2025\/04\/plastic-half-milk-crate-half-height-milk-crate.mp4\">https:\/\/www.vegcrates.com\/wp-content\/uploads\/2025\/04\/plastic-half-milk-crate-half-height-milk-crate.mp4<\/a><\/video><\/div>\n<p>&nbsp;<\/p>\n<p>&nbsp;<\/p>\n<p><strong>Viktiga funktioner:<\/strong><\/p>\n<ul>\n<li><strong>Optimal organisation:<\/strong>\u00a0Har separata fack f\u00f6r att h\u00e5lla flaskorna s\u00e4kert p\u00e5 plats, vilket minskar risken f\u00f6r brott under transport eller f\u00f6rvaring.<\/li>\n<li><strong>Robust konstruktion:<\/strong>\u00a0Tillverkad av robusta material som t\u00e5l daglig anv\u00e4ndning och garanterar l\u00e5ng livsl\u00e4ngd.<\/li>\n<li><strong>L\u00e4tt att hantera:<\/strong>\u00a0Den l\u00e4tta designen och de utskurna handtagen p\u00e5 sidan g\u00f6r det enkelt att lyfta och b\u00e4ra.<\/li>\n<li><strong>M\u00e5ngsidig anv\u00e4ndning:<\/strong>\u00a0Perfekt f\u00f6r restauranger, barer, cateringf\u00f6retag eller hemmabruk f\u00f6r f\u00f6rvaring av l\u00e4sk, \u00f6l och mj\u00f6lkflaskor.<\/li>\n<li><strong>Stapelbar design:<\/strong>\u00a0Maximera utrymmet genom att stapla flera l\u00e5dor n\u00e4r de inte anv\u00e4nds, vilket h\u00e5ller ditt omr\u00e5de snyggt och organiserat.<\/li>\n<\/ul>\n<p>Uppgradera din f\u00f6rvaringsl\u00f6sning med v\u00e5r Half Milk Crate idag och upplev den perfekta blandningen av funktionalitet och h\u00e5llbarhet!<\/p>","protected":false},"excerpt":{"rendered":"<p>Versatile Half Milk Crate for 35 Bottles \u2013 Sturdy and Efficient Storage Solution Maximize your storage efficiency with our Half&hellip;<\/p>","protected":false},"featured_media":6771,"comment_status":"open","ping_status":"closed","template":"","meta":[],"product_cat":[17,25],"product_tag":[],"class_list":["post-6770","product","type-product","status-publish","has-post-thumbnail","hentry","product_cat-collapsible-storage-crate","product_cat-vegetable-harvest-crates"],"acf":[],"_links":{"self":[{"href":"https:\/\/www.vegcrates.com\/sv\/wp-json\/wp\/v2\/product\/6770","targetHints":{"allow":["GET"]}}],"collection":[{"href":"https:\/\/www.vegcrates.com\/sv\/wp-json\/wp\/v2\/product"}],"about":[{"href":"https:\/\/www.vegcrates.com\/sv\/wp-json\/wp\/v2\/types\/product"}],"replies":[{"embeddable":true,"href":"https:\/\/www.vegcrates.com\/sv\/wp-json\/wp\/v2\/comments?post=6770"}],"wp:featuredmedia":[{"embeddable":true,"href":"https:\/\/www.vegcrates.com\/sv\/wp-json\/wp\/v2\/media\/6771"}],"wp:attachment":[{"href":"https:\/\/www.vegcrates.com\/sv\/wp-json\/wp\/v2\/media?parent=6770"}],"wp:term":[{"taxonomy":"product_cat","embeddable":true,"href":"https:\/\/www.vegcrates.com\/sv\/wp-json\/wp\/v2\/product_cat?post=6770"},{"taxonomy":"product_tag","embeddable":true,"href":"https:\/\/www.vegcrates.com\/sv\/wp-json\/wp\/v2\/product_tag?post=6770"}],"curies":[{"name":"wp","href":"https:\/\/api.w.org\/{rel}","templated":true}]}}