{"id":6760,"date":"2025-04-20T14:47:08","date_gmt":"2025-04-20T14:47:08","guid":{"rendered":"https:\/\/www.vegcrates.com\/?post_type=product&#038;p=6760"},"modified":"2025-04-21T14:23:57","modified_gmt":"2025-04-21T14:23:57","slug":"plastic-mini-milk-crate","status":"publish","type":"product","link":"https:\/\/www.vegcrates.com\/sv\/product\/mini-mjolklada-i-plast\/","title":{"rendered":"mini mj\u00f6lkl\u00e5da i plast"},"content":{"rendered":"<p>F\u00f6rb\u00e4ttra dina f\u00f6rvaringsl\u00f6sningar med v\u00e5ra <strong>Mini mj\u00f6lkl\u00e5da i plast<\/strong> Organiserare. Denna kompakta mj\u00f6lkl\u00e5da \u00e4r perfekt utformad f\u00f6r m\u00e5ngsidighet och erbjuder ett elegant s\u00e4tt att h\u00e5lla ordning i ditt utrymme. Den \u00e4r tillverkad av slitstark, h\u00f6gkvalitativ plast och har en \u00f6ppen gallerdesign f\u00f6r optimal ventilation och synlighet. L\u00e5dorna \u00e4r perfekta f\u00f6r att organisera pysselmaterial, kontorsmaterial eller k\u00f6ksn\u00f6dv\u00e4ndigheter och \u00e4r l\u00e4tta att stapla f\u00f6r effektiv anv\u00e4ndning av utrymmet. Med praktiska sidohandtag kan du enkelt transportera dina f\u00f6rem\u00e5l vart du \u00e4n beh\u00f6ver dem.<\/p>\n<p>&nbsp;<\/p>\n<div style=\"width: 960px;\" class=\"wp-video\"><!--[if lt IE 9]><script>document.createElement('video');<\/script><![endif]-->\n<video class=\"wp-video-shortcode\" id=\"video-6760-1\" width=\"960\" height=\"540\" preload=\"metadata\" controls=\"controls\"><source type=\"video\/mp4\" src=\"https:\/\/www.vegcrates.com\/wp-content\/uploads\/2025\/04\/plastic-mini-milk-crate.mp4?_=1\" \/><a href=\"https:\/\/www.vegcrates.com\/wp-content\/uploads\/2025\/04\/plastic-mini-milk-crate.mp4\">https:\/\/www.vegcrates.com\/wp-content\/uploads\/2025\/04\/plastic-mini-milk-crate.mp4<\/a><\/video><\/div>","protected":false},"excerpt":{"rendered":"<p>Elevate your storage solutions with our Mini Plastic Milk Crate Organizer. Perfectly designed for versatility, this compact milk crate offers&hellip;<\/p>","protected":false},"featured_media":6778,"comment_status":"open","ping_status":"closed","template":"","meta":[],"product_cat":[17,25],"product_tag":[],"class_list":["post-6760","product","type-product","status-publish","has-post-thumbnail","hentry","product_cat-collapsible-storage-crate","product_cat-vegetable-harvest-crates"],"acf":[],"_links":{"self":[{"href":"https:\/\/www.vegcrates.com\/sv\/wp-json\/wp\/v2\/product\/6760","targetHints":{"allow":["GET"]}}],"collection":[{"href":"https:\/\/www.vegcrates.com\/sv\/wp-json\/wp\/v2\/product"}],"about":[{"href":"https:\/\/www.vegcrates.com\/sv\/wp-json\/wp\/v2\/types\/product"}],"replies":[{"embeddable":true,"href":"https:\/\/www.vegcrates.com\/sv\/wp-json\/wp\/v2\/comments?post=6760"}],"wp:featuredmedia":[{"embeddable":true,"href":"https:\/\/www.vegcrates.com\/sv\/wp-json\/wp\/v2\/media\/6778"}],"wp:attachment":[{"href":"https:\/\/www.vegcrates.com\/sv\/wp-json\/wp\/v2\/media?parent=6760"}],"wp:term":[{"taxonomy":"product_cat","embeddable":true,"href":"https:\/\/www.vegcrates.com\/sv\/wp-json\/wp\/v2\/product_cat?post=6760"},{"taxonomy":"product_tag","embeddable":true,"href":"https:\/\/www.vegcrates.com\/sv\/wp-json\/wp\/v2\/product_tag?post=6760"}],"curies":[{"name":"wp","href":"https:\/\/api.w.org\/{rel}","templated":true}]}}