{"id":6757,"date":"2025-04-20T10:20:05","date_gmt":"2025-04-20T10:20:05","guid":{"rendered":"https:\/\/www.vegcrates.com\/product\/plastic-collapsible-milk-crate%e2%80%8b\/"},"modified":"2025-04-20T10:42:05","modified_gmt":"2025-04-20T10:42:05","slug":"plastic-collapsible-milk-crate","status":"publish","type":"product","link":"https:\/\/www.vegcrates.com\/sv\/product\/hopfallbar-mjolklada-i-plast\/","title":{"rendered":"hopf\u00e4llbar mj\u00f6lkl\u00e5da i plast"},"content":{"rendered":"<p>Organisera ditt utrymme med v\u00e5r milj\u00f6v\u00e4nliga, m\u00e5ngsidiga hopf\u00e4llbara mj\u00f6lkl\u00e5da i plast! Denna m\u00e5ngsidiga l\u00e5da \u00e4r tillverkad av slitstark plast och utformad f\u00f6r att m\u00f6ta alla dina f\u00f6rvaringsbehov samtidigt som den \u00e4r sn\u00e4ll mot milj\u00f6n. Dess robusta konstruktion garanterar l\u00e5ng h\u00e5llbarhet, oavsett om du anv\u00e4nder den f\u00f6r matvaror, leksaker eller hush\u00e5llsartiklar.<\/p>\n<div style=\"width: 1170px;\" class=\"wp-video\"><!--[if lt IE 9]><script>document.createElement('video');<\/script><![endif]-->\n<video class=\"wp-video-shortcode\" id=\"video-6757-1\" width=\"1170\" height=\"658\" poster=\"https:\/\/www.vegcrates.com\/wp-content\/uploads\/2025\/04\/plastic-collapsible-milk-crate-5.jpg\" preload=\"metadata\" controls=\"controls\"><source type=\"video\/mp4\" src=\"https:\/\/www.vegcrates.com\/wp-content\/uploads\/2025\/04\/plastic-collapsible-milk-crate.mp4?_=1\" \/><a href=\"https:\/\/www.vegcrates.com\/wp-content\/uploads\/2025\/04\/plastic-collapsible-milk-crate.mp4\">https:\/\/www.vegcrates.com\/wp-content\/uploads\/2025\/04\/plastic-collapsible-milk-crate.mp4<\/a><\/video><\/div>\n<p>&nbsp;<\/p>\n<p>Med en elegant gr\u00f6n f\u00e4rg och en ventilerande, \u00f6ppen v\u00e4vd design ger denna l\u00e5da utm\u00e4rkt sikt och luftfl\u00f6de f\u00f6r att h\u00e5lla inneh\u00e5llet fr\u00e4scht. L\u00e4tt men \u00e4nd\u00e5 robust, perfekt f\u00f6r enkel man\u00f6vrering runt i hemmet, kontoret eller tr\u00e4dg\u00e5rden. Det integrerade handtaget m\u00f6jligg\u00f6r problemfri transport, vilket g\u00f6r den idealisk f\u00f6r b\u00e5de inomhus- och utomhusbruk.<\/p>\n<p>Stapelbar och hopf\u00e4llbar f\u00f6r enkel f\u00f6rvaring, denna l\u00e5da lyfter organisationen till en ny niv\u00e5. Perfekt f\u00f6r milj\u00f6medvetna konsumenter som s\u00f6ker praktiska funktioner utan att kompromissa med stilen. F\u00f6rvandla r\u00f6ran till ordning med v\u00e5r milj\u00f6v\u00e4nliga multifunktionella f\u00f6rvaringsl\u00e5da idag!<\/p>\n<p>&nbsp;<\/p>\n<p>vi s\u00e4ljer \u00e4ven <a href=\"https:\/\/www.plastic-crate.co.uk\/product-tag\/ifco-crates-for-sale\/\">ifco-l\u00e5da<\/a>, <a href=\"https:\/\/www.storage-totes.com\/product-category\/nesting-totes\/\" target=\"_blank\" rel=\"noopener\">stapla och n\u00e4stla v\u00e4skor<\/a><\/p>","protected":false},"excerpt":{"rendered":"<p>Organize your space with our Eco-Friendly Multi-Purpose plastic collapsible milk crate\u200b! Crafted from durable plastic, this versatile crate is designed&hellip;<\/p>","protected":false},"featured_media":6750,"comment_status":"open","ping_status":"closed","template":"","meta":[],"product_cat":[17,25],"product_tag":[],"class_list":["post-6757","product","type-product","status-publish","has-post-thumbnail","hentry","product_cat-collapsible-storage-crate","product_cat-vegetable-harvest-crates"],"acf":[],"_links":{"self":[{"href":"https:\/\/www.vegcrates.com\/sv\/wp-json\/wp\/v2\/product\/6757","targetHints":{"allow":["GET"]}}],"collection":[{"href":"https:\/\/www.vegcrates.com\/sv\/wp-json\/wp\/v2\/product"}],"about":[{"href":"https:\/\/www.vegcrates.com\/sv\/wp-json\/wp\/v2\/types\/product"}],"replies":[{"embeddable":true,"href":"https:\/\/www.vegcrates.com\/sv\/wp-json\/wp\/v2\/comments?post=6757"}],"wp:featuredmedia":[{"embeddable":true,"href":"https:\/\/www.vegcrates.com\/sv\/wp-json\/wp\/v2\/media\/6750"}],"wp:attachment":[{"href":"https:\/\/www.vegcrates.com\/sv\/wp-json\/wp\/v2\/media?parent=6757"}],"wp:term":[{"taxonomy":"product_cat","embeddable":true,"href":"https:\/\/www.vegcrates.com\/sv\/wp-json\/wp\/v2\/product_cat?post=6757"},{"taxonomy":"product_tag","embeddable":true,"href":"https:\/\/www.vegcrates.com\/sv\/wp-json\/wp\/v2\/product_tag?post=6757"}],"curies":[{"name":"wp","href":"https:\/\/api.w.org\/{rel}","templated":true}]}}