{"id":6742,"date":"2025-04-20T09:53:14","date_gmt":"2025-04-20T09:53:14","guid":{"rendered":"https:\/\/www.vegcrates.com\/product\/versatile-stackable-storage-crate-with-secure-lid\/"},"modified":"2025-04-20T10:05:58","modified_gmt":"2025-04-20T10:05:58","slug":"versatile-stackable-storage-crate-with-secure-lid","status":"publish","type":"product","link":"https:\/\/www.vegcrates.com\/sv\/product\/mangsidig-stapelbar-forvaringslada-med-sakert-lock\/","title":{"rendered":"M\u00e5ngsidig stapelbar f\u00f6rvaringsl\u00e5da med s\u00e4kert lock"},"content":{"rendered":"<p>Organisera ditt utrymme med v\u00e5r <strong>M\u00e5ngsidig stapelbar f\u00f6rvaringsl\u00e5da<\/strong>Dessa l\u00e5dor \u00e4r tillverkade av slitstark plast av h\u00f6g kvalitet och \u00e4r designade f\u00f6r l\u00e5ngvarig anv\u00e4ndning, vilket g\u00f6r dem perfekta f\u00f6r allt fr\u00e5n garagef\u00f6rvaring till organisering i hemmet.<\/p>\n<div style=\"width: 960px;\" class=\"wp-video\"><!--[if lt IE 9]><script>document.createElement('video');<\/script><![endif]-->\n<video class=\"wp-video-shortcode\" id=\"video-6742-1\" width=\"960\" height=\"540\" preload=\"metadata\" controls=\"controls\"><source type=\"video\/mp4\" src=\"https:\/\/www.vegcrates.com\/wp-content\/uploads\/2025\/04\/versatile-stackable-storage-crate-with-secure-lid.mp4?_=1\" \/><a href=\"https:\/\/www.vegcrates.com\/wp-content\/uploads\/2025\/04\/versatile-stackable-storage-crate-with-secure-lid.mp4\">https:\/\/www.vegcrates.com\/wp-content\/uploads\/2025\/04\/versatile-stackable-storage-crate-with-secure-lid.mp4<\/a><\/video><\/div>\n<p><strong>Funktioner f\u00f6r viktig f\u00f6rvaringsl\u00e5da:<\/strong><\/p>\n<ul>\n<li><strong>Platsbesparande design:<\/strong>\u00a0Stapelbara l\u00e5dor m\u00f6jligg\u00f6r effektiv anv\u00e4ndning av vertikalt utrymme, vilket hj\u00e4lper dig att maximera din f\u00f6rvaringsyta.<\/li>\n<li><strong>S\u00e4kert lock:<\/strong>\u00a0Det t\u00e4ttslutande locket skyddar dina f\u00f6rem\u00e5l fr\u00e5n damm och skr\u00e4p, vilket s\u00e4kerst\u00e4ller att allt f\u00f6rblir rent och organiserat.<\/li>\n<li><strong>Robust och h\u00e5llbar:<\/strong>\u00a0Byggd f\u00f6r att klara av daglig anv\u00e4ndning, oavsett om det g\u00e4ller s\u00e4songsbetonade dekorationer, sportutrustning eller kontorsmaterial.<\/li>\n<li><strong>L\u00e4tt att b\u00e4ra:<\/strong>\u00a0F\u00f6rst\u00e4rkta handtag g\u00f6r det enkelt att transportera din f\u00f6rvaringsl\u00e5da.<\/li>\n<li><strong>Elegant estetik:<\/strong>\u00a0En modern gr\u00e5 finish kompletterar vilken inredning som helst och f\u00f6rh\u00f6jer utseendet p\u00e5 ditt f\u00f6rvaringsutrymme.<\/li>\n<\/ul>\n<p>F\u00f6rvandla r\u00f6ran till organiserad lycka med den m\u00e5ngsidiga stapelbara f\u00f6rvaringsl\u00e5dan, den perfekta l\u00f6sningen f\u00f6r ditt hem, kontor eller garage!<\/p>","protected":false},"excerpt":{"rendered":"<p>Du kanske ocks\u00e5 \u00e4r intresserad av <a href=\"https:\/\/www.vegcrates.com\/sv\/product-category\/hopfallbar-forvaringslada\/\" target=\"_blank\" rel=\"noopener\">hopf\u00e4llbar stapell\u00e5da<\/a>,<a href=\"https:\/\/www.vegcrates.com\/sv\/product-category\/eurocontainrar\/\" target=\"_blank\" rel=\"noopener\">stapelbar f\u00f6rvaringsbeh\u00e5llare i plast<\/a><\/p>","protected":false},"featured_media":6741,"comment_status":"open","ping_status":"closed","template":"","meta":[],"product_cat":[23],"product_tag":[],"class_list":["post-6742","product","type-product","status-publish","has-post-thumbnail","hentry","product_cat-hinged-lid-containers"],"acf":[],"_links":{"self":[{"href":"https:\/\/www.vegcrates.com\/sv\/wp-json\/wp\/v2\/product\/6742","targetHints":{"allow":["GET"]}}],"collection":[{"href":"https:\/\/www.vegcrates.com\/sv\/wp-json\/wp\/v2\/product"}],"about":[{"href":"https:\/\/www.vegcrates.com\/sv\/wp-json\/wp\/v2\/types\/product"}],"replies":[{"embeddable":true,"href":"https:\/\/www.vegcrates.com\/sv\/wp-json\/wp\/v2\/comments?post=6742"}],"wp:featuredmedia":[{"embeddable":true,"href":"https:\/\/www.vegcrates.com\/sv\/wp-json\/wp\/v2\/media\/6741"}],"wp:attachment":[{"href":"https:\/\/www.vegcrates.com\/sv\/wp-json\/wp\/v2\/media?parent=6742"}],"wp:term":[{"taxonomy":"product_cat","embeddable":true,"href":"https:\/\/www.vegcrates.com\/sv\/wp-json\/wp\/v2\/product_cat?post=6742"},{"taxonomy":"product_tag","embeddable":true,"href":"https:\/\/www.vegcrates.com\/sv\/wp-json\/wp\/v2\/product_tag?post=6742"}],"curies":[{"name":"wp","href":"https:\/\/api.w.org\/{rel}","templated":true}]}}