{"id":6728,"date":"2025-04-20T06:12:30","date_gmt":"2025-04-20T06:12:30","guid":{"rendered":"https:\/\/www.vegcrates.com\/?post_type=product&#038;p=6728"},"modified":"2025-04-20T06:39:48","modified_gmt":"2025-04-20T06:39:48","slug":"large-modular-folding-storage-boxes","status":"publish","type":"product","link":"https:\/\/www.vegcrates.com\/sv\/product\/stora-modulara-hopfallbara-forvaringslador\/","title":{"rendered":"Stora modul\u00e4ra hopf\u00e4llbara f\u00f6rvaringsl\u00e5dor"},"content":{"rendered":"<p>Vi presenterar de modul\u00e4ra hopf\u00e4llbara f\u00f6rvaringsl\u00e5dorna, den ultimata f\u00f6rvaringsl\u00f6sningen f\u00f6r b\u00e5de hemmabruk och f\u00f6retag. Denna innovativa hopf\u00e4llbara l\u00e5da \u00e4r designad f\u00f6r flexibilitet och effektivitet och anpassar sig enkelt till dina f\u00f6rvaringsbehov.<\/p>\n<p><strong>Viktiga funktioner:<\/strong><\/p>\n<ul>\n<li><strong>Platsbesparande design:<\/strong>\u00a0F\u00e4lls enkelt ihop n\u00e4r den inte anv\u00e4nds, vilket m\u00f6jligg\u00f6r kompakt f\u00f6rvaring och effektiv organisation.<\/li>\n<li><strong>H\u00e5llbar konstruktion:<\/strong>\u00a0Tillverkad av h\u00f6gkvalitativa, robusta material f\u00f6r att klara tunga belastningar, vilket s\u00e4kerst\u00e4ller l\u00e5ng livsl\u00e4ngd och tillf\u00f6rlitlighet.<\/li>\n<li><strong>M\u00e5ngsidig anv\u00e4ndning:<\/strong>\u00a0Perfekt f\u00f6r allt fr\u00e5n lagerorganisering till f\u00f6rvaring i hemmet, hantverk och utomhusaktiviteter. Perfekt f\u00f6r att transportera varor s\u00e4kert.<\/li>\n<li><strong>Stapelbar:<\/strong>\u00a0Utformad f\u00f6r att staplas s\u00e4kert, vilket maximerar vertikalt utrymme f\u00f6r effektiv f\u00f6rvaring.<\/li>\n<li><strong>L\u00e4tt att reng\u00f6ra:<\/strong>\u00a0Sl\u00e4ta ytor g\u00f6r det enkelt att torka av och bibeh\u00e5lla hygienen.<\/li>\n<\/ul>","protected":false},"excerpt":{"rendered":"<p>Du kanske ocks\u00e5 \u00e4r intresserad av <a href=\"https:\/\/www.vegcrates.com\/sv\/product-category\/eurocontainrar\/\" target=\"_blank\" rel=\"noopener\">euro stapell\u00e5dor<\/a>,<a href=\"https:\/\/www.rollingcrates.com\/product-category\/folding-wagon\/\" target=\"_blank\" rel=\"noopener\">rullvagn f\u00f6r barn<\/a><\/p>","protected":false},"featured_media":6732,"comment_status":"closed","ping_status":"closed","template":"","meta":[],"product_cat":[17,25],"product_tag":[114],"class_list":["post-6728","product","type-product","status-publish","has-post-thumbnail","hentry","product_cat-collapsible-storage-crate","product_cat-vegetable-harvest-crates","product_tag-foldable-crates-for-groceries"],"acf":[],"_links":{"self":[{"href":"https:\/\/www.vegcrates.com\/sv\/wp-json\/wp\/v2\/product\/6728","targetHints":{"allow":["GET"]}}],"collection":[{"href":"https:\/\/www.vegcrates.com\/sv\/wp-json\/wp\/v2\/product"}],"about":[{"href":"https:\/\/www.vegcrates.com\/sv\/wp-json\/wp\/v2\/types\/product"}],"replies":[{"embeddable":true,"href":"https:\/\/www.vegcrates.com\/sv\/wp-json\/wp\/v2\/comments?post=6728"}],"wp:featuredmedia":[{"embeddable":true,"href":"https:\/\/www.vegcrates.com\/sv\/wp-json\/wp\/v2\/media\/6732"}],"wp:attachment":[{"href":"https:\/\/www.vegcrates.com\/sv\/wp-json\/wp\/v2\/media?parent=6728"}],"wp:term":[{"taxonomy":"product_cat","embeddable":true,"href":"https:\/\/www.vegcrates.com\/sv\/wp-json\/wp\/v2\/product_cat?post=6728"},{"taxonomy":"product_tag","embeddable":true,"href":"https:\/\/www.vegcrates.com\/sv\/wp-json\/wp\/v2\/product_tag?post=6728"}],"curies":[{"name":"wp","href":"https:\/\/api.w.org\/{rel}","templated":true}]}}