{"id":6694,"date":"2025-02-22T20:38:29","date_gmt":"2025-02-22T20:38:29","guid":{"rendered":"https:\/\/www.vegcrates.com\/?post_type=product&#038;p=6694"},"modified":"2025-04-20T06:11:56","modified_gmt":"2025-04-20T06:11:56","slug":"plastic-collapsible-crate-with-wood-effect","status":"publish","type":"product","link":"https:\/\/www.vegcrates.com\/sv\/product\/hopfallbar-plastlada-med-traeffekt\/","title":{"rendered":"Hopf\u00e4llbar plastl\u00e5da med tr\u00e4effekt"},"content":{"rendered":"<p>Uppt\u00e4ck den perfekta blandningen av funktionalitet och stil med v\u00e5r hopf\u00e4llbara l\u00e5da med tr\u00e4effekt. Denna unika f\u00f6rvaringsl\u00f6sning efterliknar den rustika charmen hos naturligt tr\u00e4 och erbjuder ett estetiskt tilltal som f\u00f6rb\u00e4ttrar vilket utrymme som helst. Dess hopf\u00e4llbara design m\u00f6jligg\u00f6r enkel upps\u00e4ttning och kompakt f\u00f6rvaring n\u00e4r den inte anv\u00e4nds. Perfekt f\u00f6r att organisera hush\u00e5llsartiklar, transportera varor eller till och med som ett dekorativt f\u00f6rem\u00e5l. V\u00e5r hopf\u00e4llbara l\u00e5da med tr\u00e4effekt \u00e4r h\u00e5llbar och m\u00e5ngsidig och ger en touch av elegans till dina dagliga f\u00f6rvaringsbehov.<\/p>\n<div style=\"width: 1170px;\" class=\"wp-video\"><!--[if lt IE 9]><script>document.createElement('video');<\/script><![endif]-->\n<video class=\"wp-video-shortcode\" id=\"video-6694-1\" width=\"1170\" height=\"663\" preload=\"metadata\" controls=\"controls\"><source type=\"video\/mp4\" src=\"https:\/\/www.vegcrates.com\/wp-content\/uploads\/2025\/02\/plastic-collapsible-crate-with-wood-effect.mp4?_=1\" \/><a href=\"https:\/\/www.vegcrates.com\/wp-content\/uploads\/2025\/02\/plastic-collapsible-crate-with-wood-effect.mp4\">https:\/\/www.vegcrates.com\/wp-content\/uploads\/2025\/02\/plastic-collapsible-crate-with-wood-effect.mp4<\/a><\/video><\/div>\n<ul>\n<li>Kan f\u00e4llas ihop och staplas f\u00f6r effektivt utrymmesutnyttjande under transport och f\u00f6rvaring<\/li>\n<li>Milj\u00f6v\u00e4nlig och 100% \u00e5tervinningsbar<\/li>\n<li>Slitstarkt polymermaterial som \u00e4r l\u00e4tt att reng\u00f6ra, resistent mot fukt, insekticider, svamp och op\u00e5verkat av syror, fetter, l\u00f6sningsmedel och lukter<\/li>\n<li>Godk\u00e4nd f\u00f6r kontakt med livsmedel<\/li>\n<li>Uppfyller europeisk standard<\/li>\n<li>Panelerna kan enkelt och tyst f\u00e4llas upp<\/li>\n<li>Har ett aktivt l\u00e5s f\u00f6r s\u00e4ker insp\u00e4rrning n\u00e4r det \u00e4r utf\u00e4llt<\/li>\n<\/ul>","protected":false},"excerpt":{"rendered":"<p>Du kanske ocks\u00e5 \u00e4r intresserad av <a href=\"https:\/\/www.vegcrates.com\/sv\/product-category\/eurocontainrar\/\" target=\"_blank\" rel=\"noopener\">eurol\u00e5dor till salu<\/a>,<a href=\"https:\/\/www.rollingcrates.com\/product-category\/folding-wagon\/\" target=\"_blank\" rel=\"noopener\">rullande vagn<\/a><\/p>","protected":false},"featured_media":6695,"comment_status":"closed","ping_status":"closed","template":"","meta":[],"product_cat":[17,25],"product_tag":[114],"class_list":["post-6694","product","type-product","status-publish","has-post-thumbnail","hentry","product_cat-collapsible-storage-crate","product_cat-vegetable-harvest-crates","product_tag-foldable-crates-for-groceries"],"acf":[],"_links":{"self":[{"href":"https:\/\/www.vegcrates.com\/sv\/wp-json\/wp\/v2\/product\/6694","targetHints":{"allow":["GET"]}}],"collection":[{"href":"https:\/\/www.vegcrates.com\/sv\/wp-json\/wp\/v2\/product"}],"about":[{"href":"https:\/\/www.vegcrates.com\/sv\/wp-json\/wp\/v2\/types\/product"}],"replies":[{"embeddable":true,"href":"https:\/\/www.vegcrates.com\/sv\/wp-json\/wp\/v2\/comments?post=6694"}],"wp:featuredmedia":[{"embeddable":true,"href":"https:\/\/www.vegcrates.com\/sv\/wp-json\/wp\/v2\/media\/6695"}],"wp:attachment":[{"href":"https:\/\/www.vegcrates.com\/sv\/wp-json\/wp\/v2\/media?parent=6694"}],"wp:term":[{"taxonomy":"product_cat","embeddable":true,"href":"https:\/\/www.vegcrates.com\/sv\/wp-json\/wp\/v2\/product_cat?post=6694"},{"taxonomy":"product_tag","embeddable":true,"href":"https:\/\/www.vegcrates.com\/sv\/wp-json\/wp\/v2\/product_tag?post=6694"}],"curies":[{"name":"wp","href":"https:\/\/api.w.org\/{rel}","templated":true}]}}