{"id":6686,"date":"2025-02-08T19:00:54","date_gmt":"2025-02-08T19:00:54","guid":{"rendered":"https:\/\/www.vegcrates.com\/?post_type=product&#038;p=6686"},"modified":"2025-10-17T14:36:21","modified_gmt":"2025-10-17T14:36:21","slug":"collapsible-harvest-crates","status":"publish","type":"product","link":"https:\/\/www.vegcrates.com\/sv\/product\/hopfallbara-skordelador\/","title":{"rendered":"hopf\u00e4llbara sk\u00f6rdel\u00e5dor"},"content":{"rendered":"<p>Effektivisera din sk\u00f6rdeprocess enkelt med v\u00e5ra hopf\u00e4llbara sk\u00f6rdel\u00e5dor. Vi presenterar v\u00e5ra hopf\u00e4llbara sk\u00f6rdel\u00e5dor, den perfekta l\u00f6sningen f\u00f6r alla dina sk\u00f6rdebehov. Dessa l\u00e5dor \u00e4r utformade f\u00f6r b\u00e5de bekv\u00e4mlighet och h\u00e5llbarhet och \u00e4r ett viktigt verktyg f\u00f6r tr\u00e4dg\u00e5rdsm\u00e4stare, lantbrukare och alla som \u00e4r involverade i jordbruket.<\/p>\n<div style=\"width: 1170px;\" class=\"wp-video\"><!--[if lt IE 9]><script>document.createElement('video');<\/script><![endif]-->\n<video class=\"wp-video-shortcode\" id=\"video-6686-1\" width=\"1170\" height=\"658\" preload=\"metadata\" controls=\"controls\"><source type=\"video\/mp4\" src=\"https:\/\/www.vegcrates.com\/wp-content\/uploads\/2025\/02\/collapsible-harvest-crates.mp4?_=1\" \/><a href=\"https:\/\/www.vegcrates.com\/wp-content\/uploads\/2025\/02\/collapsible-harvest-crates.mp4\">https:\/\/www.vegcrates.com\/wp-content\/uploads\/2025\/02\/collapsible-harvest-crates.mp4<\/a><\/video><\/div>\n<p>Det som utm\u00e4rker v\u00e5r produkt \u00e4r dess hopf\u00e4llbara design. Dessa sk\u00f6rdel\u00e5dor kan enkelt f\u00e4llas ihop n\u00e4r de inte anv\u00e4nds, vilket sparar v\u00e4rdefullt f\u00f6rvaringsutrymme. Trots sin l\u00e4tta design \u00e4r dessa l\u00e5dor robusta och stadiga och kan rymma en betydande m\u00e4ngd produkter utan att kompromissa med stabiliteten.<\/p>\n<p>V\u00e5ra hopf\u00e4llbara sk\u00f6rdel\u00e5dor \u00e4r tillverkade av h\u00f6gkvalitativa, milj\u00f6v\u00e4nliga material, vilket s\u00e4kerst\u00e4ller att de t\u00e5l p\u00e5frestningarna vid utomhusbruk. De \u00e4r v\u00e4derbest\u00e4ndiga och l\u00e4tta att reng\u00f6ra, vilket g\u00f6r dem till ett utm\u00e4rkt val f\u00f6r transport av f\u00e4rsk frukt, gr\u00f6nsaker och andra sk\u00f6rdade varor.<\/p>\n<p>Det som skiljer v\u00e5ra l\u00e5dor fr\u00e5n m\u00e4ngden \u00e4r deras m\u00e5ngsidighet. Oavsett om du plockar \u00e4pplen i en frukttr\u00e4dg\u00e5rd, samlar gr\u00f6nsaker i din tr\u00e4dg\u00e5rd eller samlar blommor till en bukett, klarar dessa l\u00e5dor allt. Deras \u00f6ppna design m\u00f6jligg\u00f6r optimal luftcirkulation, vilket h\u00e5ller din sk\u00f6rd f\u00e4rsk och minskar risken f\u00f6r f\u00f6rst\u00f6ring.<\/p>\n<p>Storleksm\u00e4ssigt \u00e4r dessa l\u00e5dor rymliga nog att b\u00e4ra en stor sk\u00f6rd, men \u00e4nd\u00e5 tillr\u00e4ckligt kompakta f\u00f6r enkel hantering. Dessutom g\u00f6r deras bekv\u00e4ma handtag det l\u00e4ttare att b\u00e4ra tunga laster.<\/p>\n<p>Investera i v\u00e5r hopf\u00e4llbara sk\u00f6rdel\u00e5da och g\u00f6r din sk\u00f6rdeprocess mer effektiv och organiserad. Med sin starka konstruktion, enkla f\u00f6rvaring och m\u00e5ngsidiga anv\u00e4ndning \u00e4r dessa l\u00e5dor den ultimata f\u00f6ljeslagaren f\u00f6r dina sk\u00f6rdeuppgifter. Best\u00e4ll din idag och upplev skillnaden!<\/p>","protected":false},"excerpt":{"rendered":"<p>Du kanske ocks\u00e5 \u00e4r intresserad av <a href=\"https:\/\/www.vegcrates.com\/sv\/product-category\/eurocontainrar\/\" target=\"_blank\" rel=\"noopener\">staplingsbara eurol\u00e5dor till salu<\/a>,<a href=\"https:\/\/www.dollymoving.com\/product-category\/casters-and-wheels\/\">hjul och hjul<\/a><\/p>","protected":false},"featured_media":6688,"comment_status":"closed","ping_status":"closed","template":"","meta":[],"product_cat":[17,25],"product_tag":[114],"class_list":["post-6686","product","type-product","status-publish","has-post-thumbnail","hentry","product_cat-collapsible-storage-crate","product_cat-vegetable-harvest-crates","product_tag-foldable-crates-for-groceries"],"acf":[],"_links":{"self":[{"href":"https:\/\/www.vegcrates.com\/sv\/wp-json\/wp\/v2\/product\/6686","targetHints":{"allow":["GET"]}}],"collection":[{"href":"https:\/\/www.vegcrates.com\/sv\/wp-json\/wp\/v2\/product"}],"about":[{"href":"https:\/\/www.vegcrates.com\/sv\/wp-json\/wp\/v2\/types\/product"}],"replies":[{"embeddable":true,"href":"https:\/\/www.vegcrates.com\/sv\/wp-json\/wp\/v2\/comments?post=6686"}],"wp:featuredmedia":[{"embeddable":true,"href":"https:\/\/www.vegcrates.com\/sv\/wp-json\/wp\/v2\/media\/6688"}],"wp:attachment":[{"href":"https:\/\/www.vegcrates.com\/sv\/wp-json\/wp\/v2\/media?parent=6686"}],"wp:term":[{"taxonomy":"product_cat","embeddable":true,"href":"https:\/\/www.vegcrates.com\/sv\/wp-json\/wp\/v2\/product_cat?post=6686"},{"taxonomy":"product_tag","embeddable":true,"href":"https:\/\/www.vegcrates.com\/sv\/wp-json\/wp\/v2\/product_tag?post=6686"}],"curies":[{"name":"wp","href":"https:\/\/api.w.org\/{rel}","templated":true}]}}