{"id":6654,"date":"2023-11-26T09:03:31","date_gmt":"2023-11-26T09:03:31","guid":{"rendered":"https:\/\/www.vegcrates.com\/?post_type=product&#038;p=6654"},"modified":"2026-03-03T11:52:28","modified_gmt":"2026-03-03T11:52:28","slug":"grape-harvest-bins-grape-harvest-bins-for-sale","status":"publish","type":"product","link":"https:\/\/www.vegcrates.com\/sv\/product\/skordebehallare-for-druvor-skordebehallare-for-druvor-till-salu\/","title":{"rendered":"Druvsk\u00f6rdsl\u00e5dor, druvsk\u00f6rdsl\u00e5dor till salu"},"content":{"rendered":"<p>Introducing our Plastic Grape Harvest Bins \u2013 the pinnacle of functionality and durability designed to meet the rigorous demands of grape harvesting and transportation. Crafted with the vineyard&#8217;s needs in mind, these bins are engineered to preserve the integrity of your grape harvest and simplify the logistics of the picking process.<\/p>\n<p>Plastbeh\u00e5llare f\u00f6r jordbruk \u00e4r fuktt\u00e4ta, m\u00f6gelt\u00e4ta, inga spikar, inga taggar, inga skadedjur, flagnande, \u00e5tervinningsbara, s\u00e4kerhet och h\u00e4lsa etc.<\/p>\n<p><strong>Robust konstruktion:<\/strong><\/p>\n<p>V\u00e5ra sk\u00f6rdebeh\u00e5llare f\u00f6r druvor \u00e4r byggda f\u00f6r att klara ving\u00e5rdens utmaningar. Tillverkade av h\u00e5llbar, livsmedelsgodk\u00e4nd plast, ger dessa beh\u00e5llare en robust och skyddande milj\u00f6 f\u00f6r dina \u00f6mt\u00e5liga druvklasar.<\/p>\n<p><strong>Optimal ventilation:<\/strong><\/p>\n<p>Beh\u00e5llarna har en perforerad design f\u00f6r att s\u00e4kerst\u00e4lla optimal luftcirkulation runt druvorna. Denna ventilation fr\u00e4mjar j\u00e4mn mogning och f\u00f6rhindrar ansamling av fukt, vilket minskar risken f\u00f6r m\u00f6gel eller r\u00f6ta.<\/p>\n<p><strong>Gener\u00f6s kapacitet:<\/strong><\/p>\n<p>Med gott om utrymme f\u00f6r en betydande druvsk\u00f6rd \u00e4r dessa silor utformade f\u00f6r att effektivisera sk\u00f6rdeprocessen. Den gener\u00f6sa kapaciteten minimerar behovet av frekvent lossning, vilket g\u00f6r att ditt team kan fokusera p\u00e5 sk\u00f6rden.<\/p>\n<p><strong>Stapelbar design:<\/strong><\/p>\n<p>Den stapelbara konfigurationen av v\u00e5ra beh\u00e5llare optimerar f\u00f6rvaringsutrymmet, b\u00e5de i f\u00e4lt och under transport. Sammankopplingssystemet s\u00e4kerst\u00e4ller stabilitet vid stapling, vilket underl\u00e4ttar snygg och organiserad f\u00f6rvaring.<\/p>\n<p><strong>L\u00e4tt att reng\u00f6ra:<\/strong><\/p>\n<p>Sl\u00e4ta ytor och rundade h\u00f6rn g\u00f6r reng\u00f6ring och desinficering av dessa beh\u00e5llare till en enkel uppgift, vilket bibeh\u00e5ller hygienen och kvaliteten p\u00e5 din sk\u00f6rd.<\/p>\n<div style=\"width: 960px;\" class=\"wp-video\"><!--[if lt IE 9]><script>document.createElement('video');<\/script><![endif]-->\n<video class=\"wp-video-shortcode\" id=\"video-6654-1\" width=\"960\" height=\"540\" preload=\"metadata\" controls=\"controls\"><source type=\"video\/mp4\" src=\"https:\/\/www.vegcrates.com\/wp-content\/uploads\/2023\/11\/grape-harvest-bins.mp4?_=1\" \/><a href=\"https:\/\/www.vegcrates.com\/wp-content\/uploads\/2023\/11\/grape-harvest-bins.mp4\">https:\/\/www.vegcrates.com\/wp-content\/uploads\/2023\/11\/grape-harvest-bins.mp4<\/a><\/video><\/div>\n<dl class=\"do-entry-item\">\n<dt class=\"do-entry-item\"><span class=\"attr-name J-attr-name\" title=\"Design\"><strong>Design<\/strong>:<\/span><\/dt>\n<dd class=\"do-entry-item-val\">\n<div class=\"text-ellipsis\" title=\"4-v\u00e4gs\u00e5tkomst\">4-v\u00e4gs\u00e5tkomst<\/div>\n<\/dd>\n<\/dl>\n<dl class=\"do-entry-item\">\n<dt class=\"do-entry-item\"><span class=\"attr-name J-attr-name\" title=\"statisk belastning\"><strong>statisk belastning<\/strong>:<\/span><\/dt>\n<dd class=\"do-entry-item-val\">\n<div class=\"text-ellipsis\" title=\"4T\">4T<\/div>\n<\/dd>\n<\/dl>\n<dl class=\"do-entry-item\">\n<dt class=\"do-entry-item\"><span class=\"attr-name J-attr-name\" title=\"dynamisk belastning\"><strong>dynamisk belastning<\/strong>:<\/span><\/dt>\n<dd class=\"do-entry-item-val\">\n<div class=\"text-ellipsis\" title=\"1T\">1T<\/div>\n<\/dd>\n<\/dl>\n<p><strong>Detalj av denna sk\u00f6rdebeh\u00e5llare f\u00f6r gr\u00f6nsaker<\/strong><\/p>\n<p><img loading=\"lazy\" decoding=\"async\" class=\"alignnone wp-image-6589 size-full\" src=\"https:\/\/www.vegcrates.com\/wp-content\/uploads\/2022\/02\/plastic-agricultural-bins-detail-a.jpg\" alt=\"sk\u00f6rdebeh\u00e5llare\" width=\"672\" height=\"1176\" srcset=\"https:\/\/www.vegcrates.com\/wp-content\/uploads\/2022\/02\/plastic-agricultural-bins-detail-a.jpg 672w, https:\/\/www.vegcrates.com\/wp-content\/uploads\/2022\/02\/plastic-agricultural-bins-detail-a-171x300.jpg 171w, https:\/\/www.vegcrates.com\/wp-content\/uploads\/2022\/02\/plastic-agricultural-bins-detail-a-585x1024.jpg 585w, https:\/\/www.vegcrates.com\/wp-content\/uploads\/2022\/02\/plastic-agricultural-bins-detail-a-600x1050.jpg 600w\" sizes=\"auto, (max-width: 672px) 100vw, 672px\" \/><\/p>\n<p><img loading=\"lazy\" decoding=\"async\" class=\"alignnone size-full wp-image-6588\" src=\"https:\/\/www.vegcrates.com\/wp-content\/uploads\/2022\/02\/plastic-agricultural-bins-detail-b.jpg\" alt=\"sk\u00f6rdek\u00e4rl till salu\" width=\"672\" height=\"864\" srcset=\"https:\/\/www.vegcrates.com\/wp-content\/uploads\/2022\/02\/plastic-agricultural-bins-detail-b.jpg 672w, https:\/\/www.vegcrates.com\/wp-content\/uploads\/2022\/02\/plastic-agricultural-bins-detail-b-233x300.jpg 233w, https:\/\/www.vegcrates.com\/wp-content\/uploads\/2022\/02\/plastic-agricultural-bins-detail-b-600x771.jpg 600w\" sizes=\"auto, (max-width: 672px) 100vw, 672px\" \/><\/p>\n<p><img loading=\"lazy\" decoding=\"async\" class=\"alignnone size-full wp-image-6587\" src=\"https:\/\/www.vegcrates.com\/wp-content\/uploads\/2022\/02\/plastic-agricultural-bins-detail-c.jpg\" alt=\"sk\u00f6rdek\u00e4rl till salu\" width=\"672\" height=\"1016\" srcset=\"https:\/\/www.vegcrates.com\/wp-content\/uploads\/2022\/02\/plastic-agricultural-bins-detail-c.jpg 672w, https:\/\/www.vegcrates.com\/wp-content\/uploads\/2022\/02\/plastic-agricultural-bins-detail-c-198x300.jpg 198w, https:\/\/www.vegcrates.com\/wp-content\/uploads\/2022\/02\/plastic-agricultural-bins-detail-c-600x907.jpg 600w\" sizes=\"auto, (max-width: 672px) 100vw, 672px\" \/><\/p>\n<p><strong>sk\u00f6rdebeh\u00e5llare av plast<\/strong> finns i flera storlekar och modeller f\u00f6r plockning, bearbetning och transport av sm\u00e5 frukter och gr\u00f6nsaker som jordgubbar eller sparris.<\/p>\n<dl class=\"do-entry-item\">\n<dd class=\"do-entry-item-val\">\n<div title=\"1T\"><\/div>\n<\/dd>\n<\/dl>","protected":false},"excerpt":{"rendered":"<p>Du kanske ocks\u00e5 \u00e4r intresserad av <a href=\"https:\/\/www.vegcrates.com\/sv\/product-category\/hopfallbar-forvaringslada\/\" target=\"_blank\" rel=\"noopener\">hopf\u00e4llbara plastl\u00e5dor<\/a>\u00a0, <a href=\"https:\/\/www.ph-teststrips.com\/product-category\/ph-strip-tester\/\" target=\"_blank\" rel=\"noopener\">pH-testremsor f\u00f6r vatten<\/a>, <a href=\"https:\/\/www.ahotech.com\/product-category\/lithium-thionyl-chloride-li-socl2-battery\/\" target=\"_blank\" rel=\"noopener\">3,6 vc-cells litiumbatteri<\/a>,<a href=\"https:\/\/www.vegcrates.com\/sv\/product-category\/eurocontainrar\/\" target=\"_blank\" rel=\"noopener\">eurobeh\u00e5llare med g\u00e5ngj\u00e4rnslock<\/a><\/p>","protected":false},"featured_media":6665,"comment_status":"closed","ping_status":"closed","template":"","meta":[],"product_cat":[25],"product_tag":[114],"class_list":["post-6654","product","type-product","status-publish","has-post-thumbnail","hentry","product_cat-vegetable-harvest-crates","product_tag-foldable-crates-for-groceries"],"acf":[],"_links":{"self":[{"href":"https:\/\/www.vegcrates.com\/sv\/wp-json\/wp\/v2\/product\/6654","targetHints":{"allow":["GET"]}}],"collection":[{"href":"https:\/\/www.vegcrates.com\/sv\/wp-json\/wp\/v2\/product"}],"about":[{"href":"https:\/\/www.vegcrates.com\/sv\/wp-json\/wp\/v2\/types\/product"}],"replies":[{"embeddable":true,"href":"https:\/\/www.vegcrates.com\/sv\/wp-json\/wp\/v2\/comments?post=6654"}],"wp:featuredmedia":[{"embeddable":true,"href":"https:\/\/www.vegcrates.com\/sv\/wp-json\/wp\/v2\/media\/6665"}],"wp:attachment":[{"href":"https:\/\/www.vegcrates.com\/sv\/wp-json\/wp\/v2\/media?parent=6654"}],"wp:term":[{"taxonomy":"product_cat","embeddable":true,"href":"https:\/\/www.vegcrates.com\/sv\/wp-json\/wp\/v2\/product_cat?post=6654"},{"taxonomy":"product_tag","embeddable":true,"href":"https:\/\/www.vegcrates.com\/sv\/wp-json\/wp\/v2\/product_tag?post=6654"}],"curies":[{"name":"wp","href":"https:\/\/api.w.org\/{rel}","templated":true}]}}