{"id":6620,"date":"2023-05-18T19:27:54","date_gmt":"2023-05-18T19:27:54","guid":{"rendered":"https:\/\/www.vegcrates.com\/?post_type=product&#038;p=6620"},"modified":"2025-02-23T04:50:12","modified_gmt":"2025-02-23T04:50:12","slug":"plastic-supermarket-crates-for-fruit-and-vegetable-6431","status":"publish","type":"product","link":"https:\/\/www.vegcrates.com\/sv\/product\/plastlador-for-frukt-och-gronsaker-i-stormarknader-6431\/","title":{"rendered":"Plastl\u00e5dor f\u00f6r frukt och gr\u00f6nsaker i stormarknader 6431"},"content":{"rendered":"<p>Plastl\u00e5dor f\u00f6r frukt och gr\u00f6nsaker i stormarknader finns i flera storlekar och stilar f\u00f6r plockning, bearbetning och transport av sm\u00e5 frukter och gr\u00f6nsaker som jordgubbar eller sparris.<\/p>\n<p><strong>Funktioner och f\u00f6rdelar<\/strong><\/p>\n<ul>\n<li>Tillverkad av FDA-kompatibla material<\/li>\n<li>T\u00e5l exponering f\u00f6r solljus och kylprocesser; motst\u00e5r st\u00f6tar och fukt; splittras inte, ruttnar inte eller absorberar lukter<\/li>\n<li>L\u00e4ttst\u00e4dade interi\u00f6rer<\/li>\n<li>Stapla n\u00e4r den \u00e4r laddad, n\u00e4stla n\u00e4r den \u00e4r tom f\u00f6r att spara plats<\/li>\n<li>Ventilerade konstruktioner f\u00f6r snabb kylning, temperaturkontroll och dr\u00e4nering<\/li>\n<li>Anv\u00e4nd vid temperaturer p\u00e5 -20\u02da till 120\u02da F<\/li>\n<li>Anpassnings- och identifieringsalternativ tillg\u00e4ngliga<\/li>\n<li>T\u00e4cks av en ett\u00e5rig begr\u00e4nsad garanti<\/li>\n<li>100% \u00e5tervinningsbar HDPE<\/li>\n<\/ul>","protected":false},"excerpt":{"rendered":"<p>Du kanske ocks\u00e5 \u00e4r intresserad av <a href=\"https:\/\/www.vegcrates.com\/sv\/product-category\/hopfallbar-forvaringslada\/\" target=\"_blank\" rel=\"noopener\">hopf\u00e4llbar plastf\u00f6rvaringsbeh\u00e5llare<\/a>,<a href=\"https:\/\/www.vegcrates.com\/sv\/product-category\/eurocontainrar\/\" target=\"_blank\" rel=\"noopener\">Eurobeh\u00e5llare med g\u00e5ngj\u00e4rnslock<\/a>, <a href=\"https:\/\/www.plastic-crate.co.uk\/product-category\/plastic-trays\/\" target=\"_blank\" rel=\"noopener\">pasta torkbricka<\/a><\/p>","protected":false},"featured_media":6625,"comment_status":"closed","ping_status":"closed","template":"","meta":[],"product_cat":[25],"product_tag":[86,87,85],"class_list":["post-6620","product","type-product","status-publish","has-post-thumbnail","hentry","product_cat-vegetable-harvest-crates","product_tag-bale-arm-tray","product_tag-plastic-vegetable-and-fruit-crate","product_tag-plastic-vegetable-basket"],"acf":[],"_links":{"self":[{"href":"https:\/\/www.vegcrates.com\/sv\/wp-json\/wp\/v2\/product\/6620","targetHints":{"allow":["GET"]}}],"collection":[{"href":"https:\/\/www.vegcrates.com\/sv\/wp-json\/wp\/v2\/product"}],"about":[{"href":"https:\/\/www.vegcrates.com\/sv\/wp-json\/wp\/v2\/types\/product"}],"replies":[{"embeddable":true,"href":"https:\/\/www.vegcrates.com\/sv\/wp-json\/wp\/v2\/comments?post=6620"}],"wp:featuredmedia":[{"embeddable":true,"href":"https:\/\/www.vegcrates.com\/sv\/wp-json\/wp\/v2\/media\/6625"}],"wp:attachment":[{"href":"https:\/\/www.vegcrates.com\/sv\/wp-json\/wp\/v2\/media?parent=6620"}],"wp:term":[{"taxonomy":"product_cat","embeddable":true,"href":"https:\/\/www.vegcrates.com\/sv\/wp-json\/wp\/v2\/product_cat?post=6620"},{"taxonomy":"product_tag","embeddable":true,"href":"https:\/\/www.vegcrates.com\/sv\/wp-json\/wp\/v2\/product_tag?post=6620"}],"curies":[{"name":"wp","href":"https:\/\/api.w.org\/{rel}","templated":true}]}}