{"id":6612,"date":"2023-05-18T18:56:15","date_gmt":"2023-05-18T18:56:15","guid":{"rendered":"https:\/\/www.vegcrates.com\/?post_type=product&#038;p=6612"},"modified":"2023-05-18T22:12:52","modified_gmt":"2023-05-18T22:12:52","slug":"folding-storage-crates-6426","status":"publish","type":"product","link":"https:\/\/www.vegcrates.com\/sv\/product\/hopfallbara-forvaringslador-6426\/","title":{"rendered":"Hopf\u00e4llbara f\u00f6rvaringsl\u00e5dor 6426"},"content":{"rendered":"<p>Hopf\u00e4llbara f\u00f6rvaringsl\u00e5dor tillverkade av 100% jungfrulig PP, \u00e4r \u00e4ven k\u00e4nda som hopf\u00e4llbara l\u00e5dor och kan staplas och vikas ihop.<\/p>\n<p>Det har anv\u00e4nts i stor utstr\u00e4ckning i utl\u00e4ndska stormarknader, 24-timmars n\u00e4rbutiker, stora distributionscentraler, varuhus, livsmedelsf\u00f6r\u00e4dling etc.<\/p>\n<p>De\u00a0<strong>hopf\u00e4llbara f\u00f6rvaringsl\u00e5dor<\/strong>\u00a0\u00e4r robusta och dess praktiska design g\u00f6r att de kan f\u00e4llas ihop praktiskt taget platt n\u00e4r de inte anv\u00e4nds, vilket sparar mycket plats. Tack vare sin l\u00e5ga vikt, platsbesparande och enkla montering erbjuder de:<\/p>\n<p style=\"box-sizing: border-box; margin: 0px 0px 10px; color: #222222; font-family: 'Helvetica Neue', Helvetica, Arial, sans-serif; font-size: 14px;\">\u2022 vikbara plastl\u00e5dor minskar kostnaderna inom omv\u00e4nd logistik<br style=\"box-sizing: border-box;\" \/>\u2022 Helt ventilerad design f\u00f6r b\u00e4ttre ventilation<br style=\"box-sizing: border-box;\" \/>\u2022 Minska avfall till deponier j\u00e4mf\u00f6rt med kartong<br style=\"box-sizing: border-box;\" \/>\u2022 100% \u00e5tervinningsbar \u2013 inget avfallshantering i livsmedelsbutiken<br style=\"box-sizing: border-box;\" \/>\u2022 F\u00f6renklar din logistikprocess<\/p>","protected":false},"excerpt":{"rendered":"<p>Du kanske ocks\u00e5 \u00e4r intresserad av <a href=\"https:\/\/www.vegcrates.com\/sv\/product-category\/eurocontainrar\/\" target=\"_blank\" rel=\"noopener\">gr\u00e5 eurocontainrar<\/a>,<a href=\"https:\/\/www.vegcrates.com\/sv\/product-category\/skordslador-for-gronsaker\/\" target=\"_blank\" rel=\"noopener\">plastn\u00e4tbeh\u00e5llare<\/a>, <a href=\"https:\/\/www.plastic-crate.co.uk\/product-category\/plastic-trays\/\" target=\"_blank\" rel=\"noopener\">pasta torkbricka<\/a><\/p>","protected":false},"featured_media":6615,"comment_status":"closed","ping_status":"closed","template":"","meta":[],"product_cat":[17],"product_tag":[],"class_list":["post-6612","product","type-product","status-publish","has-post-thumbnail","hentry","product_cat-collapsible-storage-crate"],"acf":[],"_links":{"self":[{"href":"https:\/\/www.vegcrates.com\/sv\/wp-json\/wp\/v2\/product\/6612","targetHints":{"allow":["GET"]}}],"collection":[{"href":"https:\/\/www.vegcrates.com\/sv\/wp-json\/wp\/v2\/product"}],"about":[{"href":"https:\/\/www.vegcrates.com\/sv\/wp-json\/wp\/v2\/types\/product"}],"replies":[{"embeddable":true,"href":"https:\/\/www.vegcrates.com\/sv\/wp-json\/wp\/v2\/comments?post=6612"}],"wp:featuredmedia":[{"embeddable":true,"href":"https:\/\/www.vegcrates.com\/sv\/wp-json\/wp\/v2\/media\/6615"}],"wp:attachment":[{"href":"https:\/\/www.vegcrates.com\/sv\/wp-json\/wp\/v2\/media?parent=6612"}],"wp:term":[{"taxonomy":"product_cat","embeddable":true,"href":"https:\/\/www.vegcrates.com\/sv\/wp-json\/wp\/v2\/product_cat?post=6612"},{"taxonomy":"product_tag","embeddable":true,"href":"https:\/\/www.vegcrates.com\/sv\/wp-json\/wp\/v2\/product_tag?post=6612"}],"curies":[{"name":"wp","href":"https:\/\/api.w.org\/{rel}","templated":true}]}}