{"id":6512,"date":"2021-06-23T00:50:16","date_gmt":"2021-06-23T00:50:16","guid":{"rendered":"https:\/\/www.vegcrates.com\/?post_type=product&#038;p=6512"},"modified":"2025-03-27T11:01:03","modified_gmt":"2025-03-27T11:01:03","slug":"folding-vegetable-crates","status":"publish","type":"product","link":"https:\/\/www.vegcrates.com\/sv\/product\/hopfallbara-gronsakslador\/","title":{"rendered":"Hopf\u00e4llbara gr\u00f6nsaksl\u00e5dor, Hopf\u00e4llbara l\u00e5dor f\u00f6r matvaror"},"content":{"rendered":"<div style=\"width: 960px;\" class=\"wp-video\"><!--[if lt IE 9]><script>document.createElement('video');<\/script><![endif]-->\n<video class=\"wp-video-shortcode\" id=\"video-6512-1\" width=\"960\" height=\"540\" preload=\"metadata\" controls=\"controls\"><source type=\"video\/mp4\" src=\"https:\/\/www.vegcrates.com\/wp-content\/uploads\/2021\/06\/folding-vegetable-crates.mp4?_=1\" \/><a href=\"https:\/\/www.vegcrates.com\/wp-content\/uploads\/2021\/06\/folding-vegetable-crates.mp4\">https:\/\/www.vegcrates.com\/wp-content\/uploads\/2021\/06\/folding-vegetable-crates.mp4<\/a><\/video><\/div>\n<p>&nbsp;<\/p>\n<table class=\"table table-bordered\">\n<tbody>\n<tr>\n<td colspan=\"2\" rowspan=\"1\">\n<div class=\"magic-5\" data-spm-anchor-id=\"a2700.wholesale.0.i28.6ec52b1clrcZLq\">\n<div class=\"magic-6\" data-spm-anchor-id=\"0.0.0.i25.47de4f05nhNpC9\"><span class=\"magic-7\" data-spm-anchor-id=\"a2700.pc-decorate.0.i14.39f83333ChPpDi\"><b>Produktparametrar<\/b><\/span><\/div>\n<\/div>\n<\/td>\n<\/tr>\n<tr>\n<td colspan=\"1\" rowspan=\"1\">\n<div class=\"magic-10\">Produktnamn<\/div>\n<\/td>\n<td colspan=\"1\" rowspan=\"1\">\n<div class=\"magic-11\">G\u00c5 MED I ZD64220<\/div>\n<\/td>\n<\/tr>\n<tr>\n<td colspan=\"1\" rowspan=\"1\">\n<div class=\"magic-10\">Volym<\/div>\n<\/td>\n<td colspan=\"1\" rowspan=\"1\">\n<div class=\"magic-11\">41L<\/div>\n<\/td>\n<\/tr>\n<tr>\n<td colspan=\"1\" rowspan=\"1\">\n<div class=\"magic-12\">Ytterstorlek<\/div>\n<\/td>\n<td colspan=\"1\" rowspan=\"1\">\n<div class=\"magic-11\">600*400*220mm<\/div>\n<\/td>\n<\/tr>\n<tr>\n<td colspan=\"1\" rowspan=\"1\">\n<div class=\"magic-10\">Vikbar storlek<\/div>\n<\/td>\n<td colspan=\"1\" rowspan=\"1\">\n<div class=\"magic-11\" data-spm-anchor-id=\"a2700.wholesale.0.i22.6ec52b1clrcZLq\">600*400*48mm<\/div>\n<\/td>\n<\/tr>\n<tr>\n<td colspan=\"1\" rowspan=\"1\">\n<div class=\"magic-10\">Hopf\u00e4llbar h\u00f6jd<\/div>\n<\/td>\n<td colspan=\"1\" rowspan=\"1\">\n<div class=\"magic-11\">48 mm<\/div>\n<\/td>\n<\/tr>\n<tr>\n<td colspan=\"1\" rowspan=\"1\">\n<div class=\"magic-10\">Material<\/div>\n<\/td>\n<td colspan=\"1\" rowspan=\"1\">\n<div class=\"magic-11\">PP<\/div>\n<\/td>\n<\/tr>\n<tr>\n<td colspan=\"1\" rowspan=\"1\">\n<div class=\"magic-10\">F\u00e4rger<\/div>\n<\/td>\n<td colspan=\"1\" rowspan=\"1\">\n<div class=\"magic-11\">Bl\u00e5gr\u00f6n anpassning<\/div>\n<\/td>\n<\/tr>\n<tr>\n<td colspan=\"1\" rowspan=\"1\">\n<div class=\"magic-10\">Lastkapacitet<\/div>\n<\/td>\n<td colspan=\"1\" rowspan=\"1\">\n<div class=\"magic-11\">\u226420 kg<\/div>\n<\/td>\n<\/tr>\n<tr>\n<td colspan=\"1\" rowspan=\"1\">\n<div class=\"magic-12\">Staplingskapacitet<\/div>\n<\/td>\n<td colspan=\"1\" rowspan=\"1\">\n<div class=\"magic-11\">\u2264100 kg<\/div>\n<\/td>\n<\/tr>\n<tr>\n<td colspan=\"1\" rowspan=\"1\">\n<div class=\"magic-12\">20&#039;GP<\/div>\n<\/td>\n<td colspan=\"1\" rowspan=\"1\">\n<div class=\"magic-11\">2500 st<\/div>\n<\/td>\n<\/tr>\n<tr>\n<td colspan=\"1\" rowspan=\"1\">\n<div class=\"magic-12\">40&#039;GP<\/div>\n<\/td>\n<td colspan=\"1\" rowspan=\"1\">\n<div class=\"magic-11\">5000 st<\/div>\n<\/td>\n<\/tr>\n<\/tbody>\n<\/table>\n<p>&nbsp;<\/p>\n<p>&nbsp;<\/p>\n<div class=\"table-responsive\">\n<table class=\"table table-bordered\">\n<tbody>\n<tr>\n<td colspan=\"5\" rowspan=\"1\">\n<div class=\"magic-57\">\n<div class=\"magic-6\" data-spm-anchor-id=\"0.0.0.i48.47de4f05sUjxmC\"><b><span class=\"magic-7\" data-spm-anchor-id=\"0.0.0.i47.47de4f05sUjxmC\">ALLA tillg\u00e4ngliga dimensioner<\/span><\/b><\/div>\n<\/div>\n<\/td>\n<\/tr>\n<tr>\n<td colspan=\"1\" rowspan=\"1\">\n<div class=\"magic-60\">\n<div class=\"magic-61\" data-spm-anchor-id=\"0.0.0.i14.47de4f05sUjxmC\">Produktnummer<\/div>\n<\/div>\n<\/td>\n<td colspan=\"1\" rowspan=\"1\">\n<div class=\"magic-62\">\n<div class=\"magic-6\" data-spm-anchor-id=\"0.0.0.i12.47de4f05sUjxmC\">Volym<\/div>\n<\/div>\n<\/td>\n<td colspan=\"1\" rowspan=\"1\">\n<div class=\"magic-62\">\n<div class=\"magic-6\" data-spm-anchor-id=\"0.0.0.i76.47de4f05sUjxmC\">Ytterstorlek<\/div>\n<\/div>\n<\/td>\n<td colspan=\"1\" rowspan=\"1\">\n<div class=\"magic-62\">\n<div class=\"magic-6\" data-spm-anchor-id=\"0.0.0.i34.47de4f05sUjxmC\">Vikstorlek<\/div>\n<\/div>\n<\/td>\n<td colspan=\"1\" rowspan=\"1\">\n<div class=\"magic-63\">\n<div class=\"magic-6\">Enkelvikt<\/div>\n<\/div>\n<\/td>\n<\/tr>\n<tr>\n<td colspan=\"1\" rowspan=\"1\">\n<div class=\"magic-60\">\n<div class=\"magic-61\" data-spm-anchor-id=\"0.0.0.i62.47de4f05sUjxmC\">G\u00c5 MED I ZD64220<\/div>\n<\/div>\n<\/td>\n<td colspan=\"1\" rowspan=\"1\">\n<div class=\"magic-62\">\n<div class=\"magic-6\" data-spm-anchor-id=\"a2700.pc-decorate.0.i139.3abb3333TIRZpF\">41L<\/div>\n<\/div>\n<\/td>\n<td colspan=\"1\" rowspan=\"1\">\n<div class=\"magic-62\">\n<div class=\"magic-6\" data-spm-anchor-id=\"a2700.pc-decorate.0.i142.3abb3333TIRZpF\">600*400*220mm<\/div>\n<\/div>\n<\/td>\n<td colspan=\"1\" rowspan=\"1\">\n<div class=\"magic-62\">\n<div class=\"magic-6\" data-spm-anchor-id=\"a2700.pc-decorate.0.i146.3abb3333TIRZpF\">600*400*48mm<\/div>\n<\/div>\n<\/td>\n<td colspan=\"1\" rowspan=\"1\">\n<div class=\"magic-63\">\n<div class=\"magic-6\" data-spm-anchor-id=\"a2700.pc-decorate.0.i147.3abb3333TIRZpF\">2,1 kg \u00b12%<\/div>\n<\/div>\n<\/td>\n<\/tr>\n<tr>\n<td colspan=\"1\" rowspan=\"1\">\n<div class=\"magic-60\">\n<div class=\"magic-61\" data-spm-anchor-id=\"a2700.custom-template.0.i23.e62133334T37Q0\">G\u00c5 MED I ZD64255<\/div>\n<\/div>\n<\/td>\n<td colspan=\"1\" rowspan=\"1\">\n<div class=\"magic-62\">\n<div class=\"magic-6\" data-spm-anchor-id=\"a2700.pc-decorate.0.i140.3abb3333TIRZpF\">50 liter<\/div>\n<\/div>\n<\/td>\n<td colspan=\"1\" rowspan=\"1\">\n<div class=\"magic-62\">\n<div class=\"magic-6\" data-spm-anchor-id=\"a2700.pc-decorate.0.i144.3abb3333TIRZpF\">600*400*255 mm<\/div>\n<\/div>\n<\/td>\n<td colspan=\"1\" rowspan=\"1\">\n<div class=\"magic-62\">\n<div class=\"magic-6\" data-spm-anchor-id=\"0.0.0.i79.47de4f05sUjxmC\">600*400*80mm<\/div>\n<\/div>\n<\/td>\n<td colspan=\"1\" rowspan=\"1\">\n<div class=\"magic-63\">\n<div class=\"magic-6\" data-spm-anchor-id=\"a2700.pc-decorate.0.i148.3abb3333TIRZpF\">2,0 kg \u00b12%<\/div>\n<\/div>\n<\/td>\n<\/tr>\n<tr>\n<td colspan=\"1\" rowspan=\"1\">\n<div class=\"magic-60\">\n<div class=\"magic-61\" data-spm-anchor-id=\"a2700.custom-template.0.i27.e62133334T37Q0\">G\u00c5 MED I ZD53245<\/div>\n<\/div>\n<\/td>\n<td colspan=\"1\" rowspan=\"1\">\n<div class=\"magic-62\">\n<div class=\"magic-6\" data-spm-anchor-id=\"a2700.pc-decorate.0.i141.3abb3333TIRZpF\">30 liter<\/div>\n<\/div>\n<\/td>\n<td colspan=\"1\" rowspan=\"1\">\n<div class=\"magic-62\">\n<div class=\"magic-6\" data-spm-anchor-id=\"a2700.pc-decorate.0.i145.3abb3333TIRZpF\">506*337*245 mm<\/div>\n<\/div>\n<\/td>\n<td colspan=\"1\" rowspan=\"1\">\n<div class=\"magic-62\">\n<div class=\"magic-6\" data-spm-anchor-id=\"0.0.0.i80.47de4f05sUjxmC\">506*337*90mm<\/div>\n<\/div>\n<\/td>\n<td colspan=\"1\" rowspan=\"1\">\n<div class=\"magic-63\">\n<div class=\"magic-6\" data-spm-anchor-id=\"a2700.pc-decorate.0.i149.3abb3333TIRZpF\">1,9 kg \u00b12%<\/div>\n<\/div>\n<\/td>\n<\/tr>\n<\/tbody>\n<\/table>\n<\/div>\n<p><strong>Detaljer om hopf\u00e4llbara gr\u00f6nsaksl\u00e5dor<\/strong><\/p>\n<p><img loading=\"lazy\" decoding=\"async\" class=\"alignnone wp-image-6522\" src=\"https:\/\/www.vegcrates.com\/wp-content\/uploads\/2021\/06\/folding-crates-1.jpg\" alt=\"hopf\u00e4llbara l\u00e5dor\" width=\"800\" height=\"800\" srcset=\"https:\/\/www.vegcrates.com\/wp-content\/uploads\/2021\/06\/folding-crates-1.jpg 1000w, https:\/\/www.vegcrates.com\/wp-content\/uploads\/2021\/06\/folding-crates-1-300x300.jpg 300w, https:\/\/www.vegcrates.com\/wp-content\/uploads\/2021\/06\/folding-crates-1-150x150.jpg 150w, https:\/\/www.vegcrates.com\/wp-content\/uploads\/2021\/06\/folding-crates-1-768x768.jpg 768w, https:\/\/www.vegcrates.com\/wp-content\/uploads\/2021\/06\/folding-crates-1-400x400.jpg 400w, https:\/\/www.vegcrates.com\/wp-content\/uploads\/2021\/06\/folding-crates-1-600x600.jpg 600w, https:\/\/www.vegcrates.com\/wp-content\/uploads\/2021\/06\/folding-crates-1-100x100.jpg 100w\" sizes=\"auto, (max-width: 800px) 100vw, 800px\" \/> <img loading=\"lazy\" decoding=\"async\" class=\"alignnone wp-image-6523\" src=\"https:\/\/www.vegcrates.com\/wp-content\/uploads\/2021\/06\/folding-crates-2.jpg\" alt=\"hopf\u00e4llbara l\u00e5dor\" width=\"800\" height=\"424\" srcset=\"https:\/\/www.vegcrates.com\/wp-content\/uploads\/2021\/06\/folding-crates-2.jpg 979w, https:\/\/www.vegcrates.com\/wp-content\/uploads\/2021\/06\/folding-crates-2-300x159.jpg 300w, https:\/\/www.vegcrates.com\/wp-content\/uploads\/2021\/06\/folding-crates-2-768x407.jpg 768w, https:\/\/www.vegcrates.com\/wp-content\/uploads\/2021\/06\/folding-crates-2-600x318.jpg 600w\" sizes=\"auto, (max-width: 800px) 100vw, 800px\" \/> <img loading=\"lazy\" decoding=\"async\" class=\"alignnone wp-image-6525\" src=\"https:\/\/www.vegcrates.com\/wp-content\/uploads\/2021\/06\/folding-crates-4.jpg\" alt=\"vikbara plastl\u00e5dor\" width=\"800\" height=\"800\" srcset=\"https:\/\/www.vegcrates.com\/wp-content\/uploads\/2021\/06\/folding-crates-4.jpg 1000w, https:\/\/www.vegcrates.com\/wp-content\/uploads\/2021\/06\/folding-crates-4-300x300.jpg 300w, https:\/\/www.vegcrates.com\/wp-content\/uploads\/2021\/06\/folding-crates-4-150x150.jpg 150w, https:\/\/www.vegcrates.com\/wp-content\/uploads\/2021\/06\/folding-crates-4-768x768.jpg 768w, https:\/\/www.vegcrates.com\/wp-content\/uploads\/2021\/06\/folding-crates-4-400x400.jpg 400w, https:\/\/www.vegcrates.com\/wp-content\/uploads\/2021\/06\/folding-crates-4-600x600.jpg 600w, https:\/\/www.vegcrates.com\/wp-content\/uploads\/2021\/06\/folding-crates-4-100x100.jpg 100w\" sizes=\"auto, (max-width: 800px) 100vw, 800px\" \/><\/p>\n<div class=\"text-title\" data-id=\"below-title\">\n<div><\/div>\n<div><\/div>\n<div class=\"magic-6\"><strong><span class=\"magic-7\" data-spm-anchor-id=\"a2700.wholesale.0.i29.6ec52b1clrcZLq\">Tryck och gravyr<\/span><\/strong><\/div>\n<\/div>\n<div class=\"text-content\" data-id=\"below-content\"><span class=\"magic-34\">Enligt kundens krav, tryckning och gravyr i de avsedda delarna av vikl\u00e5dan<\/span><\/div>\n<div data-id=\"below-content\"><img loading=\"lazy\" decoding=\"async\" class=\"alignnone wp-image-6526\" src=\"https:\/\/www.vegcrates.com\/wp-content\/uploads\/2021\/06\/vegetable-crates-printing-e1624458589223.jpg\" alt=\"gr\u00f6nsaksl\u00e5dor\" width=\"800\" height=\"416\" srcset=\"https:\/\/www.vegcrates.com\/wp-content\/uploads\/2021\/06\/vegetable-crates-printing-e1624458589223.jpg 1000w, https:\/\/www.vegcrates.com\/wp-content\/uploads\/2021\/06\/vegetable-crates-printing-e1624458589223-300x156.jpg 300w, https:\/\/www.vegcrates.com\/wp-content\/uploads\/2021\/06\/vegetable-crates-printing-e1624458589223-768x399.jpg 768w, https:\/\/www.vegcrates.com\/wp-content\/uploads\/2021\/06\/vegetable-crates-printing-e1624458589223-600x312.jpg 600w\" sizes=\"auto, (max-width: 800px) 100vw, 800px\" \/><\/div>\n<p>M\u00f6jligheten att stapla och f\u00e4lla denna gr\u00f6nsaksl\u00e5da g\u00f6r den l\u00e4mplig f\u00f6r f\u00f6rvaring och distribution av gr\u00f6nsaker och frukt i stormarknader, bondens marknader, lager, n\u00e4rbutiker och logistikf\u00f6retag.<\/p>\n<p>&nbsp;<\/p>\n<p><strong>Till\u00e4mpning av dessa gr\u00f6nsaksplastl\u00e5dor<\/strong><\/p>\n<p><img loading=\"lazy\" decoding=\"async\" class=\"alignnone wp-image-6527\" src=\"https:\/\/www.vegcrates.com\/wp-content\/uploads\/2021\/06\/vegetable-crates-application-1-1024x265.png\" alt=\"applikation f\u00f6r gr\u00f6nsaksl\u00e5dor\" width=\"800\" height=\"207\" srcset=\"https:\/\/www.vegcrates.com\/wp-content\/uploads\/2021\/06\/vegetable-crates-application-1-1024x265.png 1024w, https:\/\/www.vegcrates.com\/wp-content\/uploads\/2021\/06\/vegetable-crates-application-1-300x78.png 300w, https:\/\/www.vegcrates.com\/wp-content\/uploads\/2021\/06\/vegetable-crates-application-1-768x199.png 768w, https:\/\/www.vegcrates.com\/wp-content\/uploads\/2021\/06\/vegetable-crates-application-1-600x155.png 600w, https:\/\/www.vegcrates.com\/wp-content\/uploads\/2021\/06\/vegetable-crates-application-1.png 1522w\" sizes=\"auto, (max-width: 800px) 100vw, 800px\" \/> <img loading=\"lazy\" decoding=\"async\" class=\"alignnone wp-image-6528\" src=\"https:\/\/www.vegcrates.com\/wp-content\/uploads\/2021\/06\/vegetable-crates-application-2-1024x437.png\" alt=\"applikation f\u00f6r gr\u00f6nsaksl\u00e5dor\" width=\"800\" height=\"341\" srcset=\"https:\/\/www.vegcrates.com\/wp-content\/uploads\/2021\/06\/vegetable-crates-application-2-1024x437.png 1024w, https:\/\/www.vegcrates.com\/wp-content\/uploads\/2021\/06\/vegetable-crates-application-2-300x128.png 300w, https:\/\/www.vegcrates.com\/wp-content\/uploads\/2021\/06\/vegetable-crates-application-2-768x327.png 768w, https:\/\/www.vegcrates.com\/wp-content\/uploads\/2021\/06\/vegetable-crates-application-2-600x256.png 600w, https:\/\/www.vegcrates.com\/wp-content\/uploads\/2021\/06\/vegetable-crates-application-2.png 1520w\" sizes=\"auto, (max-width: 800px) 100vw, 800px\" \/> <img loading=\"lazy\" decoding=\"async\" class=\"alignnone wp-image-6529\" src=\"https:\/\/www.vegcrates.com\/wp-content\/uploads\/2021\/06\/vegetable-crates-application-3-1024x361.png\" alt=\"applikation f\u00f6r gr\u00f6nsaksl\u00e5dor\" width=\"800\" height=\"282\" srcset=\"https:\/\/www.vegcrates.com\/wp-content\/uploads\/2021\/06\/vegetable-crates-application-3-1024x361.png 1024w, https:\/\/www.vegcrates.com\/wp-content\/uploads\/2021\/06\/vegetable-crates-application-3-300x106.png 300w, https:\/\/www.vegcrates.com\/wp-content\/uploads\/2021\/06\/vegetable-crates-application-3-768x271.png 768w, https:\/\/www.vegcrates.com\/wp-content\/uploads\/2021\/06\/vegetable-crates-application-3-600x212.png 600w, https:\/\/www.vegcrates.com\/wp-content\/uploads\/2021\/06\/vegetable-crates-application-3.png 1520w\" sizes=\"auto, (max-width: 800px) 100vw, 800px\" \/> <img loading=\"lazy\" decoding=\"async\" class=\"alignnone wp-image-6530\" src=\"https:\/\/www.vegcrates.com\/wp-content\/uploads\/2021\/06\/vegetable-crates-application-4-1024x350.png\" alt=\"applikation f\u00f6r gr\u00f6nsaksl\u00e5dor\" width=\"800\" height=\"274\" srcset=\"https:\/\/www.vegcrates.com\/wp-content\/uploads\/2021\/06\/vegetable-crates-application-4-1024x350.png 1024w, https:\/\/www.vegcrates.com\/wp-content\/uploads\/2021\/06\/vegetable-crates-application-4-300x103.png 300w, https:\/\/www.vegcrates.com\/wp-content\/uploads\/2021\/06\/vegetable-crates-application-4-768x263.png 768w, https:\/\/www.vegcrates.com\/wp-content\/uploads\/2021\/06\/vegetable-crates-application-4-600x205.png 600w, https:\/\/www.vegcrates.com\/wp-content\/uploads\/2021\/06\/vegetable-crates-application-4.png 1520w\" sizes=\"auto, (max-width: 800px) 100vw, 800px\" \/><\/p>\n<p>&nbsp;<\/p>\n<p>Plastl\u00e5dor f\u00f6r gr\u00f6nsaker finns i flera storlekar och stilar f\u00f6r plockning, bearbetning och transport av sm\u00e5 frukter och gr\u00f6nsaker som jordgubbar eller sparris.<\/p>\n<p><strong>Packning och leverans<\/strong><\/p>\n<p><img loading=\"lazy\" decoding=\"async\" class=\"alignnone wp-image-6531\" src=\"https:\/\/www.vegcrates.com\/wp-content\/uploads\/2021\/06\/foldable-crates-for-groceries-delivery-1024x505.png\" alt=\"hopf\u00e4llbara l\u00e5dor f\u00f6r matleverans\" width=\"800\" height=\"395\" srcset=\"https:\/\/www.vegcrates.com\/wp-content\/uploads\/2021\/06\/foldable-crates-for-groceries-delivery-1024x505.png 1024w, https:\/\/www.vegcrates.com\/wp-content\/uploads\/2021\/06\/foldable-crates-for-groceries-delivery-300x148.png 300w, https:\/\/www.vegcrates.com\/wp-content\/uploads\/2021\/06\/foldable-crates-for-groceries-delivery-768x379.png 768w, https:\/\/www.vegcrates.com\/wp-content\/uploads\/2021\/06\/foldable-crates-for-groceries-delivery-600x296.png 600w, https:\/\/www.vegcrates.com\/wp-content\/uploads\/2021\/06\/foldable-crates-for-groceries-delivery.png 1528w\" sizes=\"auto, (max-width: 800px) 100vw, 800px\" \/><\/p>\n<p><strong>Funktioner och f\u00f6rdelar<\/strong><\/p>\n<ul>\n<li>Tillverkad av FDA-kompatibla material<\/li>\n<li>T\u00e5l exponering f\u00f6r solljus och kylprocesser; motst\u00e5r st\u00f6tar och fukt; splittras inte, ruttnar inte eller absorberar lukter<\/li>\n<li>L\u00e4ttst\u00e4dade interi\u00f6rer<\/li>\n<li>Stapla n\u00e4r den \u00e4r laddad, n\u00e4stla n\u00e4r den \u00e4r tom f\u00f6r att spara plats<\/li>\n<li>Ventilerade konstruktioner f\u00f6r snabb kylning, temperaturkontroll och dr\u00e4nering<\/li>\n<li>Anv\u00e4nd vid temperaturer p\u00e5 -20\u02da till 120\u02da F<\/li>\n<li>Anpassnings- och identifieringsalternativ tillg\u00e4ngliga<\/li>\n<li>T\u00e4cks av en ett\u00e5rig begr\u00e4nsad garanti<\/li>\n<li>100% \u00e5tervinningsbar HDPE<\/li>\n<\/ul>","protected":false},"excerpt":{"rendered":"<p>Du kanske ocks\u00e5 \u00e4r intresserad av <a href=\"https:\/\/www.vegcrates.com\/sv\/product-category\/hopfallbar-forvaringslada\/\" target=\"_blank\" rel=\"noopener\">f\u00f6rvaringsl\u00e5dor<\/a>,<a href=\"https:\/\/www.vegcrates.com\/sv\/product-category\/eurocontainrar\/\" target=\"_blank\" rel=\"noopener\">plastl\u00e5dor till salu<\/a>, <a href=\"https:\/\/www.plastic-crate.com\/product-category\/plastic-moving-crates\/\">flyttl\u00e5dor i plast<\/a><\/p>","protected":false},"featured_media":6513,"comment_status":"closed","ping_status":"closed","template":"","meta":[],"product_cat":[25],"product_tag":[86,114,87,85],"class_list":["post-6512","product","type-product","status-publish","has-post-thumbnail","hentry","product_cat-vegetable-harvest-crates","product_tag-bale-arm-tray","product_tag-foldable-crates-for-groceries","product_tag-plastic-vegetable-and-fruit-crate","product_tag-plastic-vegetable-basket"],"acf":[],"_links":{"self":[{"href":"https:\/\/www.vegcrates.com\/sv\/wp-json\/wp\/v2\/product\/6512","targetHints":{"allow":["GET"]}}],"collection":[{"href":"https:\/\/www.vegcrates.com\/sv\/wp-json\/wp\/v2\/product"}],"about":[{"href":"https:\/\/www.vegcrates.com\/sv\/wp-json\/wp\/v2\/types\/product"}],"replies":[{"embeddable":true,"href":"https:\/\/www.vegcrates.com\/sv\/wp-json\/wp\/v2\/comments?post=6512"}],"wp:featuredmedia":[{"embeddable":true,"href":"https:\/\/www.vegcrates.com\/sv\/wp-json\/wp\/v2\/media\/6513"}],"wp:attachment":[{"href":"https:\/\/www.vegcrates.com\/sv\/wp-json\/wp\/v2\/media?parent=6512"}],"wp:term":[{"taxonomy":"product_cat","embeddable":true,"href":"https:\/\/www.vegcrates.com\/sv\/wp-json\/wp\/v2\/product_cat?post=6512"},{"taxonomy":"product_tag","embeddable":true,"href":"https:\/\/www.vegcrates.com\/sv\/wp-json\/wp\/v2\/product_tag?post=6512"}],"curies":[{"name":"wp","href":"https:\/\/api.w.org\/{rel}","templated":true}]}}