{"id":5921,"date":"2018-11-03T21:33:26","date_gmt":"2018-11-03T21:33:26","guid":{"rendered":"https:\/\/www.vegcrates.com\/product\/euro-stacking-containers-pannel-bin\/"},"modified":"2018-11-03T21:33:26","modified_gmt":"2018-11-03T21:33:26","slug":"euro-stacking-containers-pannel-bin","status":"publish","type":"product","link":"https:\/\/www.vegcrates.com\/sv\/product\/euro-staplingsbehallare-panelbehallare\/","title":{"rendered":"euro staplingsbeh\u00e5llare panelbeh\u00e5llare"},"content":{"rendered":"<p style=\"box-sizing: border-box; margin: 0px 0px 10px; color: #222222; font-family: 'Helvetica Neue', Helvetica, Arial, sans-serif; font-size: 14px;\">Euro-staplingscontainrar ger totala kostnadsbesparingar och effektivitet genom hela materialhanteringsprocessen fr\u00e5n leverant\u00f6r till tillverkare. V\u00e5ra modul\u00e4ra staplingscontainrar \u00e4r idealiska f\u00f6r slutna transporter, processhantering och lagringsapplikationer d\u00e4r samma containrar anv\u00e4nds genomg\u00e5ende.<\/p>\n<p style=\"box-sizing: border-box; margin: 0px 0px 10px; color: #222222; font-family: 'Helvetica Neue', Helvetica, Arial, sans-serif; font-size: 14px;\"><strong>Funktioner och f\u00f6rdelar<\/strong><\/p>\n<ul>\n<li style=\"box-sizing: border-box;\"><span style=\"color: #222222; font-family: Helvetica Neue, Helvetica, Arial, sans-serif;\"><span style=\"font-size: 14px;\">Beh\u00e5llare kub 48\u2033 x 45\u2033 pallar<\/span><\/span><\/li>\n<li style=\"box-sizing: border-box;\"><span style=\"color: #222222; font-family: Helvetica Neue, Helvetica, Arial, sans-serif;\"><span style=\"font-size: 14px;\">Formsprutad HDPE-konstruktion motst\u00e5r st\u00f6tar, fukt och de flesta kemikalier<\/span><\/span><\/li>\n<li style=\"box-sizing: border-box;\"><span style=\"color: #222222; font-family: Helvetica Neue, Helvetica, Arial, sans-serif;\"><span style=\"font-size: 14px;\">Anv\u00e4nd vid temperaturer p\u00e5 -20\u02da till 120\u02da F<\/span><\/span><\/li>\n<li style=\"box-sizing: border-box;\"><span style=\"color: #222222; font-family: Helvetica Neue, Helvetica, Arial, sans-serif;\"><span style=\"font-size: 14px;\">Anpassnings- och identifieringsalternativ tillg\u00e4ngliga<\/span><\/span><\/li>\n<li style=\"box-sizing: border-box;\"><span style=\"color: #222222; font-family: Helvetica Neue, Helvetica, Arial, sans-serif;\"><span style=\"font-size: 14px;\">T\u00e4cks av en ett\u00e5rig begr\u00e4nsad garanti<\/span><\/span><\/li>\n<li style=\"box-sizing: border-box;\"><span style=\"color: #222222; font-family: Helvetica Neue, Helvetica, Arial, sans-serif;\"><span style=\"font-size: 14px;\">100% \u00e5tervinningsbar<\/span><\/span><\/li>\n<li style=\"box-sizing: border-box;\"><span style=\"color: #222222; font-family: Helvetica Neue, Helvetica, Arial, sans-serif;\"><span style=\"font-size: 14px;\">F\u00f6rst\u00e4rkta sidor och botten f\u00f6rb\u00e4ttrar produktskyddet<\/span><\/span><\/li>\n<li style=\"box-sizing: border-box;\"><span style=\"color: #222222; font-family: Helvetica Neue, Helvetica, Arial, sans-serif;\"><span style=\"font-size: 14px;\">Samarbetsstorlekar m\u00f6jligg\u00f6r blandad stapling p\u00e5 en pall<\/span><\/span><\/li>\n<li style=\"box-sizing: border-box;\"><span style=\"color: #222222; font-family: Helvetica Neue, Helvetica, Arial, sans-serif;\"><span style=\"font-size: 14px;\">Perimeterdammskydd p\u00e5 utvalda storlekar f\u00f6r extra produktskydd<\/span><\/span><\/li>\n<li style=\"box-sizing: border-box;\"><span style=\"color: #222222; font-family: Helvetica Neue, Helvetica, Arial, sans-serif;\"><span style=\"font-size: 14px;\">Kompatibel med andra m\u00e4rken f\u00f6r att ut\u00f6ka ditt befintliga system<\/span><\/span><\/li>\n<li style=\"box-sizing: border-box;\"><span style=\"color: #222222; font-family: Helvetica Neue, Helvetica, Arial, sans-serif;\"><span style=\"font-size: 14px;\">Ergonomiska handtag f\u00f6r enkel lyftning<\/span><\/span><\/li>\n<\/ul>","protected":false},"excerpt":{"rendered":"<p>Du kanske ocks\u00e5 \u00e4r intresserad av <a href=\"https:\/\/www.vegcrates.com\/sv\/product-category\/skordslador-for-gronsaker\/\" target=\"_blank\">Ventilerad plastl\u00e5da<\/a>,<a href=\"https:\/\/www.vegcrates.com\/sv\/product-category\/hopfallbar-forvaringslada\/\" target=\"_blank\">hopf\u00e4llbara l\u00e5dor<\/a><\/p>","protected":false},"featured_media":5922,"comment_status":"closed","ping_status":"open","template":"","meta":[],"product_cat":[24],"product_tag":[106],"class_list":["post-5921","product","type-product","status-publish","has-post-thumbnail","hentry","product_cat-euro-containers","product_tag-plastic-panel-bin"],"acf":[],"_links":{"self":[{"href":"https:\/\/www.vegcrates.com\/sv\/wp-json\/wp\/v2\/product\/5921","targetHints":{"allow":["GET"]}}],"collection":[{"href":"https:\/\/www.vegcrates.com\/sv\/wp-json\/wp\/v2\/product"}],"about":[{"href":"https:\/\/www.vegcrates.com\/sv\/wp-json\/wp\/v2\/types\/product"}],"replies":[{"embeddable":true,"href":"https:\/\/www.vegcrates.com\/sv\/wp-json\/wp\/v2\/comments?post=5921"}],"wp:featuredmedia":[{"embeddable":true,"href":"https:\/\/www.vegcrates.com\/sv\/wp-json\/wp\/v2\/media\/5922"}],"wp:attachment":[{"href":"https:\/\/www.vegcrates.com\/sv\/wp-json\/wp\/v2\/media?parent=5921"}],"wp:term":[{"taxonomy":"product_cat","embeddable":true,"href":"https:\/\/www.vegcrates.com\/sv\/wp-json\/wp\/v2\/product_cat?post=5921"},{"taxonomy":"product_tag","embeddable":true,"href":"https:\/\/www.vegcrates.com\/sv\/wp-json\/wp\/v2\/product_tag?post=5921"}],"curies":[{"name":"wp","href":"https:\/\/api.w.org\/{rel}","templated":true}]}}