{"id":5674,"date":"2018-12-01T00:21:58","date_gmt":"2018-12-01T00:21:58","guid":{"rendered":"https:\/\/www.vegcrates.com\/product\/plastic-storage-containers-sale-700\/"},"modified":"2018-12-01T00:21:58","modified_gmt":"2018-12-01T00:21:58","slug":"plastic-storage-containers-sale-700","status":"publish","type":"product","link":"https:\/\/www.vegcrates.com\/sv\/product\/plastforvaringsbehallare-rea-700\/","title":{"rendered":"plastf\u00f6rvaringsbeh\u00e5llare rea 700"},"content":{"rendered":"<p>Plastbeh\u00e5llare f\u00f6r f\u00f6rvaring s\u00e4ljs i m\u00e5nga storlekar och modeller f\u00f6r frakt, distribution, plockning och f\u00f6rvaring. De \u00e4r utformade f\u00f6r att staplas n\u00e4r de \u00e4r fulla och kasseras n\u00e4r de \u00e4r tomma, vilket sparar upp till 75% v\u00e4rdefullt f\u00f6rvaringsutrymme. Dessa beh\u00e5llare \u00e4r idealiska f\u00f6r till\u00e4mpningar inom distribution, livsmedelsbutiker och allm\u00e4n tillverkning och ger l\u00e5ngvarig och kostnadsbesparande prestanda.<\/p>\n<p><strong>Funktioner och f\u00f6rdelar<\/strong><\/p>\n<ul>\n<li>Beh\u00e5llare kan placeras ihop f\u00f6r maximalt utrymmesutnyttjande med locken \u00f6ppna<\/li>\n<li>Ergonomiska handtag f\u00f6r enkel lyftning<\/li>\n<li>L\u00e4ttst\u00e4dade interi\u00f6rer<\/li>\n<li>Formsprutad HDPE-konstruktion motst\u00e5r st\u00f6tar, fukt och de flesta kemikalier<\/li>\n<li>Anv\u00e4nd vid temperaturer p\u00e5 -20\u02da till 120\u02da F<\/li>\n<li>Anpassnings- och identifieringsalternativ tillg\u00e4ngliga<\/li>\n<li>T\u00e4cks av en ett\u00e5rig begr\u00e4nsad garanti<\/li>\n<li>100% \u00e5tervinningsbar<\/li>\n<\/ul>","protected":false},"excerpt":{"rendered":"<p>Du kanske ocks\u00e5 \u00e4r intresserad av <a href=\"https:\/\/www.vegcrates.com\/sv\/product-category\/skordslador-for-gronsaker\/\" target=\"_blank\">fruktl\u00e5dor<\/a>,<a href=\"https:\/\/www.vegcrates.com\/sv\/product-category\/eurocontainrar\/\" target=\"_blank\">plastf\u00f6rvaring<\/a>,<a href=\"https:\/\/www.vegcrates.com\/sv\/product-category\/hopfallbar-forvaringslada\/\" target=\"_blank\">hopf\u00e4llbara beh\u00e5llare<\/a><\/p>","protected":false},"featured_media":5675,"comment_status":"closed","ping_status":"open","template":"","meta":[],"product_cat":[23],"product_tag":[32,34],"class_list":["post-5674","product","type-product","status-publish","has-post-thumbnail","hentry","product_cat-hinged-lid-containers","product_tag-attached-lid-container","product_tag-nestable-lidded-container"],"acf":[],"_links":{"self":[{"href":"https:\/\/www.vegcrates.com\/sv\/wp-json\/wp\/v2\/product\/5674","targetHints":{"allow":["GET"]}}],"collection":[{"href":"https:\/\/www.vegcrates.com\/sv\/wp-json\/wp\/v2\/product"}],"about":[{"href":"https:\/\/www.vegcrates.com\/sv\/wp-json\/wp\/v2\/types\/product"}],"replies":[{"embeddable":true,"href":"https:\/\/www.vegcrates.com\/sv\/wp-json\/wp\/v2\/comments?post=5674"}],"wp:featuredmedia":[{"embeddable":true,"href":"https:\/\/www.vegcrates.com\/sv\/wp-json\/wp\/v2\/media\/5675"}],"wp:attachment":[{"href":"https:\/\/www.vegcrates.com\/sv\/wp-json\/wp\/v2\/media?parent=5674"}],"wp:term":[{"taxonomy":"product_cat","embeddable":true,"href":"https:\/\/www.vegcrates.com\/sv\/wp-json\/wp\/v2\/product_cat?post=5674"},{"taxonomy":"product_tag","embeddable":true,"href":"https:\/\/www.vegcrates.com\/sv\/wp-json\/wp\/v2\/product_tag?post=5674"}],"curies":[{"name":"wp","href":"https:\/\/api.w.org\/{rel}","templated":true}]}}