{"id":5644,"date":"2018-12-27T16:07:05","date_gmt":"2018-12-27T16:07:05","guid":{"rendered":"https:\/\/www.vegcrates.com\/product\/attached-top-containers-500\/"},"modified":"2018-12-27T16:07:05","modified_gmt":"2018-12-27T16:07:05","slug":"attached-top-containers-500","status":"publish","type":"product","link":"https:\/\/www.vegcrates.com\/sv\/product\/fasta-toppbehallare-500\/","title":{"rendered":"f\u00e4sta toppbeh\u00e5llare 500"},"content":{"rendered":"<p>Containrar med f\u00e4ste i m\u00e5nga storlekar och modeller f\u00f6r frakt, distribution, plockning och lagring, utformade f\u00f6r att staplas n\u00e4r de \u00e4r fulla och kasseras n\u00e4r de \u00e4r tomma, vilket sparar upp till 75% v\u00e4rdefullt lagringsutrymme. Dessa containrar \u00e4r idealiska f\u00f6r till\u00e4mpningar inom distribution, livsmedelsbutiker och allm\u00e4n tillverkning och ger l\u00e5ngvarig och kostnadsbesparande prestanda.<\/p>\n<p><strong>Funktioner och f\u00f6rdelar<\/strong><\/p>\n<ul>\n<li>Beh\u00e5llare kan placeras ihop f\u00f6r maximalt utrymmesutnyttjande med locken \u00f6ppna<\/li>\n<li>Ergonomiska handtag f\u00f6r enkel lyftning<\/li>\n<li>L\u00e4ttst\u00e4dade interi\u00f6rer<\/li>\n<li>Formsprutad HDPE-konstruktion motst\u00e5r st\u00f6tar, fukt och de flesta kemikalier<\/li>\n<li>Anv\u00e4nd vid temperaturer p\u00e5 -20\u02da till 120\u02da F<\/li>\n<li>Anpassnings- och identifieringsalternativ tillg\u00e4ngliga<\/li>\n<li>T\u00e4cks av en ett\u00e5rig begr\u00e4nsad garanti<\/li>\n<li>100% \u00e5tervinningsbar<\/li>\n<\/ul>","protected":false},"excerpt":{"rendered":"<p>Du kanske ocks\u00e5 \u00e4r intresserad av <a href=\"https:\/\/www.vegcrates.com\/sv\/product-category\/hopfallbar-forvaringslada\/\" target=\"_blank\">hopf\u00e4llbar f\u00f6rvaringsv\u00e4ska<\/a>,<a href=\"https:\/\/www.vegcrates.com\/sv\/product-category\/skordslador-for-gronsaker\/\" target=\"_blank\">MATDITRIBUTIONSL\u00c5DOR<\/a>,<a href=\"https:\/\/www.vegcrates.com\/sv\/product-category\/eurocontainrar\/\" target=\"_blank\">stora stapelbackar<\/a><\/p>","protected":false},"featured_media":5645,"comment_status":"closed","ping_status":"open","template":"","meta":[],"product_cat":[23],"product_tag":[32,33,34],"class_list":["post-5644","product","type-product","status-publish","has-post-thumbnail","hentry","product_cat-hinged-lid-containers","product_tag-attached-lid-container","product_tag-nestable-bin","product_tag-nestable-lidded-container"],"acf":[],"_links":{"self":[{"href":"https:\/\/www.vegcrates.com\/sv\/wp-json\/wp\/v2\/product\/5644","targetHints":{"allow":["GET"]}}],"collection":[{"href":"https:\/\/www.vegcrates.com\/sv\/wp-json\/wp\/v2\/product"}],"about":[{"href":"https:\/\/www.vegcrates.com\/sv\/wp-json\/wp\/v2\/types\/product"}],"replies":[{"embeddable":true,"href":"https:\/\/www.vegcrates.com\/sv\/wp-json\/wp\/v2\/comments?post=5644"}],"wp:featuredmedia":[{"embeddable":true,"href":"https:\/\/www.vegcrates.com\/sv\/wp-json\/wp\/v2\/media\/5645"}],"wp:attachment":[{"href":"https:\/\/www.vegcrates.com\/sv\/wp-json\/wp\/v2\/media?parent=5644"}],"wp:term":[{"taxonomy":"product_cat","embeddable":true,"href":"https:\/\/www.vegcrates.com\/sv\/wp-json\/wp\/v2\/product_cat?post=5644"},{"taxonomy":"product_tag","embeddable":true,"href":"https:\/\/www.vegcrates.com\/sv\/wp-json\/wp\/v2\/product_tag?post=5644"}],"curies":[{"name":"wp","href":"https:\/\/api.w.org\/{rel}","templated":true}]}}