{"id":5484,"date":"2018-12-21T11:54:22","date_gmt":"2018-12-21T11:54:22","guid":{"rendered":"https:\/\/www.vegcrates.com\/product\/bread-plastic-crate-pizza-crate\/"},"modified":"2018-12-21T11:54:22","modified_gmt":"2018-12-21T11:54:22","slug":"bread-plastic-crate-pizza-crate","status":"publish","type":"product","link":"https:\/\/www.vegcrates.com\/sv\/product\/brodlada-i-plast-pizzalada\/","title":{"rendered":"br\u00f6dl\u00e5da i plast, pizzal\u00e5da"},"content":{"rendered":"<p>Br\u00f6dplastl\u00e5dor finns i flera storlekar och stilar f\u00f6r plockning, bearbetning och transport av sm\u00e5 frukter och gr\u00f6nsaker som jordgubbar eller sparris.<\/p>\n<p><strong>Funktioner och f\u00f6rdelar<\/strong><\/p>\n<ul>\n<li>Tillverkad av FDA-kompatibla material<\/li>\n<li>T\u00e5l exponering f\u00f6r solljus och kylprocesser; motst\u00e5r st\u00f6tar och fukt; splittras inte, ruttnar inte eller absorberar lukter<\/li>\n<li>L\u00e4ttst\u00e4dade interi\u00f6rer<\/li>\n<li>Stapla n\u00e4r den \u00e4r laddad, n\u00e4stla n\u00e4r den \u00e4r tom f\u00f6r att spara plats<\/li>\n<li>Ventilerade konstruktioner f\u00f6r snabb kylning, temperaturkontroll och dr\u00e4nering<\/li>\n<li>Anv\u00e4nd vid temperaturer p\u00e5 -20\u02da till 120\u02da F<\/li>\n<li>Anpassnings- och identifieringsalternativ tillg\u00e4ngliga<\/li>\n<li>T\u00e4cks av en ett\u00e5rig begr\u00e4nsad garanti<\/li>\n<li>100% \u00e5tervinningsbar HDPE<\/li>\n<\/ul>","protected":false},"excerpt":{"rendered":"<p>Du kanske ocks\u00e5 \u00e4r intresserad av <a href=\"https:\/\/www.vegcrates.com\/sv\/product-category\/eurocontainrar\/\" target=\"_blank\">euro staplingsbeh\u00e5llare<\/a>,<a href=\"https:\/\/www.vegcrates.com\/sv\/product-category\/hopfallbar-forvaringslada\/\" target=\"_blank\">hopf\u00e4llbar lagring av polymerlogistik<\/a><\/p>","protected":false},"featured_media":5485,"comment_status":"closed","ping_status":"open","template":"","meta":[],"product_cat":[25],"product_tag":[90,89],"class_list":["post-5484","product","type-product","status-publish","has-post-thumbnail","hentry","product_cat-vegetable-harvest-crates","product_tag-pizza-storage-crate","product_tag-vegetable-crate"],"acf":[],"_links":{"self":[{"href":"https:\/\/www.vegcrates.com\/sv\/wp-json\/wp\/v2\/product\/5484","targetHints":{"allow":["GET"]}}],"collection":[{"href":"https:\/\/www.vegcrates.com\/sv\/wp-json\/wp\/v2\/product"}],"about":[{"href":"https:\/\/www.vegcrates.com\/sv\/wp-json\/wp\/v2\/types\/product"}],"replies":[{"embeddable":true,"href":"https:\/\/www.vegcrates.com\/sv\/wp-json\/wp\/v2\/comments?post=5484"}],"wp:featuredmedia":[{"embeddable":true,"href":"https:\/\/www.vegcrates.com\/sv\/wp-json\/wp\/v2\/media\/5485"}],"wp:attachment":[{"href":"https:\/\/www.vegcrates.com\/sv\/wp-json\/wp\/v2\/media?parent=5484"}],"wp:term":[{"taxonomy":"product_cat","embeddable":true,"href":"https:\/\/www.vegcrates.com\/sv\/wp-json\/wp\/v2\/product_cat?post=5484"},{"taxonomy":"product_tag","embeddable":true,"href":"https:\/\/www.vegcrates.com\/sv\/wp-json\/wp\/v2\/product_tag?post=5484"}],"curies":[{"name":"wp","href":"https:\/\/api.w.org\/{rel}","templated":true}]}}