{"id":2,"date":"2018-12-05T13:27:56","date_gmt":"2018-12-05T13:27:56","guid":{"rendered":"http:\/\/best-boxes.com\/?page_id=2"},"modified":"2018-12-05T13:27:56","modified_gmt":"2018-12-05T13:27:56","slug":"sample-page","status":"publish","type":"page","link":"https:\/\/www.vegcrates.com\/sv\/exempelsida\/","title":{"rendered":"Exempelsida"},"content":{"rendered":"<p>Detta \u00e4r en exempelsida. Den skiljer sig fr\u00e5n ett blogginl\u00e4gg eftersom den stannar p\u00e5 ett st\u00e4lle och visas i din webbplatsnavigering (i de flesta teman). De flesta b\u00f6rjar med en Om-sida som introducerar dem till potentiella webbplatsbes\u00f6kare. Den kan s\u00e4ga n\u00e5got i stil med detta:<\/p>\n<blockquote><p>Hej! Jag \u00e4r cykelbud p\u00e5 dagen, blivande sk\u00e5despelare p\u00e5 kv\u00e4llen, och det h\u00e4r \u00e4r min hemsida. Jag bor i Los Angeles, har en underbar hund som heter Jack, och jag gillar pi\u00f1a coladas. (Och att bli \u00f6verraskad av regnet.)<\/p><\/blockquote>\n<p>...eller n\u00e5got liknande detta:<\/p>\n<blockquote><p>XYZ Doohickey Company grundades 1971 och har sedan dess levererat kvalitetsdoohickeys till allm\u00e4nheten. XYZ, som ligger i Gotham City, har \u00f6ver 2 000 anst\u00e4llda och g\u00f6r alla m\u00f6jliga fantastiska saker f\u00f6r Gotham-samh\u00e4llet.<\/p><\/blockquote>\n<p>Som ny WordPress-anv\u00e4ndare b\u00f6r du g\u00e5 till <a href=\"http:\/\/best-boxes.com\/wp-admin\/\">din instrumentpanel<\/a> f\u00f6r att ta bort den h\u00e4r sidan och skapa nya sidor f\u00f6r ditt inneh\u00e5ll. Ha s\u00e5 kul!<\/p>","protected":false},"excerpt":{"rendered":"<p>This is an example page. It&#8217;s different from a blog post because it will stay in one place and will&hellip;<\/p>","protected":false},"author":1,"featured_media":0,"parent":0,"menu_order":0,"comment_status":"closed","ping_status":"open","template":"","meta":{"footnotes":""},"class_list":["post-2","page","type-page","status-publish","hentry"],"acf":[],"_links":{"self":[{"href":"https:\/\/www.vegcrates.com\/sv\/wp-json\/wp\/v2\/pages\/2","targetHints":{"allow":["GET"]}}],"collection":[{"href":"https:\/\/www.vegcrates.com\/sv\/wp-json\/wp\/v2\/pages"}],"about":[{"href":"https:\/\/www.vegcrates.com\/sv\/wp-json\/wp\/v2\/types\/page"}],"author":[{"embeddable":true,"href":"https:\/\/www.vegcrates.com\/sv\/wp-json\/wp\/v2\/users\/1"}],"replies":[{"embeddable":true,"href":"https:\/\/www.vegcrates.com\/sv\/wp-json\/wp\/v2\/comments?post=2"}],"version-history":[{"count":0,"href":"https:\/\/www.vegcrates.com\/sv\/wp-json\/wp\/v2\/pages\/2\/revisions"}],"wp:attachment":[{"href":"https:\/\/www.vegcrates.com\/sv\/wp-json\/wp\/v2\/media?parent=2"}],"curies":[{"name":"wp","href":"https:\/\/api.w.org\/{rel}","templated":true}]}}