{"id":6728,"date":"2025-04-20T06:12:30","date_gmt":"2025-04-20T06:12:30","guid":{"rendered":"https:\/\/www.vegcrates.com\/?post_type=product&#038;p=6728"},"modified":"2025-04-20T06:39:48","modified_gmt":"2025-04-20T06:39:48","slug":"large-modular-folding-storage-boxes","status":"publish","type":"product","link":"https:\/\/www.vegcrates.com\/it\/product\/scatole-di-stoccaggio-modulari-pieghevoli-di-grandi-dimensioni\/","title":{"rendered":"Contenitori modulari pieghevoli di grandi dimensioni"},"content":{"rendered":"<p>Vi presentiamo le casse pieghevoli modulari, la soluzione di archiviazione definitiva per la casa e l'azienda. Progettata per garantire flessibilit\u00e0 ed efficienza, questa innovativa cassa pieghevole si adatta senza sforzo alle vostre esigenze di stoccaggio.<\/p>\n<p><strong>Caratteristiche principali:<\/strong><\/p>\n<ul>\n<li><strong>Design salvaspazio:<\/strong>\u00a0Si ripiega facilmente quando non viene utilizzato, consentendo di riporlo in modo compatto e di organizzarlo in modo efficiente.<\/li>\n<li><strong>Costruzione resistente:<\/strong>\u00a0Realizzati con materiali robusti e di alta qualit\u00e0 per resistere a carichi pesanti, garantiscono longevit\u00e0 e affidabilit\u00e0.<\/li>\n<li><strong>Uso versatile:<\/strong>\u00a0Ideale per tutto, dall'organizzazione del magazzino allo stoccaggio domestico, dall'artigianato alle attivit\u00e0 all'aperto. Perfetto per trasportare le merci in modo sicuro.<\/li>\n<li><strong>Impilabile:<\/strong>\u00a0Progettati per essere impilati in modo sicuro, massimizzando lo spazio verticale per uno stoccaggio razionale.<\/li>\n<li><strong>Facile da pulire:<\/strong>\u00a0Le superfici lisce facilitano la pulizia e l'igiene.<\/li>\n<\/ul>","protected":false},"excerpt":{"rendered":"<p>Potreste essere interessati anche a <a href=\"https:\/\/www.vegcrates.com\/it\/product-category\/contenitori-in-euro\/\" target=\"_blank\" rel=\"noopener\">casse impilabili in euro<\/a>,<a href=\"https:\/\/www.rollingcrates.com\/product-category\/folding-wagon\/\" target=\"_blank\" rel=\"noopener\">carro a rotelle per bambini<\/a><\/p>","protected":false},"featured_media":6732,"comment_status":"closed","ping_status":"closed","template":"","meta":[],"product_cat":[17,25],"product_tag":[114],"class_list":["post-6728","product","type-product","status-publish","has-post-thumbnail","hentry","product_cat-collapsible-storage-crate","product_cat-vegetable-harvest-crates","product_tag-foldable-crates-for-groceries"],"acf":[],"_links":{"self":[{"href":"https:\/\/www.vegcrates.com\/it\/wp-json\/wp\/v2\/product\/6728","targetHints":{"allow":["GET"]}}],"collection":[{"href":"https:\/\/www.vegcrates.com\/it\/wp-json\/wp\/v2\/product"}],"about":[{"href":"https:\/\/www.vegcrates.com\/it\/wp-json\/wp\/v2\/types\/product"}],"replies":[{"embeddable":true,"href":"https:\/\/www.vegcrates.com\/it\/wp-json\/wp\/v2\/comments?post=6728"}],"wp:featuredmedia":[{"embeddable":true,"href":"https:\/\/www.vegcrates.com\/it\/wp-json\/wp\/v2\/media\/6732"}],"wp:attachment":[{"href":"https:\/\/www.vegcrates.com\/it\/wp-json\/wp\/v2\/media?parent=6728"}],"wp:term":[{"taxonomy":"product_cat","embeddable":true,"href":"https:\/\/www.vegcrates.com\/it\/wp-json\/wp\/v2\/product_cat?post=6728"},{"taxonomy":"product_tag","embeddable":true,"href":"https:\/\/www.vegcrates.com\/it\/wp-json\/wp\/v2\/product_tag?post=6728"}],"curies":[{"name":"wp","href":"https:\/\/api.w.org\/{rel}","templated":true}]}}