{"id":6686,"date":"2025-02-08T19:00:54","date_gmt":"2025-02-08T19:00:54","guid":{"rendered":"https:\/\/www.vegcrates.com\/?post_type=product&#038;p=6686"},"modified":"2025-10-17T14:36:21","modified_gmt":"2025-10-17T14:36:21","slug":"collapsible-harvest-crates","status":"publish","type":"product","link":"https:\/\/www.vegcrates.com\/it\/product\/casse-per-il-raccolto-pieghevoli\/","title":{"rendered":"casse per il raccolto pieghevoli"},"content":{"rendered":"<p>Le nostre casse per il raccolto pieghevoli sono la soluzione perfetta per tutte le vostre esigenze di raccolta. Progettate per garantire praticit\u00e0 e durata, queste cassette sono uno strumento essenziale per giardinieri, agricoltori e chiunque si occupi di agricoltura.<\/p>\n<div style=\"width: 1170px;\" class=\"wp-video\"><!--[if lt IE 9]><script>document.createElement('video');<\/script><![endif]-->\n<video class=\"wp-video-shortcode\" id=\"video-6686-1\" width=\"1170\" height=\"658\" preload=\"metadata\" controls=\"controls\"><source type=\"video\/mp4\" src=\"https:\/\/www.vegcrates.com\/wp-content\/uploads\/2025\/02\/collapsible-harvest-crates.mp4?_=1\" \/><a href=\"https:\/\/www.vegcrates.com\/wp-content\/uploads\/2025\/02\/collapsible-harvest-crates.mp4\">https:\/\/www.vegcrates.com\/wp-content\/uploads\/2025\/02\/collapsible-harvest-crates.mp4<\/a><\/video><\/div>\n<p>La caratteristica principale del nostro prodotto \u00e8 il suo design pieghevole. Queste casse per il raccolto possono essere facilmente ripiegate quando non vengono utilizzate, risparmiando cos\u00ec spazio prezioso. Nonostante il design leggero, queste casse sono robuste e solide, in grado di contenere una quantit\u00e0 significativa di prodotti senza compromettere la stabilit\u00e0.<\/p>\n<p>Le nostre casse pieghevoli per il raccolto sono realizzate con materiali ecologici di alta qualit\u00e0, in grado di sopportare i rigori dell'uso all'aperto. Sono resistenti alle intemperie e facili da pulire, il che le rende una scelta eccellente per il trasporto di frutta fresca, verdura e altri prodotti raccolti.<\/p>\n<p>Ci\u00f2 che contraddistingue le nostre casse \u00e8 la loro versatilit\u00e0. Che si tratti di raccogliere mele in un frutteto, ortaggi nel giardino di casa o fiori per un bouquet, queste cassette sono in grado di gestire tutto. Il loro design aperto consente una circolazione ottimale dell'aria, mantenendo il raccolto fresco e riducendo il rischio di deterioramento.<\/p>\n<p>In termini di dimensioni, queste casse sono abbastanza spaziose per trasportare un grande raccolto, ma sufficientemente compatte per essere maneggiate con facilit\u00e0. Inoltre, le loro comode maniglie rendono meno faticoso il trasporto di carichi pesanti.<\/p>\n<p>Investite nel nostro contenitore pieghevole per il raccolto e rendete il vostro processo di raccolta pi\u00f9 efficiente e organizzato. Grazie alla loro struttura robusta, alla facilit\u00e0 di stoccaggio e alla versatilit\u00e0 d'uso, queste cassette sono il compagno ideale per le vostre attivit\u00e0 di raccolta. Ordinate la vostra oggi stesso e provate la differenza!<\/p>","protected":false},"excerpt":{"rendered":"<p>Potreste essere interessati anche a <a href=\"https:\/\/www.vegcrates.com\/it\/product-category\/contenitori-in-euro\/\" target=\"_blank\" rel=\"noopener\">vendita di casse in euro impilabili<\/a>,<a href=\"https:\/\/www.dollymoving.com\/product-category\/casters-and-wheels\/\">rotelle e ruote<\/a><\/p>","protected":false},"featured_media":6688,"comment_status":"closed","ping_status":"closed","template":"","meta":[],"product_cat":[17,25],"product_tag":[114],"class_list":["post-6686","product","type-product","status-publish","has-post-thumbnail","hentry","product_cat-collapsible-storage-crate","product_cat-vegetable-harvest-crates","product_tag-foldable-crates-for-groceries"],"acf":[],"_links":{"self":[{"href":"https:\/\/www.vegcrates.com\/it\/wp-json\/wp\/v2\/product\/6686","targetHints":{"allow":["GET"]}}],"collection":[{"href":"https:\/\/www.vegcrates.com\/it\/wp-json\/wp\/v2\/product"}],"about":[{"href":"https:\/\/www.vegcrates.com\/it\/wp-json\/wp\/v2\/types\/product"}],"replies":[{"embeddable":true,"href":"https:\/\/www.vegcrates.com\/it\/wp-json\/wp\/v2\/comments?post=6686"}],"wp:featuredmedia":[{"embeddable":true,"href":"https:\/\/www.vegcrates.com\/it\/wp-json\/wp\/v2\/media\/6688"}],"wp:attachment":[{"href":"https:\/\/www.vegcrates.com\/it\/wp-json\/wp\/v2\/media?parent=6686"}],"wp:term":[{"taxonomy":"product_cat","embeddable":true,"href":"https:\/\/www.vegcrates.com\/it\/wp-json\/wp\/v2\/product_cat?post=6686"},{"taxonomy":"product_tag","embeddable":true,"href":"https:\/\/www.vegcrates.com\/it\/wp-json\/wp\/v2\/product_tag?post=6686"}],"curies":[{"name":"wp","href":"https:\/\/api.w.org\/{rel}","templated":true}]}}