{"id":6760,"date":"2025-04-20T14:47:08","date_gmt":"2025-04-20T14:47:08","guid":{"rendered":"https:\/\/www.vegcrates.com\/?post_type=product&#038;p=6760"},"modified":"2026-05-06T07:17:54","modified_gmt":"2026-05-06T07:17:54","slug":"plastic-mini-milk-crate","status":"publish","type":"product","link":"https:\/\/www.vegcrates.com\/es\/producto\/mini-caja-de-leche-de-plastico\/","title":{"rendered":"mini caja de leche de pl\u00e1stico"},"content":{"rendered":"<p>Mejore sus soluciones de almacenamiento con nuestras <strong>Mini caja de leche de pl\u00e1stico<\/strong> Organizador. Dise\u00f1ada para una versatilidad \u00f3ptima, esta compacta caja para leche ofrece una forma elegante de mantener el orden. Fabricada en pl\u00e1stico resistente de alta calidad, cuenta con un dise\u00f1o de rejilla abierta para una ventilaci\u00f3n y visibilidad \u00f3ptimas. Ideal para organizar materiales de manualidades, de oficina o de cocina, las cajas se apilan f\u00e1cilmente para optimizar el espacio. Con sus pr\u00e1cticas asas laterales, podr\u00e1 transportar sus art\u00edculos f\u00e1cilmente donde los necesite.<\/p>\n<p>&nbsp;<\/p>\n<div style=\"width: 960px;\" class=\"wp-video\"><!--[if lt IE 9]><script>document.createElement('video');<\/script><![endif]-->\n<video class=\"wp-video-shortcode\" id=\"video-6760-1\" width=\"960\" height=\"540\" preload=\"metadata\" controls=\"controls\"><source type=\"video\/mp4\" src=\"https:\/\/www.vegcrates.com\/wp-content\/uploads\/2025\/04\/plastic-mini-milk-crate.mp4?_=1\" \/><a href=\"https:\/\/www.vegcrates.com\/wp-content\/uploads\/2025\/04\/plastic-mini-milk-crate.mp4\">https:\/\/www.vegcrates.com\/wp-content\/uploads\/2025\/04\/plastic-mini-milk-crate.mp4<\/a><\/video><\/div>","protected":false},"excerpt":{"rendered":"<p>Elevate your storage solutions with our Mini Plastic Milk Crate Organizer. Perfectly designed for versatility, this compact milk crate offers&hellip;<\/p>","protected":false},"featured_media":6778,"comment_status":"open","ping_status":"closed","template":"","meta":[],"product_cat":[17,25],"product_tag":[],"class_list":["post-6760","product","type-product","status-publish","has-post-thumbnail","hentry","product_cat-collapsible-storage-crate","product_cat-vegetable-harvest-crates"],"acf":[],"_links":{"self":[{"href":"https:\/\/www.vegcrates.com\/es\/wp-json\/wp\/v2\/product\/6760","targetHints":{"allow":["GET"]}}],"collection":[{"href":"https:\/\/www.vegcrates.com\/es\/wp-json\/wp\/v2\/product"}],"about":[{"href":"https:\/\/www.vegcrates.com\/es\/wp-json\/wp\/v2\/types\/product"}],"replies":[{"embeddable":true,"href":"https:\/\/www.vegcrates.com\/es\/wp-json\/wp\/v2\/comments?post=6760"}],"wp:featuredmedia":[{"embeddable":true,"href":"https:\/\/www.vegcrates.com\/es\/wp-json\/wp\/v2\/media\/6778"}],"wp:attachment":[{"href":"https:\/\/www.vegcrates.com\/es\/wp-json\/wp\/v2\/media?parent=6760"}],"wp:term":[{"taxonomy":"product_cat","embeddable":true,"href":"https:\/\/www.vegcrates.com\/es\/wp-json\/wp\/v2\/product_cat?post=6760"},{"taxonomy":"product_tag","embeddable":true,"href":"https:\/\/www.vegcrates.com\/es\/wp-json\/wp\/v2\/product_tag?post=6760"}],"curies":[{"name":"wp","href":"https:\/\/api.w.org\/{rel}","templated":true}]}}