{"id":6757,"date":"2025-04-20T10:20:05","date_gmt":"2025-04-20T10:20:05","guid":{"rendered":"https:\/\/www.vegcrates.com\/product\/plastic-collapsible-milk-crate%e2%80%8b\/"},"modified":"2025-04-20T10:42:05","modified_gmt":"2025-04-20T10:42:05","slug":"plastic-collapsible-milk-crate","status":"publish","type":"product","link":"https:\/\/www.vegcrates.com\/es\/producto\/caja-de-leche-plegable-de-plastico\/","title":{"rendered":"caja de leche plegable de pl\u00e1stico"},"content":{"rendered":"<p>\u00a1Organiza tu espacio con nuestra caja plegable de pl\u00e1stico multiusos y ecol\u00f3gica para leche! Fabricada con pl\u00e1stico resistente, esta vers\u00e1til caja est\u00e1 dise\u00f1ada para satisfacer todas tus necesidades de almacenamiento y, al mismo tiempo, es respetuosa con el medio ambiente. Su robusta construcci\u00f3n garantiza una larga vida \u00fatil, ya sea para comestibles, juguetes o art\u00edculos del hogar.<\/p>\n<div style=\"width: 1170px;\" class=\"wp-video\"><!--[if lt IE 9]><script>document.createElement('video');<\/script><![endif]-->\n<video class=\"wp-video-shortcode\" id=\"video-6757-1\" width=\"1170\" height=\"658\" poster=\"https:\/\/www.vegcrates.com\/wp-content\/uploads\/2025\/04\/plastic-collapsible-milk-crate-5.jpg\" preload=\"metadata\" controls=\"controls\"><source type=\"video\/mp4\" src=\"https:\/\/www.vegcrates.com\/wp-content\/uploads\/2025\/04\/plastic-collapsible-milk-crate.mp4?_=1\" \/><a href=\"https:\/\/www.vegcrates.com\/wp-content\/uploads\/2025\/04\/plastic-collapsible-milk-crate.mp4\">https:\/\/www.vegcrates.com\/wp-content\/uploads\/2025\/04\/plastic-collapsible-milk-crate.mp4<\/a><\/video><\/div>\n<p>&nbsp;<\/p>\n<p>Con un elegante color verde y un dise\u00f1o transpirable de tejido abierto, esta caja ofrece excelente visibilidad y ventilaci\u00f3n para mantener el contenido fresco. Ligera pero resistente, es perfecta para moverla f\u00e1cilmente por casa, oficina o jard\u00edn. Su asa integrada facilita su transporte, ideal tanto para interiores como para exteriores.<\/p>\n<p>Apilable y plegable para un f\u00e1cil almacenamiento, esta caja eleva la organizaci\u00f3n a un nuevo nivel. Perfecta para consumidores con conciencia ecol\u00f3gica que buscan practicidad sin sacrificar el estilo. \u00a1Transforma el desorden en orden con nuestra caja de almacenamiento multiusos ecol\u00f3gica hoy mismo!<\/p>\n<p>&nbsp;<\/p>\n<p>Tambi\u00e9n vendemos <a href=\"https:\/\/www.plastic-crate.co.uk\/product-tag\/ifco-crates-for-sale\/\">caja ifco<\/a>, <a href=\"https:\/\/www.storage-totes.com\/product-category\/nesting-totes\/\" target=\"_blank\" rel=\"noopener\">bolsas apilables y anidadas<\/a><\/p>","protected":false},"excerpt":{"rendered":"<p>Organize your space with our Eco-Friendly Multi-Purpose plastic collapsible milk crate\u200b! Crafted from durable plastic, this versatile crate is designed&hellip;<\/p>","protected":false},"featured_media":6750,"comment_status":"open","ping_status":"closed","template":"","meta":[],"product_cat":[17,25],"product_tag":[],"class_list":["post-6757","product","type-product","status-publish","has-post-thumbnail","hentry","product_cat-collapsible-storage-crate","product_cat-vegetable-harvest-crates"],"acf":[],"_links":{"self":[{"href":"https:\/\/www.vegcrates.com\/es\/wp-json\/wp\/v2\/product\/6757","targetHints":{"allow":["GET"]}}],"collection":[{"href":"https:\/\/www.vegcrates.com\/es\/wp-json\/wp\/v2\/product"}],"about":[{"href":"https:\/\/www.vegcrates.com\/es\/wp-json\/wp\/v2\/types\/product"}],"replies":[{"embeddable":true,"href":"https:\/\/www.vegcrates.com\/es\/wp-json\/wp\/v2\/comments?post=6757"}],"wp:featuredmedia":[{"embeddable":true,"href":"https:\/\/www.vegcrates.com\/es\/wp-json\/wp\/v2\/media\/6750"}],"wp:attachment":[{"href":"https:\/\/www.vegcrates.com\/es\/wp-json\/wp\/v2\/media?parent=6757"}],"wp:term":[{"taxonomy":"product_cat","embeddable":true,"href":"https:\/\/www.vegcrates.com\/es\/wp-json\/wp\/v2\/product_cat?post=6757"},{"taxonomy":"product_tag","embeddable":true,"href":"https:\/\/www.vegcrates.com\/es\/wp-json\/wp\/v2\/product_tag?post=6757"}],"curies":[{"name":"wp","href":"https:\/\/api.w.org\/{rel}","templated":true}]}}