{"id":6742,"date":"2025-04-20T09:53:14","date_gmt":"2025-04-20T09:53:14","guid":{"rendered":"https:\/\/www.vegcrates.com\/product\/versatile-stackable-storage-crate-with-secure-lid\/"},"modified":"2025-04-20T10:05:58","modified_gmt":"2025-04-20T10:05:58","slug":"versatile-stackable-storage-crate-with-secure-lid","status":"publish","type":"product","link":"https:\/\/www.vegcrates.com\/es\/producto\/caja-de-almacenamiento-apilable-versatil-con-tapa-segura\/","title":{"rendered":"Caja de almacenamiento apilable vers\u00e1til con tapa segura"},"content":{"rendered":"<p>Organiza tu espacio con nuestro <strong>Caja de almacenamiento apilable vers\u00e1til<\/strong>Fabricadas con pl\u00e1stico duradero y de alta calidad, estas cajas est\u00e1n dise\u00f1adas para un uso duradero, lo que las hace perfectas para todo, desde el almacenamiento en el garaje hasta la organizaci\u00f3n del hogar.<\/p>\n<div style=\"width: 960px;\" class=\"wp-video\"><!--[if lt IE 9]><script>document.createElement('video');<\/script><![endif]-->\n<video class=\"wp-video-shortcode\" id=\"video-6742-1\" width=\"960\" height=\"540\" preload=\"metadata\" controls=\"controls\"><source type=\"video\/mp4\" src=\"https:\/\/www.vegcrates.com\/wp-content\/uploads\/2025\/04\/versatile-stackable-storage-crate-with-secure-lid.mp4?_=1\" \/><a href=\"https:\/\/www.vegcrates.com\/wp-content\/uploads\/2025\/04\/versatile-stackable-storage-crate-with-secure-lid.mp4\">https:\/\/www.vegcrates.com\/wp-content\/uploads\/2025\/04\/versatile-stackable-storage-crate-with-secure-lid.mp4<\/a><\/video><\/div>\n<p><strong>Caja de almacenamiento de llaves Caracter\u00edsticas:<\/strong><\/p>\n<ul>\n<li><strong>Dise\u00f1o que ahorra espacio:<\/strong>\u00a0Las cajas apilables permiten un uso eficiente del espacio vertical, ayud\u00e1ndole a maximizar su \u00e1rea de almacenamiento.<\/li>\n<li><strong>Tapa segura:<\/strong>\u00a0La tapa ajustada protege sus art\u00edculos del polvo y los residuos, garantizando que todo se mantenga limpio y organizado.<\/li>\n<li><strong>Robusto y duradero:<\/strong>\u00a0Dise\u00f1ado para soportar los rigores del uso diario, ya sea para decoraciones de temporada, art\u00edculos deportivos o suministros de oficina.<\/li>\n<li><strong>F\u00e1cil de transportar:<\/strong>\u00a0Las asas reforzadas hacen que transportar su caja de almacenamiento sea muy f\u00e1cil.<\/li>\n<li><strong>Est\u00e9tica elegante:<\/strong>\u00a0Un acabado gris moderno complementa cualquier decoraci\u00f3n, mejorando el aspecto de su \u00e1rea de almacenamiento.<\/li>\n<\/ul>\n<p>Transforme el desorden en felicidad organizada con la vers\u00e1til caja de almacenamiento apilable, \u00a1la soluci\u00f3n ideal para su hogar, oficina o garaje!<\/p>","protected":false},"excerpt":{"rendered":"<p>Tambi\u00e9n te puede interesar <a href=\"https:\/\/www.vegcrates.com\/es\/categoria-producto\/caja-de-almacenamiento-plegable\/\" target=\"_blank\" rel=\"noopener\">caja apilable plegable<\/a>,<a href=\"https:\/\/www.vegcrates.com\/es\/categoria-producto\/contenedores-de-euros\/\" target=\"_blank\" rel=\"noopener\">contenedor de almacenamiento apilable de pl\u00e1stico<\/a><\/p>","protected":false},"featured_media":6741,"comment_status":"open","ping_status":"closed","template":"","meta":[],"product_cat":[23],"product_tag":[],"class_list":["post-6742","product","type-product","status-publish","has-post-thumbnail","hentry","product_cat-hinged-lid-containers"],"acf":[],"_links":{"self":[{"href":"https:\/\/www.vegcrates.com\/es\/wp-json\/wp\/v2\/product\/6742","targetHints":{"allow":["GET"]}}],"collection":[{"href":"https:\/\/www.vegcrates.com\/es\/wp-json\/wp\/v2\/product"}],"about":[{"href":"https:\/\/www.vegcrates.com\/es\/wp-json\/wp\/v2\/types\/product"}],"replies":[{"embeddable":true,"href":"https:\/\/www.vegcrates.com\/es\/wp-json\/wp\/v2\/comments?post=6742"}],"wp:featuredmedia":[{"embeddable":true,"href":"https:\/\/www.vegcrates.com\/es\/wp-json\/wp\/v2\/media\/6741"}],"wp:attachment":[{"href":"https:\/\/www.vegcrates.com\/es\/wp-json\/wp\/v2\/media?parent=6742"}],"wp:term":[{"taxonomy":"product_cat","embeddable":true,"href":"https:\/\/www.vegcrates.com\/es\/wp-json\/wp\/v2\/product_cat?post=6742"},{"taxonomy":"product_tag","embeddable":true,"href":"https:\/\/www.vegcrates.com\/es\/wp-json\/wp\/v2\/product_tag?post=6742"}],"curies":[{"name":"wp","href":"https:\/\/api.w.org\/{rel}","templated":true}]}}