{"id":6728,"date":"2025-04-20T06:12:30","date_gmt":"2025-04-20T06:12:30","guid":{"rendered":"https:\/\/www.vegcrates.com\/?post_type=product&#038;p=6728"},"modified":"2025-04-20T06:39:48","modified_gmt":"2025-04-20T06:39:48","slug":"large-modular-folding-storage-boxes","status":"publish","type":"product","link":"https:\/\/www.vegcrates.com\/es\/producto\/grandes-cajas-de-almacenamiento-plegables-modulares\/","title":{"rendered":"Cajas de almacenamiento plegables modulares grandes"},"content":{"rendered":"<p>Presentamos las cajas de almacenamiento plegables modulares, la soluci\u00f3n definitiva para el hogar y la empresa. Dise\u00f1adas para ofrecer flexibilidad y eficiencia, estas innovadoras cajas plegables se adaptan f\u00e1cilmente a sus necesidades de almacenamiento.<\/p>\n<p><strong>Caracter\u00edsticas principales:<\/strong><\/p>\n<ul>\n<li><strong>Dise\u00f1o que ahorra espacio:<\/strong>\u00a0Se pliega f\u00e1cilmente cuando no est\u00e1 en uso, lo que permite un almacenamiento compacto y una organizaci\u00f3n eficiente.<\/li>\n<li><strong>Construcci\u00f3n duradera:<\/strong>\u00a0Fabricado con materiales robustos de alta calidad para soportar cargas pesadas, garantizando longevidad y confiabilidad.<\/li>\n<li><strong>Uso vers\u00e1til:<\/strong>\u00a0Ideal para todo, desde la organizaci\u00f3n del almac\u00e9n hasta el almacenamiento dom\u00e9stico, manualidades y actividades al aire libre. Perfecto para transportar mercanc\u00edas de forma segura.<\/li>\n<li><strong>Apilable:<\/strong>\u00a0Dise\u00f1ado para apilarse de forma segura, maximizando el espacio vertical para un almacenamiento optimizado.<\/li>\n<li><strong>F\u00e1cil de limpiar:<\/strong>\u00a0Las superficies lisas facilitan la limpieza y el mantenimiento de la higiene.<\/li>\n<\/ul>","protected":false},"excerpt":{"rendered":"<p>Tambi\u00e9n te puede interesar <a href=\"https:\/\/www.vegcrates.com\/es\/categoria-producto\/contenedores-de-euros\/\" target=\"_blank\" rel=\"noopener\">cajas apilables europeas<\/a>,<a href=\"https:\/\/www.rollingcrates.com\/product-category\/folding-wagon\/\" target=\"_blank\" rel=\"noopener\">carro rodante para ni\u00f1os<\/a><\/p>","protected":false},"featured_media":6732,"comment_status":"closed","ping_status":"closed","template":"","meta":[],"product_cat":[17,25],"product_tag":[114],"class_list":["post-6728","product","type-product","status-publish","has-post-thumbnail","hentry","product_cat-collapsible-storage-crate","product_cat-vegetable-harvest-crates","product_tag-foldable-crates-for-groceries"],"acf":[],"_links":{"self":[{"href":"https:\/\/www.vegcrates.com\/es\/wp-json\/wp\/v2\/product\/6728","targetHints":{"allow":["GET"]}}],"collection":[{"href":"https:\/\/www.vegcrates.com\/es\/wp-json\/wp\/v2\/product"}],"about":[{"href":"https:\/\/www.vegcrates.com\/es\/wp-json\/wp\/v2\/types\/product"}],"replies":[{"embeddable":true,"href":"https:\/\/www.vegcrates.com\/es\/wp-json\/wp\/v2\/comments?post=6728"}],"wp:featuredmedia":[{"embeddable":true,"href":"https:\/\/www.vegcrates.com\/es\/wp-json\/wp\/v2\/media\/6732"}],"wp:attachment":[{"href":"https:\/\/www.vegcrates.com\/es\/wp-json\/wp\/v2\/media?parent=6728"}],"wp:term":[{"taxonomy":"product_cat","embeddable":true,"href":"https:\/\/www.vegcrates.com\/es\/wp-json\/wp\/v2\/product_cat?post=6728"},{"taxonomy":"product_tag","embeddable":true,"href":"https:\/\/www.vegcrates.com\/es\/wp-json\/wp\/v2\/product_tag?post=6728"}],"curies":[{"name":"wp","href":"https:\/\/api.w.org\/{rel}","templated":true}]}}