{"id":6686,"date":"2025-02-08T19:00:54","date_gmt":"2025-02-08T19:00:54","guid":{"rendered":"https:\/\/www.vegcrates.com\/?post_type=product&#038;p=6686"},"modified":"2025-10-17T14:36:21","modified_gmt":"2025-10-17T14:36:21","slug":"collapsible-harvest-crates","status":"publish","type":"product","link":"https:\/\/www.vegcrates.com\/es\/producto\/cajas-de-cosecha-plegables\/","title":{"rendered":"cajas de cosecha plegables"},"content":{"rendered":"<p>Optimice su proceso de cosecha con nuestras cajas plegables. Presentamos nuestras cajas plegables, la soluci\u00f3n perfecta para todas sus necesidades. Dise\u00f1adas para brindar comodidad y durabilidad, estas cajas son una herramienta esencial para jardineros, agricultores y cualquier persona involucrada en la agricultura.<\/p>\n<div style=\"width: 1170px;\" class=\"wp-video\"><!--[if lt IE 9]><script>document.createElement('video');<\/script><![endif]-->\n<video class=\"wp-video-shortcode\" id=\"video-6686-1\" width=\"1170\" height=\"658\" preload=\"metadata\" controls=\"controls\"><source type=\"video\/mp4\" src=\"https:\/\/www.vegcrates.com\/wp-content\/uploads\/2025\/02\/collapsible-harvest-crates.mp4?_=1\" \/><a href=\"https:\/\/www.vegcrates.com\/wp-content\/uploads\/2025\/02\/collapsible-harvest-crates.mp4\">https:\/\/www.vegcrates.com\/wp-content\/uploads\/2025\/02\/collapsible-harvest-crates.mp4<\/a><\/video><\/div>\n<p>La caracter\u00edstica m\u00e1s destacada de nuestro producto es su dise\u00f1o plegable. Estas cajas para cosecha se pliegan f\u00e1cilmente cuando no se usan, lo que le permite ahorrar valioso espacio de almacenamiento. A pesar de su dise\u00f1o ligero, son robustas y resistentes, capaces de albergar una gran cantidad de productos sin comprometer su estabilidad.<\/p>\n<p>Nuestras cajas plegables para cosecha est\u00e1n fabricadas con materiales ecol\u00f3gicos de alta calidad, lo que garantiza su resistencia a las inclemencias del tiempo. Son resistentes a la intemperie y f\u00e1ciles de limpiar, lo que las convierte en una excelente opci\u00f3n para transportar frutas, verduras y otros productos frescos.<\/p>\n<p>Lo que distingue a nuestras cajas es su versatilidad. Ya sea que recoja manzanas en un huerto, verduras en su jard\u00edn o flores para un ramo, estas cajas lo tienen todo. Su dise\u00f1o abierto permite una \u00f3ptima circulaci\u00f3n del aire, manteniendo la cosecha fresca y reduciendo el riesgo de deterioro.<\/p>\n<p>En cuanto a tama\u00f1o, estas cajas son lo suficientemente espaciosas para transportar una cosecha abundante, pero a la vez lo suficientemente compactas para facilitar su manejo. Adem\u00e1s, sus c\u00f3modas asas facilitan el transporte de cargas pesadas.<\/p>\n<p>Invierta en nuestro contenedor de cosecha plegable y haga que su proceso de cosecha sea m\u00e1s eficiente y organizado. Con su robusta construcci\u00f3n, f\u00e1cil almacenamiento y versatilidad, estos contenedores son el complemento perfecto para sus tareas de cosecha. \u00a1Pida el suyo hoy mismo y experimente la diferencia!<\/p>","protected":false},"excerpt":{"rendered":"<p>Tambi\u00e9n te puede interesar <a href=\"https:\/\/www.vegcrates.com\/es\/categoria-producto\/contenedores-de-euros\/\" target=\"_blank\" rel=\"noopener\">Cajas de euro apilables para la venta<\/a>,<a href=\"https:\/\/www.dollymoving.com\/product-category\/casters-and-wheels\/\">ruedas y ruedas<\/a><\/p>","protected":false},"featured_media":6688,"comment_status":"closed","ping_status":"closed","template":"","meta":[],"product_cat":[17,25],"product_tag":[114],"class_list":["post-6686","product","type-product","status-publish","has-post-thumbnail","hentry","product_cat-collapsible-storage-crate","product_cat-vegetable-harvest-crates","product_tag-foldable-crates-for-groceries"],"acf":[],"_links":{"self":[{"href":"https:\/\/www.vegcrates.com\/es\/wp-json\/wp\/v2\/product\/6686","targetHints":{"allow":["GET"]}}],"collection":[{"href":"https:\/\/www.vegcrates.com\/es\/wp-json\/wp\/v2\/product"}],"about":[{"href":"https:\/\/www.vegcrates.com\/es\/wp-json\/wp\/v2\/types\/product"}],"replies":[{"embeddable":true,"href":"https:\/\/www.vegcrates.com\/es\/wp-json\/wp\/v2\/comments?post=6686"}],"wp:featuredmedia":[{"embeddable":true,"href":"https:\/\/www.vegcrates.com\/es\/wp-json\/wp\/v2\/media\/6688"}],"wp:attachment":[{"href":"https:\/\/www.vegcrates.com\/es\/wp-json\/wp\/v2\/media?parent=6686"}],"wp:term":[{"taxonomy":"product_cat","embeddable":true,"href":"https:\/\/www.vegcrates.com\/es\/wp-json\/wp\/v2\/product_cat?post=6686"},{"taxonomy":"product_tag","embeddable":true,"href":"https:\/\/www.vegcrates.com\/es\/wp-json\/wp\/v2\/product_tag?post=6686"}],"curies":[{"name":"wp","href":"https:\/\/api.w.org\/{rel}","templated":true}]}}