{"id":6654,"date":"2023-11-26T09:03:31","date_gmt":"2023-11-26T09:03:31","guid":{"rendered":"https:\/\/www.vegcrates.com\/?post_type=product&#038;p=6654"},"modified":"2026-03-03T11:52:28","modified_gmt":"2026-03-03T11:52:28","slug":"grape-harvest-bins-grape-harvest-bins-for-sale","status":"publish","type":"product","link":"https:\/\/www.vegcrates.com\/es\/producto\/contenedores-para-la-vendimia-contenedores-para-la-vendimia-en-venta\/","title":{"rendered":"Tolvas para la vendimia, tolvas para la vendimia en venta"},"content":{"rendered":"<p>Introducing our Plastic Grape Harvest Bins \u2013 the pinnacle of functionality and durability designed to meet the rigorous demands of grape harvesting and transportation. Crafted with the vineyard&#8217;s needs in mind, these bins are engineered to preserve the integrity of your grape harvest and simplify the logistics of the picking process.<\/p>\n<p>Los contenedores agr\u00edcolas de pl\u00e1stico son a prueba de humedad, a prueba de moho, sin clavos, sin espinas, sin plagas, escamosos, reciclables, seguros y saludables, etc.<\/p>\n<p><strong>Construcci\u00f3n robusta:<\/strong><\/p>\n<p>Nuestros contenedores para la vendimia est\u00e1n dise\u00f1ados para resistir las exigencias del vi\u00f1edo. Fabricados con pl\u00e1stico duradero y apto para uso alimentario, estos contenedores proporcionan un entorno robusto y protector para sus delicados racimos de uva.<\/p>\n<p><strong>Ventilaci\u00f3n \u00f3ptima:<\/strong><\/p>\n<p>Los contenedores cuentan con un dise\u00f1o perforado para garantizar una \u00f3ptima circulaci\u00f3n del aire alrededor de las uvas. Esta ventilaci\u00f3n promueve una maduraci\u00f3n uniforme y evita la acumulaci\u00f3n de humedad, reduciendo as\u00ed el riesgo de moho o deterioro.<\/p>\n<p><strong>Capacidad generosa:<\/strong><\/p>\n<p>Con amplio espacio para una importante producci\u00f3n de uva, estos contenedores est\u00e1n dise\u00f1ados para optimizar el proceso de cosecha. Su generosa capacidad minimiza la necesidad de descargas frecuentes, permitiendo que su equipo se concentre en la cosecha.<\/p>\n<p><strong>Dise\u00f1o apilable:<\/strong><\/p>\n<p>La configuraci\u00f3n apilable de nuestros contenedores optimiza el espacio de almacenamiento, tanto en campo como durante el transporte. El sistema de enclavamiento garantiza la estabilidad al apilarlos, facilitando un almacenamiento ordenado y organizado.<\/p>\n<p><strong>F\u00e1cil de limpiar:<\/strong><\/p>\n<p>Las superficies lisas y las esquinas redondeadas hacen que la limpieza y desinfecci\u00f3n de estos contenedores sea una tarea sencilla, manteniendo la higiene y la calidad de su cosecha.<\/p>\n<div style=\"width: 960px;\" class=\"wp-video\"><!--[if lt IE 9]><script>document.createElement('video');<\/script><![endif]-->\n<video class=\"wp-video-shortcode\" id=\"video-6654-1\" width=\"960\" height=\"540\" preload=\"metadata\" controls=\"controls\"><source type=\"video\/mp4\" src=\"https:\/\/www.vegcrates.com\/wp-content\/uploads\/2023\/11\/grape-harvest-bins.mp4?_=1\" \/><a href=\"https:\/\/www.vegcrates.com\/wp-content\/uploads\/2023\/11\/grape-harvest-bins.mp4\">https:\/\/www.vegcrates.com\/wp-content\/uploads\/2023\/11\/grape-harvest-bins.mp4<\/a><\/video><\/div>\n<dl class=\"do-entry-item\">\n<dt class=\"do-entry-item\"><span class=\"attr-name J-attr-name\" title=\"Dise\u00f1o\"><strong>Dise\u00f1o<\/strong>:<\/span><\/dt>\n<dd class=\"do-entry-item-val\">\n<div class=\"text-ellipsis\" title=\"Acceso de 4 v\u00edas\">Acceso de 4 v\u00edas<\/div>\n<\/dd>\n<\/dl>\n<dl class=\"do-entry-item\">\n<dt class=\"do-entry-item\"><span class=\"attr-name J-attr-name\" title=\"carga est\u00e1tica\"><strong>carga est\u00e1tica<\/strong>:<\/span><\/dt>\n<dd class=\"do-entry-item-val\">\n<div class=\"text-ellipsis\" title=\"4T\">4T<\/div>\n<\/dd>\n<\/dl>\n<dl class=\"do-entry-item\">\n<dt class=\"do-entry-item\"><span class=\"attr-name J-attr-name\" title=\"carga din\u00e1mica\"><strong>carga din\u00e1mica<\/strong>:<\/span><\/dt>\n<dd class=\"do-entry-item-val\">\n<div class=\"text-ellipsis\" title=\"1 tonelada\">1 tonelada<\/div>\n<\/dd>\n<\/dl>\n<p><strong>Detalle de este contenedor para la cosecha de hortalizas.<\/strong><\/p>\n<p><img loading=\"lazy\" decoding=\"async\" class=\"alignnone wp-image-6589 size-full\" src=\"https:\/\/www.vegcrates.com\/wp-content\/uploads\/2022\/02\/plastic-agricultural-bins-detail-a.jpg\" alt=\"contenedores de cosecha\" width=\"672\" height=\"1176\" srcset=\"https:\/\/www.vegcrates.com\/wp-content\/uploads\/2022\/02\/plastic-agricultural-bins-detail-a.jpg 672w, https:\/\/www.vegcrates.com\/wp-content\/uploads\/2022\/02\/plastic-agricultural-bins-detail-a-171x300.jpg 171w, https:\/\/www.vegcrates.com\/wp-content\/uploads\/2022\/02\/plastic-agricultural-bins-detail-a-585x1024.jpg 585w, https:\/\/www.vegcrates.com\/wp-content\/uploads\/2022\/02\/plastic-agricultural-bins-detail-a-600x1050.jpg 600w\" sizes=\"auto, (max-width: 672px) 100vw, 672px\" \/><\/p>\n<p><img loading=\"lazy\" decoding=\"async\" class=\"alignnone size-full wp-image-6588\" src=\"https:\/\/www.vegcrates.com\/wp-content\/uploads\/2022\/02\/plastic-agricultural-bins-detail-b.jpg\" alt=\"contenedores de cosecha en venta\" width=\"672\" height=\"864\" srcset=\"https:\/\/www.vegcrates.com\/wp-content\/uploads\/2022\/02\/plastic-agricultural-bins-detail-b.jpg 672w, https:\/\/www.vegcrates.com\/wp-content\/uploads\/2022\/02\/plastic-agricultural-bins-detail-b-233x300.jpg 233w, https:\/\/www.vegcrates.com\/wp-content\/uploads\/2022\/02\/plastic-agricultural-bins-detail-b-600x771.jpg 600w\" sizes=\"auto, (max-width: 672px) 100vw, 672px\" \/><\/p>\n<p><img loading=\"lazy\" decoding=\"async\" class=\"alignnone size-full wp-image-6587\" src=\"https:\/\/www.vegcrates.com\/wp-content\/uploads\/2022\/02\/plastic-agricultural-bins-detail-c.jpg\" alt=\"contenedores de cosecha en venta\" width=\"672\" height=\"1016\" srcset=\"https:\/\/www.vegcrates.com\/wp-content\/uploads\/2022\/02\/plastic-agricultural-bins-detail-c.jpg 672w, https:\/\/www.vegcrates.com\/wp-content\/uploads\/2022\/02\/plastic-agricultural-bins-detail-c-198x300.jpg 198w, https:\/\/www.vegcrates.com\/wp-content\/uploads\/2022\/02\/plastic-agricultural-bins-detail-c-600x907.jpg 600w\" sizes=\"auto, (max-width: 672px) 100vw, 672px\" \/><\/p>\n<p><strong>contenedores de pl\u00e1stico para cosecha<\/strong> Est\u00e1n disponibles en varios tama\u00f1os y estilos para recoger, procesar y enviar frutas y verduras peque\u00f1as como fresas o esp\u00e1rragos.<\/p>\n<dl class=\"do-entry-item\">\n<dd class=\"do-entry-item-val\">\n<div title=\"1 tonelada\"><\/div>\n<\/dd>\n<\/dl>","protected":false},"excerpt":{"rendered":"<p>Tambi\u00e9n te puede interesar <a href=\"https:\/\/www.vegcrates.com\/es\/categoria-producto\/caja-de-almacenamiento-plegable\/\" target=\"_blank\" rel=\"noopener\">cajas de pl\u00e1stico plegables<\/a>\u00a0, <a href=\"https:\/\/www.ph-teststrips.com\/product-category\/ph-strip-tester\/\" target=\"_blank\" rel=\"noopener\">tiras reactivas de pH para agua<\/a>, <a href=\"https:\/\/www.ahotech.com\/product-category\/lithium-thionyl-chloride-li-socl2-battery\/\" target=\"_blank\" rel=\"noopener\">Bater\u00eda de litio de 3,6 celdas vc<\/a>,<a href=\"https:\/\/www.vegcrates.com\/es\/categoria-producto\/contenedores-de-euros\/\" target=\"_blank\" rel=\"noopener\">Contenedores euro con tapa abatible<\/a><\/p>","protected":false},"featured_media":6665,"comment_status":"closed","ping_status":"closed","template":"","meta":[],"product_cat":[25],"product_tag":[114],"class_list":["post-6654","product","type-product","status-publish","has-post-thumbnail","hentry","product_cat-vegetable-harvest-crates","product_tag-foldable-crates-for-groceries"],"acf":[],"_links":{"self":[{"href":"https:\/\/www.vegcrates.com\/es\/wp-json\/wp\/v2\/product\/6654","targetHints":{"allow":["GET"]}}],"collection":[{"href":"https:\/\/www.vegcrates.com\/es\/wp-json\/wp\/v2\/product"}],"about":[{"href":"https:\/\/www.vegcrates.com\/es\/wp-json\/wp\/v2\/types\/product"}],"replies":[{"embeddable":true,"href":"https:\/\/www.vegcrates.com\/es\/wp-json\/wp\/v2\/comments?post=6654"}],"wp:featuredmedia":[{"embeddable":true,"href":"https:\/\/www.vegcrates.com\/es\/wp-json\/wp\/v2\/media\/6665"}],"wp:attachment":[{"href":"https:\/\/www.vegcrates.com\/es\/wp-json\/wp\/v2\/media?parent=6654"}],"wp:term":[{"taxonomy":"product_cat","embeddable":true,"href":"https:\/\/www.vegcrates.com\/es\/wp-json\/wp\/v2\/product_cat?post=6654"},{"taxonomy":"product_tag","embeddable":true,"href":"https:\/\/www.vegcrates.com\/es\/wp-json\/wp\/v2\/product_tag?post=6654"}],"curies":[{"name":"wp","href":"https:\/\/api.w.org\/{rel}","templated":true}]}}