{"id":6579,"date":"2022-02-26T01:51:31","date_gmt":"2022-02-26T01:51:31","guid":{"rendered":"https:\/\/www.vegcrates.com\/?post_type=product&#038;p=6579"},"modified":"2023-05-18T22:10:38","modified_gmt":"2023-05-18T22:10:38","slug":"plastic-agricultural-bins-harvest-bins-for-sale","status":"publish","type":"product","link":"https:\/\/www.vegcrates.com\/es\/producto\/contenedores-agricolas-de-plastico-contenedores-para-cosecha-en-venta\/","title":{"rendered":"Contenedores agr\u00edcolas de pl\u00e1stico, Contenedores para cosecha en venta"},"content":{"rendered":"<p>Estos contenedores de cosecha agr\u00edcola se utilizan para la industria de transporte, almacenamiento, alimentaci\u00f3n, farmac\u00e9utica, m\u00e9dica y de almacenamiento.<\/p>\n<p>Los contenedores agr\u00edcolas de pl\u00e1stico tienen resistencia a la corrosi\u00f3n, no son absorbentes, son a prueba de polillas y otras caracter\u00edsticas excelentes, por lo que protegen adecuadamente las cargas.<\/p>\n<p>Los contenedores agr\u00edcolas de pl\u00e1stico son a prueba de humedad, a prueba de moho, sin clavos, sin espinas, sin plagas, escamosos, reciclables, seguros y saludables, etc.<\/p>\n<div style=\"width: 960px;\" class=\"wp-video\"><!--[if lt IE 9]><script>document.createElement('video');<\/script><![endif]-->\n<video class=\"wp-video-shortcode\" id=\"video-6579-1\" width=\"960\" height=\"540\" preload=\"metadata\" controls=\"controls\"><source type=\"video\/mp4\" src=\"https:\/\/www.vegcrates.com\/wp-content\/uploads\/2022\/02\/plastic-agricultural-harvest-bins.mp4?_=1\" \/><a href=\"https:\/\/www.vegcrates.com\/wp-content\/uploads\/2022\/02\/plastic-agricultural-harvest-bins.mp4\">https:\/\/www.vegcrates.com\/wp-content\/uploads\/2022\/02\/plastic-agricultural-harvest-bins.mp4<\/a><\/video><\/div>\n<p>&nbsp;<\/p>\n<p>&nbsp;<\/p>\n<dl class=\"do-entry-item\">\n<dt class=\"do-entry-item\"><span class=\"attr-name J-attr-name\" title=\"Dise\u00f1o\"><strong>Dise\u00f1o<\/strong>:<\/span><\/dt>\n<dd class=\"do-entry-item-val\">\n<div class=\"text-ellipsis\" title=\"Acceso de 4 v\u00edas\">Acceso de 4 v\u00edas<\/div>\n<\/dd>\n<\/dl>\n<dl class=\"do-entry-item\">\n<dt class=\"do-entry-item\"><span class=\"attr-name J-attr-name\" title=\"carga est\u00e1tica\"><strong>carga est\u00e1tica<\/strong>:<\/span><\/dt>\n<dd class=\"do-entry-item-val\">\n<div class=\"text-ellipsis\" title=\"4T\">4T<\/div>\n<\/dd>\n<\/dl>\n<dl class=\"do-entry-item\">\n<dt class=\"do-entry-item\"><span class=\"attr-name J-attr-name\" title=\"carga din\u00e1mica\"><strong>carga din\u00e1mica<\/strong>:<\/span><\/dt>\n<dd class=\"do-entry-item-val\">\n<div class=\"text-ellipsis\" title=\"1 tonelada\">1 tonelada<\/div>\n<\/dd>\n<\/dl>\n<p><strong>Detalle de este contenedor para la cosecha de hortalizas.<\/strong><\/p>\n<p><img loading=\"lazy\" decoding=\"async\" class=\"alignnone size-large wp-image-6589\" src=\"https:\/\/www.vegcrates.com\/wp-content\/uploads\/2022\/02\/plastic-agricultural-bins-detail-a-585x1024.jpg\" alt=\"contenedores de cosecha\" width=\"585\" height=\"1024\" srcset=\"https:\/\/www.vegcrates.com\/wp-content\/uploads\/2022\/02\/plastic-agricultural-bins-detail-a-585x1024.jpg 585w, https:\/\/www.vegcrates.com\/wp-content\/uploads\/2022\/02\/plastic-agricultural-bins-detail-a-171x300.jpg 171w, https:\/\/www.vegcrates.com\/wp-content\/uploads\/2022\/02\/plastic-agricultural-bins-detail-a-600x1050.jpg 600w, https:\/\/www.vegcrates.com\/wp-content\/uploads\/2022\/02\/plastic-agricultural-bins-detail-a.jpg 672w\" sizes=\"auto, (max-width: 585px) 100vw, 585px\" \/><\/p>\n<p><img loading=\"lazy\" decoding=\"async\" class=\"alignnone size-full wp-image-6588\" src=\"https:\/\/www.vegcrates.com\/wp-content\/uploads\/2022\/02\/plastic-agricultural-bins-detail-b.jpg\" alt=\"contenedores de cosecha en venta\" width=\"672\" height=\"864\" srcset=\"https:\/\/www.vegcrates.com\/wp-content\/uploads\/2022\/02\/plastic-agricultural-bins-detail-b.jpg 672w, https:\/\/www.vegcrates.com\/wp-content\/uploads\/2022\/02\/plastic-agricultural-bins-detail-b-233x300.jpg 233w, https:\/\/www.vegcrates.com\/wp-content\/uploads\/2022\/02\/plastic-agricultural-bins-detail-b-600x771.jpg 600w\" sizes=\"auto, (max-width: 672px) 100vw, 672px\" \/><\/p>\n<p><img loading=\"lazy\" decoding=\"async\" class=\"alignnone size-full wp-image-6587\" src=\"https:\/\/www.vegcrates.com\/wp-content\/uploads\/2022\/02\/plastic-agricultural-bins-detail-c.jpg\" alt=\"contenedores de cosecha en venta\" width=\"672\" height=\"1016\" srcset=\"https:\/\/www.vegcrates.com\/wp-content\/uploads\/2022\/02\/plastic-agricultural-bins-detail-c.jpg 672w, https:\/\/www.vegcrates.com\/wp-content\/uploads\/2022\/02\/plastic-agricultural-bins-detail-c-198x300.jpg 198w, https:\/\/www.vegcrates.com\/wp-content\/uploads\/2022\/02\/plastic-agricultural-bins-detail-c-600x907.jpg 600w\" sizes=\"auto, (max-width: 672px) 100vw, 672px\" \/><\/p>\n<p><strong>contenedor de pl\u00e1stico para cosecha de hortalizas<\/strong> Est\u00e1n disponibles en varios tama\u00f1os y estilos para recoger, procesar y enviar frutas y verduras peque\u00f1as como fresas o esp\u00e1rragos.<\/p>\n<p><strong>Embalaje y entrega<\/strong><\/p>\n<p><img loading=\"lazy\" decoding=\"async\" class=\"alignnone wp-image-6531\" src=\"https:\/\/www.vegcrates.com\/wp-content\/uploads\/2021\/06\/foldable-crates-for-groceries-delivery-1024x505.png\" alt=\"cajas plegables para entrega de comestibles\" width=\"800\" height=\"395\" srcset=\"https:\/\/www.vegcrates.com\/wp-content\/uploads\/2021\/06\/foldable-crates-for-groceries-delivery-1024x505.png 1024w, https:\/\/www.vegcrates.com\/wp-content\/uploads\/2021\/06\/foldable-crates-for-groceries-delivery-300x148.png 300w, https:\/\/www.vegcrates.com\/wp-content\/uploads\/2021\/06\/foldable-crates-for-groceries-delivery-768x379.png 768w, https:\/\/www.vegcrates.com\/wp-content\/uploads\/2021\/06\/foldable-crates-for-groceries-delivery-600x296.png 600w, https:\/\/www.vegcrates.com\/wp-content\/uploads\/2021\/06\/foldable-crates-for-groceries-delivery.png 1528w\" sizes=\"auto, (max-width: 800px) 100vw, 800px\" \/><\/p>\n<p><strong>Caracter\u00edsticas y beneficios<\/strong><\/p>\n<dl class=\"do-entry-item\"><\/dl>\n<dl class=\"do-entry-item\">\n<dd class=\"do-entry-item-val\">\n<div class=\"text-ellipsis\" title=\"1 tonelada\">Las caracter\u00edsticas plegables ahorran m\u00e1s espacios en el transporte vac\u00edo y el almacenamiento en el almac\u00e9n.<\/div>\n<div title=\"1 tonelada\">Mucho m\u00e1s ligeros que los contenedores de madera y acero, por lo que son eficientes en el proceso de transporte y<\/div>\n<div title=\"1 tonelada\">almacenar.<\/div>\n<div title=\"1 tonelada\">Reciclable y lavable.<\/div>\n<\/dd>\n<\/dl>","protected":false},"excerpt":{"rendered":"<p>Tambi\u00e9n te puede interesar <a href=\"https:\/\/www.vegcrates.com\/es\/categoria-producto\/caja-de-almacenamiento-plegable\/\" target=\"_blank\" rel=\"noopener\">cajas de pl\u00e1stico plegables<\/a>,<a href=\"https:\/\/www.vegcrates.com\/es\/categoria-producto\/contenedores-de-euros\/\" target=\"_blank\" rel=\"noopener\">cajas de euro,<\/a> <a href=\"https:\/\/www.plastic-crate.co.uk\/product-tag\/ifco-crates-for-sale\/\">Cajas Ifco en venta<\/a><\/p>","protected":false},"featured_media":6580,"comment_status":"closed","ping_status":"closed","template":"","meta":[],"product_cat":[25],"product_tag":[114],"class_list":["post-6579","product","type-product","status-publish","has-post-thumbnail","hentry","product_cat-vegetable-harvest-crates","product_tag-foldable-crates-for-groceries"],"acf":[],"_links":{"self":[{"href":"https:\/\/www.vegcrates.com\/es\/wp-json\/wp\/v2\/product\/6579","targetHints":{"allow":["GET"]}}],"collection":[{"href":"https:\/\/www.vegcrates.com\/es\/wp-json\/wp\/v2\/product"}],"about":[{"href":"https:\/\/www.vegcrates.com\/es\/wp-json\/wp\/v2\/types\/product"}],"replies":[{"embeddable":true,"href":"https:\/\/www.vegcrates.com\/es\/wp-json\/wp\/v2\/comments?post=6579"}],"wp:featuredmedia":[{"embeddable":true,"href":"https:\/\/www.vegcrates.com\/es\/wp-json\/wp\/v2\/media\/6580"}],"wp:attachment":[{"href":"https:\/\/www.vegcrates.com\/es\/wp-json\/wp\/v2\/media?parent=6579"}],"wp:term":[{"taxonomy":"product_cat","embeddable":true,"href":"https:\/\/www.vegcrates.com\/es\/wp-json\/wp\/v2\/product_cat?post=6579"},{"taxonomy":"product_tag","embeddable":true,"href":"https:\/\/www.vegcrates.com\/es\/wp-json\/wp\/v2\/product_tag?post=6579"}],"curies":[{"name":"wp","href":"https:\/\/api.w.org\/{rel}","templated":true}]}}