{"id":6563,"date":"2021-07-13T15:21:03","date_gmt":"2021-07-13T15:21:03","guid":{"rendered":"https:\/\/www.vegcrates.com\/?post_type=product&#038;p=6563"},"modified":"2023-05-18T22:11:03","modified_gmt":"2023-05-18T22:11:03","slug":"agricultural-plastic-crates-ventilated-agricultural-containers","status":"publish","type":"product","link":"https:\/\/www.vegcrates.com\/es\/producto\/cajas-de-plastico-agricolas-contenedores-agricolas-ventilados\/","title":{"rendered":"Cajas de pl\u00e1stico agr\u00edcolas, Contenedores agr\u00edcolas ventilados"},"content":{"rendered":"<p>Estas cajas de pl\u00e1stico agr\u00edcolas est\u00e1n fabricadas con material de alta calidad y las \u00faltimas t\u00e9cnicas para garantizar su mayor durabilidad y excelente calidad. <strong>Cajas de pl\u00e1stico agr\u00edcolas<\/strong> Son la mejor opci\u00f3n para almacenar y empacar productos durante el transporte y almacenamiento. Estos contenedores agr\u00edcolas ventilados son ideales para exportadores y agricultores que transportan frutas y verduras. Ayudan a minimizar las p\u00e9rdidas poscosecha y cuentan con un exterior resistente para soportar la carga.<\/p>\n<div style=\"width: 960px;\" class=\"wp-video\"><!--[if lt IE 9]><script>document.createElement('video');<\/script><![endif]-->\n<video class=\"wp-video-shortcode\" id=\"video-6563-1\" width=\"960\" height=\"540\" preload=\"metadata\" controls=\"controls\"><source type=\"video\/mp4\" src=\"https:\/\/www.vegcrates.com\/wp-content\/uploads\/2021\/07\/agricultural-plastic-crates.mp4?_=1\" \/><a href=\"https:\/\/www.vegcrates.com\/wp-content\/uploads\/2021\/07\/agricultural-plastic-crates.mp4\">https:\/\/www.vegcrates.com\/wp-content\/uploads\/2021\/07\/agricultural-plastic-crates.mp4<\/a><\/video><\/div>\n<p><strong>Aplicaci\u00f3n de estas cajas de pl\u00e1stico para verduras<\/strong><\/p>\n<p><img loading=\"lazy\" decoding=\"async\" class=\"alignnone wp-image-6527\" src=\"https:\/\/www.vegcrates.com\/wp-content\/uploads\/2021\/06\/vegetable-crates-application-1-1024x265.png\" alt=\"Aplicaci\u00f3n para cajas de verduras\" width=\"800\" height=\"207\" srcset=\"https:\/\/www.vegcrates.com\/wp-content\/uploads\/2021\/06\/vegetable-crates-application-1-1024x265.png 1024w, https:\/\/www.vegcrates.com\/wp-content\/uploads\/2021\/06\/vegetable-crates-application-1-300x78.png 300w, https:\/\/www.vegcrates.com\/wp-content\/uploads\/2021\/06\/vegetable-crates-application-1-768x199.png 768w, https:\/\/www.vegcrates.com\/wp-content\/uploads\/2021\/06\/vegetable-crates-application-1-600x155.png 600w, https:\/\/www.vegcrates.com\/wp-content\/uploads\/2021\/06\/vegetable-crates-application-1.png 1522w\" sizes=\"auto, (max-width: 800px) 100vw, 800px\" \/> <img loading=\"lazy\" decoding=\"async\" class=\"alignnone wp-image-6528\" src=\"https:\/\/www.vegcrates.com\/wp-content\/uploads\/2021\/06\/vegetable-crates-application-2-1024x437.png\" alt=\"Aplicaci\u00f3n para cajas de verduras\" width=\"800\" height=\"341\" srcset=\"https:\/\/www.vegcrates.com\/wp-content\/uploads\/2021\/06\/vegetable-crates-application-2-1024x437.png 1024w, https:\/\/www.vegcrates.com\/wp-content\/uploads\/2021\/06\/vegetable-crates-application-2-300x128.png 300w, https:\/\/www.vegcrates.com\/wp-content\/uploads\/2021\/06\/vegetable-crates-application-2-768x327.png 768w, https:\/\/www.vegcrates.com\/wp-content\/uploads\/2021\/06\/vegetable-crates-application-2-600x256.png 600w, https:\/\/www.vegcrates.com\/wp-content\/uploads\/2021\/06\/vegetable-crates-application-2.png 1520w\" sizes=\"auto, (max-width: 800px) 100vw, 800px\" \/> <img loading=\"lazy\" decoding=\"async\" class=\"alignnone wp-image-6529\" src=\"https:\/\/www.vegcrates.com\/wp-content\/uploads\/2021\/06\/vegetable-crates-application-3-1024x361.png\" alt=\"Aplicaci\u00f3n para cajas de verduras\" width=\"800\" height=\"282\" srcset=\"https:\/\/www.vegcrates.com\/wp-content\/uploads\/2021\/06\/vegetable-crates-application-3-1024x361.png 1024w, https:\/\/www.vegcrates.com\/wp-content\/uploads\/2021\/06\/vegetable-crates-application-3-300x106.png 300w, https:\/\/www.vegcrates.com\/wp-content\/uploads\/2021\/06\/vegetable-crates-application-3-768x271.png 768w, https:\/\/www.vegcrates.com\/wp-content\/uploads\/2021\/06\/vegetable-crates-application-3-600x212.png 600w, https:\/\/www.vegcrates.com\/wp-content\/uploads\/2021\/06\/vegetable-crates-application-3.png 1520w\" sizes=\"auto, (max-width: 800px) 100vw, 800px\" \/> <img loading=\"lazy\" decoding=\"async\" class=\"alignnone wp-image-6530\" src=\"https:\/\/www.vegcrates.com\/wp-content\/uploads\/2021\/06\/vegetable-crates-application-4-1024x350.png\" alt=\"Aplicaci\u00f3n para cajas de verduras\" width=\"800\" height=\"274\" srcset=\"https:\/\/www.vegcrates.com\/wp-content\/uploads\/2021\/06\/vegetable-crates-application-4-1024x350.png 1024w, https:\/\/www.vegcrates.com\/wp-content\/uploads\/2021\/06\/vegetable-crates-application-4-300x103.png 300w, https:\/\/www.vegcrates.com\/wp-content\/uploads\/2021\/06\/vegetable-crates-application-4-768x263.png 768w, https:\/\/www.vegcrates.com\/wp-content\/uploads\/2021\/06\/vegetable-crates-application-4-600x205.png 600w, https:\/\/www.vegcrates.com\/wp-content\/uploads\/2021\/06\/vegetable-crates-application-4.png 1520w\" sizes=\"auto, (max-width: 800px) 100vw, 800px\" \/><\/p>\n<p>&nbsp;<\/p>\n<p>Las cajas de pl\u00e1stico para verduras est\u00e1n disponibles en varios tama\u00f1os y estilos para recoger, procesar y enviar frutas y verduras peque\u00f1as como fresas o esp\u00e1rragos.<\/p>\n<p><strong>Embalaje y entrega<\/strong><\/p>\n<p><img loading=\"lazy\" decoding=\"async\" class=\"alignnone wp-image-6531\" src=\"https:\/\/www.vegcrates.com\/wp-content\/uploads\/2021\/06\/foldable-crates-for-groceries-delivery-1024x505.png\" alt=\"cajas plegables para entrega de comestibles\" width=\"800\" height=\"395\" srcset=\"https:\/\/www.vegcrates.com\/wp-content\/uploads\/2021\/06\/foldable-crates-for-groceries-delivery-1024x505.png 1024w, https:\/\/www.vegcrates.com\/wp-content\/uploads\/2021\/06\/foldable-crates-for-groceries-delivery-300x148.png 300w, https:\/\/www.vegcrates.com\/wp-content\/uploads\/2021\/06\/foldable-crates-for-groceries-delivery-768x379.png 768w, https:\/\/www.vegcrates.com\/wp-content\/uploads\/2021\/06\/foldable-crates-for-groceries-delivery-600x296.png 600w, https:\/\/www.vegcrates.com\/wp-content\/uploads\/2021\/06\/foldable-crates-for-groceries-delivery.png 1528w\" sizes=\"auto, (max-width: 800px) 100vw, 800px\" \/><\/p>\n<p><strong>Caracter\u00edsticas y beneficios<\/strong><\/p>\n<ul>\n<li>Fabricado con materiales que cumplen con la FDA<\/li>\n<li>Resiste la exposici\u00f3n a la luz solar y a los procesos de enfriamiento; resiste el impacto y la humedad; no se astilla, no se pudre ni absorbe olores.<\/li>\n<li>Interiores f\u00e1ciles de limpiar<\/li>\n<li>Se apilan cuando est\u00e1n cargados y se anidan cuando est\u00e1n vac\u00edos para optimizar el espacio.<\/li>\n<li>Dise\u00f1os ventilados para enfriamiento r\u00e1pido, control de temperatura y drenaje.<\/li>\n<li>\u00daselo con temperaturas de -20\u02da a 120\u02da F<\/li>\n<li>Opciones de personalizaci\u00f3n e identificaci\u00f3n disponibles<\/li>\n<li>Respaldado por una garant\u00eda limitada de un a\u00f1o<\/li>\n<li>100% HDPE reciclable<\/li>\n<\/ul>","protected":false},"excerpt":{"rendered":"<p>Tambi\u00e9n te puede interesar <a href=\"https:\/\/www.vegcrates.com\/es\/categoria-producto\/caja-de-almacenamiento-plegable\/\" target=\"_blank\" rel=\"noopener\">cajas de pl\u00e1stico plegables<\/a>,<a href=\"https:\/\/www.vegcrates.com\/es\/categoria-producto\/contenedores-de-euros\/\" target=\"_blank\" rel=\"noopener\">cajas de euro<\/a><\/p>","protected":false},"featured_media":6566,"comment_status":"closed","ping_status":"closed","template":"","meta":[],"product_cat":[25],"product_tag":[114,87,85],"class_list":["post-6563","product","type-product","status-publish","has-post-thumbnail","hentry","product_cat-vegetable-harvest-crates","product_tag-foldable-crates-for-groceries","product_tag-plastic-vegetable-and-fruit-crate","product_tag-plastic-vegetable-basket"],"acf":[],"_links":{"self":[{"href":"https:\/\/www.vegcrates.com\/es\/wp-json\/wp\/v2\/product\/6563","targetHints":{"allow":["GET"]}}],"collection":[{"href":"https:\/\/www.vegcrates.com\/es\/wp-json\/wp\/v2\/product"}],"about":[{"href":"https:\/\/www.vegcrates.com\/es\/wp-json\/wp\/v2\/types\/product"}],"replies":[{"embeddable":true,"href":"https:\/\/www.vegcrates.com\/es\/wp-json\/wp\/v2\/comments?post=6563"}],"wp:featuredmedia":[{"embeddable":true,"href":"https:\/\/www.vegcrates.com\/es\/wp-json\/wp\/v2\/media\/6566"}],"wp:attachment":[{"href":"https:\/\/www.vegcrates.com\/es\/wp-json\/wp\/v2\/media?parent=6563"}],"wp:term":[{"taxonomy":"product_cat","embeddable":true,"href":"https:\/\/www.vegcrates.com\/es\/wp-json\/wp\/v2\/product_cat?post=6563"},{"taxonomy":"product_tag","embeddable":true,"href":"https:\/\/www.vegcrates.com\/es\/wp-json\/wp\/v2\/product_tag?post=6563"}],"curies":[{"name":"wp","href":"https:\/\/api.w.org\/{rel}","templated":true}]}}