{"id":6549,"date":"2021-06-27T10:41:11","date_gmt":"2021-06-27T10:41:11","guid":{"rendered":"https:\/\/www.vegcrates.com\/?post_type=product&#038;p=6549"},"modified":"2023-05-18T22:11:17","modified_gmt":"2023-05-18T22:11:17","slug":"ventilated-plastic-crates-for-shrimp","status":"publish","type":"product","link":"https:\/\/www.vegcrates.com\/es\/producto\/cajas-de-plastico-ventiladas-para-camarones\/","title":{"rendered":"Cajas de pl\u00e1stico ventiladas para camarones"},"content":{"rendered":"<p>Estas cajas de pl\u00e1stico ventiladas para camarones est\u00e1n fabricadas con materiales de alta calidad y las \u00faltimas t\u00e9cnicas para garantizar su mayor durabilidad y excelente calidad. Considerando la naturaleza perecedera de las frutas y verduras, las cajas cuentan con una excelente ventilaci\u00f3n y un interior liso. Son aptas para tomates, manzanas, naranjas, uvas, mangos, etc., y tienen un exterior resistente para soportar la carga.<\/p>\n<p><img loading=\"lazy\" decoding=\"async\" class=\"alignnone size-full wp-image-6556\" src=\"https:\/\/www.vegcrates.com\/wp-content\/uploads\/2021\/06\/ventilated-plastic-crates-detail.png\" alt=\"Detalle de cajas de pl\u00e1stico ventiladas\" width=\"750\" height=\"750\" srcset=\"https:\/\/www.vegcrates.com\/wp-content\/uploads\/2021\/06\/ventilated-plastic-crates-detail.png 750w, https:\/\/www.vegcrates.com\/wp-content\/uploads\/2021\/06\/ventilated-plastic-crates-detail-300x300.png 300w, https:\/\/www.vegcrates.com\/wp-content\/uploads\/2021\/06\/ventilated-plastic-crates-detail-150x150.png 150w, https:\/\/www.vegcrates.com\/wp-content\/uploads\/2021\/06\/ventilated-plastic-crates-detail-400x400.png 400w, https:\/\/www.vegcrates.com\/wp-content\/uploads\/2021\/06\/ventilated-plastic-crates-detail-600x600.png 600w, https:\/\/www.vegcrates.com\/wp-content\/uploads\/2021\/06\/ventilated-plastic-crates-detail-100x100.png 100w\" sizes=\"auto, (max-width: 750px) 100vw, 750px\" \/><\/p>\n<p>&nbsp;<\/p>\n<p>Detalles del producto<\/p>\n<table class=\"table\">\n<tbody>\n<tr>\n<td>Nombre del producto<\/td>\n<td>Cajas de pl\u00e1stico ventiladas<\/td>\n<\/tr>\n<\/tbody>\n<tbody>\n<tr>\n<td>material<\/td>\n<td>HDPE de grado alimenticio<\/td>\n<\/tr>\n<\/tbody>\n<tbody>\n<tr>\n<td>tama\u00f1o<\/td>\n<td>618*415*180 mm<\/td>\n<\/tr>\n<\/tbody>\n<tbody>\n<tr>\n<td>peso<\/td>\n<td>1,6 kg<\/td>\n<\/tr>\n<\/tbody>\n<tbody>\n<tr>\n<td>color<\/td>\n<td>blanco, azul, rojo<\/td>\n<\/tr>\n<\/tbody>\n<tbody>\n<tr>\n<td>logotipo personalizado<\/td>\n<td>aceptado<\/td>\n<\/tr>\n<\/tbody>\n<tbody>\n<tr>\n<td>Ventajas<\/td>\n<td>cajas de pl\u00e1stico<\/td>\n<\/tr>\n<\/tbody>\n<\/table>\n<div>\n<div>\n<table>\n<tbody>\n<tr>\n<td>Cantidad por 20GP\/40HQ<\/td>\n<td>585 piezas \/ 1620 piezas<\/td>\n<\/tr>\n<\/tbody>\n<\/table>\n<\/div>\n<\/div>\n<p><strong>Aplicaci\u00f3n de cajas de pl\u00e1stico para verduras<\/strong><\/p>\n<p><img loading=\"lazy\" decoding=\"async\" class=\"alignnone size-full wp-image-6557\" src=\"https:\/\/www.vegcrates.com\/wp-content\/uploads\/2021\/06\/ventilated-plastic-crates-detail-2.png\" alt=\"cajas de pl\u00e1stico ventiladas\" width=\"750\" height=\"347\" srcset=\"https:\/\/www.vegcrates.com\/wp-content\/uploads\/2021\/06\/ventilated-plastic-crates-detail-2.png 750w, https:\/\/www.vegcrates.com\/wp-content\/uploads\/2021\/06\/ventilated-plastic-crates-detail-2-300x139.png 300w, https:\/\/www.vegcrates.com\/wp-content\/uploads\/2021\/06\/ventilated-plastic-crates-detail-2-600x278.png 600w\" sizes=\"auto, (max-width: 750px) 100vw, 750px\" \/><\/p>\n<p><img loading=\"lazy\" decoding=\"async\" class=\"alignnone wp-image-6558 size-full\" src=\"https:\/\/www.vegcrates.com\/wp-content\/uploads\/2021\/06\/ventilated-plastic-crates-application.png\" alt=\"Aplicaci\u00f3n de cajas de pl\u00e1stico ventiladas\" width=\"718\" height=\"1132\" srcset=\"https:\/\/www.vegcrates.com\/wp-content\/uploads\/2021\/06\/ventilated-plastic-crates-application.png 718w, https:\/\/www.vegcrates.com\/wp-content\/uploads\/2021\/06\/ventilated-plastic-crates-application-190x300.png 190w, https:\/\/www.vegcrates.com\/wp-content\/uploads\/2021\/06\/ventilated-plastic-crates-application-649x1024.png 649w, https:\/\/www.vegcrates.com\/wp-content\/uploads\/2021\/06\/ventilated-plastic-crates-application-600x946.png 600w\" sizes=\"auto, (max-width: 718px) 100vw, 718px\" \/><\/p>\n<p><img loading=\"lazy\" decoding=\"async\" class=\"alignnone wp-image-6528\" src=\"https:\/\/www.vegcrates.com\/wp-content\/uploads\/2021\/06\/vegetable-crates-application-2-1024x437.png\" alt=\"Aplicaci\u00f3n para cajas de verduras\" width=\"800\" height=\"341\" srcset=\"https:\/\/www.vegcrates.com\/wp-content\/uploads\/2021\/06\/vegetable-crates-application-2-1024x437.png 1024w, https:\/\/www.vegcrates.com\/wp-content\/uploads\/2021\/06\/vegetable-crates-application-2-300x128.png 300w, https:\/\/www.vegcrates.com\/wp-content\/uploads\/2021\/06\/vegetable-crates-application-2-768x327.png 768w, https:\/\/www.vegcrates.com\/wp-content\/uploads\/2021\/06\/vegetable-crates-application-2-600x256.png 600w, https:\/\/www.vegcrates.com\/wp-content\/uploads\/2021\/06\/vegetable-crates-application-2.png 1520w\" sizes=\"auto, (max-width: 800px) 100vw, 800px\" \/> <img loading=\"lazy\" decoding=\"async\" class=\"alignnone wp-image-6529\" src=\"https:\/\/www.vegcrates.com\/wp-content\/uploads\/2021\/06\/vegetable-crates-application-3-1024x361.png\" alt=\"Aplicaci\u00f3n para cajas de verduras\" width=\"800\" height=\"282\" srcset=\"https:\/\/www.vegcrates.com\/wp-content\/uploads\/2021\/06\/vegetable-crates-application-3-1024x361.png 1024w, https:\/\/www.vegcrates.com\/wp-content\/uploads\/2021\/06\/vegetable-crates-application-3-300x106.png 300w, https:\/\/www.vegcrates.com\/wp-content\/uploads\/2021\/06\/vegetable-crates-application-3-768x271.png 768w, https:\/\/www.vegcrates.com\/wp-content\/uploads\/2021\/06\/vegetable-crates-application-3-600x212.png 600w, https:\/\/www.vegcrates.com\/wp-content\/uploads\/2021\/06\/vegetable-crates-application-3.png 1520w\" sizes=\"auto, (max-width: 800px) 100vw, 800px\" \/> <img loading=\"lazy\" decoding=\"async\" class=\"alignnone wp-image-6530\" src=\"https:\/\/www.vegcrates.com\/wp-content\/uploads\/2021\/06\/vegetable-crates-application-4-1024x350.png\" alt=\"Aplicaci\u00f3n para cajas de verduras\" width=\"800\" height=\"274\" srcset=\"https:\/\/www.vegcrates.com\/wp-content\/uploads\/2021\/06\/vegetable-crates-application-4-1024x350.png 1024w, https:\/\/www.vegcrates.com\/wp-content\/uploads\/2021\/06\/vegetable-crates-application-4-300x103.png 300w, https:\/\/www.vegcrates.com\/wp-content\/uploads\/2021\/06\/vegetable-crates-application-4-768x263.png 768w, https:\/\/www.vegcrates.com\/wp-content\/uploads\/2021\/06\/vegetable-crates-application-4-600x205.png 600w, https:\/\/www.vegcrates.com\/wp-content\/uploads\/2021\/06\/vegetable-crates-application-4.png 1520w\" sizes=\"auto, (max-width: 800px) 100vw, 800px\" \/><\/p>\n<p>&nbsp;<\/p>\n<p>Las cajas de pl\u00e1stico para verduras est\u00e1n disponibles en varios tama\u00f1os y estilos para recoger, procesar y enviar frutas y verduras peque\u00f1as como fresas o esp\u00e1rragos.<\/p>\n<p><strong>Embalaje y entrega<\/strong><\/p>\n<p><img loading=\"lazy\" decoding=\"async\" class=\"alignnone wp-image-6531\" src=\"https:\/\/www.vegcrates.com\/wp-content\/uploads\/2021\/06\/foldable-crates-for-groceries-delivery-1024x505.png\" alt=\"cajas plegables para entrega de comestibles\" width=\"800\" height=\"395\" srcset=\"https:\/\/www.vegcrates.com\/wp-content\/uploads\/2021\/06\/foldable-crates-for-groceries-delivery-1024x505.png 1024w, https:\/\/www.vegcrates.com\/wp-content\/uploads\/2021\/06\/foldable-crates-for-groceries-delivery-300x148.png 300w, https:\/\/www.vegcrates.com\/wp-content\/uploads\/2021\/06\/foldable-crates-for-groceries-delivery-768x379.png 768w, https:\/\/www.vegcrates.com\/wp-content\/uploads\/2021\/06\/foldable-crates-for-groceries-delivery-600x296.png 600w, https:\/\/www.vegcrates.com\/wp-content\/uploads\/2021\/06\/foldable-crates-for-groceries-delivery.png 1528w\" sizes=\"auto, (max-width: 800px) 100vw, 800px\" \/><\/p>\n<p><strong>Caracter\u00edsticas y beneficios<\/strong><\/p>\n<ul>\n<li>Fabricado con materiales que cumplen con la FDA<\/li>\n<li>Resiste la exposici\u00f3n a la luz solar y a los procesos de enfriamiento; resiste el impacto y la humedad; no se astilla, no se pudre ni absorbe olores.<\/li>\n<li>Interiores f\u00e1ciles de limpiar<\/li>\n<li>Se apilan cuando est\u00e1n cargados y se anidan cuando est\u00e1n vac\u00edos para optimizar el espacio.<\/li>\n<li>Dise\u00f1os ventilados para enfriamiento r\u00e1pido, control de temperatura y drenaje.<\/li>\n<li>\u00daselo con temperaturas de -20\u02da a 120\u02da F<\/li>\n<li>Opciones de personalizaci\u00f3n e identificaci\u00f3n disponibles<\/li>\n<li>Respaldado por una garant\u00eda limitada de un a\u00f1o<\/li>\n<li>100% HDPE reciclable<\/li>\n<\/ul>","protected":false},"excerpt":{"rendered":"<p>Tambi\u00e9n te puede interesar <a href=\"https:\/\/www.vegcrates.com\/es\/categoria-producto\/caja-de-almacenamiento-plegable\/\" target=\"_blank\" rel=\"noopener\">cajas plegables<\/a>,<a href=\"https:\/\/www.vegcrates.com\/es\/categoria-producto\/contenedores-de-euros\/\" target=\"_blank\" rel=\"noopener\">cajas de euro en venta<\/a><\/p>","protected":false},"featured_media":6554,"comment_status":"closed","ping_status":"closed","template":"","meta":[],"product_cat":[25],"product_tag":[87,85],"class_list":["post-6549","product","type-product","status-publish","has-post-thumbnail","hentry","product_cat-vegetable-harvest-crates","product_tag-plastic-vegetable-and-fruit-crate","product_tag-plastic-vegetable-basket"],"acf":[],"_links":{"self":[{"href":"https:\/\/www.vegcrates.com\/es\/wp-json\/wp\/v2\/product\/6549","targetHints":{"allow":["GET"]}}],"collection":[{"href":"https:\/\/www.vegcrates.com\/es\/wp-json\/wp\/v2\/product"}],"about":[{"href":"https:\/\/www.vegcrates.com\/es\/wp-json\/wp\/v2\/types\/product"}],"replies":[{"embeddable":true,"href":"https:\/\/www.vegcrates.com\/es\/wp-json\/wp\/v2\/comments?post=6549"}],"wp:featuredmedia":[{"embeddable":true,"href":"https:\/\/www.vegcrates.com\/es\/wp-json\/wp\/v2\/media\/6554"}],"wp:attachment":[{"href":"https:\/\/www.vegcrates.com\/es\/wp-json\/wp\/v2\/media?parent=6549"}],"wp:term":[{"taxonomy":"product_cat","embeddable":true,"href":"https:\/\/www.vegcrates.com\/es\/wp-json\/wp\/v2\/product_cat?post=6549"},{"taxonomy":"product_tag","embeddable":true,"href":"https:\/\/www.vegcrates.com\/es\/wp-json\/wp\/v2\/product_tag?post=6549"}],"curies":[{"name":"wp","href":"https:\/\/api.w.org\/{rel}","templated":true}]}}