{"id":6540,"date":"2021-06-27T10:11:50","date_gmt":"2021-06-27T10:11:50","guid":{"rendered":"https:\/\/www.vegcrates.com\/?post_type=product&#038;p=6540"},"modified":"2023-05-18T22:11:30","modified_gmt":"2023-05-18T22:11:30","slug":"stackable-produce-crates","status":"publish","type":"product","link":"https:\/\/www.vegcrates.com\/es\/producto\/cajas-apilables-para-productos-agricolas\/","title":{"rendered":"cajas apilables para productos agr\u00edcolas"},"content":{"rendered":"<p>Estas cajas apilables para frutas y verduras est\u00e1n fabricadas con materiales de alta calidad y las t\u00e9cnicas m\u00e1s modernas para garantizar su mayor durabilidad y excelente calidad. Considerando la naturaleza perecedera de las frutas y verduras, las cajas cuentan con una excelente ventilaci\u00f3n y un interior liso. Son aptas para tomates, manzanas, naranjas, uvas, mangos, etc., y cuentan con un exterior resistente para soportar la carga.<\/p>\n<p><img loading=\"lazy\" decoding=\"async\" class=\"alignnone size-full wp-image-6547\" src=\"https:\/\/www.vegcrates.com\/wp-content\/uploads\/2021\/06\/stackable-produce-crates-application.jpeg\" alt=\"Aplicaci\u00f3n de cajas apilables para productos agr\u00edcolas\" width=\"750\" height=\"290\" srcset=\"https:\/\/www.vegcrates.com\/wp-content\/uploads\/2021\/06\/stackable-produce-crates-application.jpeg 750w, https:\/\/www.vegcrates.com\/wp-content\/uploads\/2021\/06\/stackable-produce-crates-application-300x116.jpeg 300w, https:\/\/www.vegcrates.com\/wp-content\/uploads\/2021\/06\/stackable-produce-crates-application-600x232.jpeg 600w\" sizes=\"auto, (max-width: 750px) 100vw, 750px\" \/><\/p>\n<p>Detalles del producto<\/p>\n<div class=\"table-responsive\">\n<table class=\"table\">\n<tbody>\n<tr>\n<td colspan=\"1\" rowspan=\"1\">\n<div class=\"magic-5\"><span class=\"magic-6\" style=\"color: #000000; font-family: Arial;\"><b data-spm-anchor-id=\"a2700.siteadmin.0.i31.41db3333Tc3boV\">Dimensiones<\/b><\/span><\/div>\n<\/td>\n<td colspan=\"1\" rowspan=\"1\">\n<div class=\"magic-7\"><span class=\"magic-6\" style=\"color: #000000; font-family: Arial;\" data-spm-anchor-id=\"a2700.details.0.i41.3b378557YPNL4f\">535 x 413 x 228 mm<\/span><\/div>\n<\/td>\n<\/tr>\n<tr>\n<td colspan=\"1\" rowspan=\"1\">\n<div class=\"magic-5\"><span class=\"magic-6\" style=\"color: #000000; font-family: Arial;\"><b>Capacidad de carga<\/b><\/span><\/div>\n<\/td>\n<td colspan=\"1\" rowspan=\"1\">\n<div class=\"magic-7\"><span class=\"magic-6\" style=\"color: #000000; font-family: Arial;\">35 kilos<\/span><\/div>\n<\/td>\n<\/tr>\n<tr>\n<td colspan=\"1\" rowspan=\"1\">\n<div class=\"magic-5\"><span class=\"magic-6\" style=\"color: #000000; font-family: Arial;\"><b>Capacidad de pila<\/b><\/span><\/div>\n<\/td>\n<td colspan=\"1\" rowspan=\"1\">\n<div class=\"magic-7\" data-spm-anchor-id=\"a2700.details.0.i34.3b378557YPNL4f\"><span class=\"magic-6\" style=\"color: #000000; font-family: Arial;\" data-spm-anchor-id=\"a2700.siteadmin.0.i28.41db3333Tc3boV\">210 kilos<\/span><\/div>\n<\/td>\n<\/tr>\n<tr>\n<td colspan=\"1\" rowspan=\"1\">\n<div class=\"magic-5\"><span class=\"magic-6\" style=\"color: #000000; font-family: Arial;\"><b>Volumen<\/b><\/span><\/div>\n<\/td>\n<td colspan=\"1\" rowspan=\"1\">\n<div class=\"magic-7\"><span class=\"magic-6\" style=\"color: #000000; font-family: Arial;\">42,2 litros<\/span><\/div>\n<\/td>\n<\/tr>\n<tr>\n<td colspan=\"1\" rowspan=\"1\">\n<div class=\"magic-5\"><span class=\"magic-6\" style=\"color: #000000; font-family: Arial;\"><b>Tipo<\/b><\/span><\/div>\n<\/td>\n<td colspan=\"1\" rowspan=\"1\">\n<div class=\"magic-7\"><span class=\"magic-6\" style=\"color: #000000; font-family: Arial;\" data-spm-anchor-id=\"a2700.siteadmin.0.i33.41db3333Tc3boV\">Ventilado<\/span><\/div>\n<\/td>\n<\/tr>\n<tr>\n<td colspan=\"1\" rowspan=\"1\">\n<div class=\"magic-5\"><span class=\"magic-6\" style=\"color: #000000; font-family: Arial;\"><b>Material<\/b><\/span><\/div>\n<\/td>\n<td colspan=\"1\" rowspan=\"1\">\n<div class=\"magic-7\"><span class=\"magic-6\" style=\"color: #000000; font-family: Arial;\">100% PP virgen<\/span><\/div>\n<\/td>\n<\/tr>\n<tr>\n<td colspan=\"1\" rowspan=\"1\">\n<div class=\"magic-5\"><span class=\"magic-6\" style=\"color: #000000; font-family: Arial;\"><b>Peso<\/b><\/span><\/div>\n<\/td>\n<td colspan=\"1\" rowspan=\"1\">\n<div class=\"magic-7\"><span class=\"magic-6\" style=\"color: #000000; font-family: Arial;\">1,39 kg<\/span><\/div>\n<\/td>\n<\/tr>\n<tr>\n<td colspan=\"1\" rowspan=\"1\">\n<div class=\"magic-5\"><span class=\"magic-6\" style=\"color: #000000; font-family: Arial;\"><b>Color<\/b><\/span><\/div>\n<\/td>\n<td colspan=\"1\" rowspan=\"1\">\n<div class=\"magic-7\"><span class=\"magic-6\" style=\"color: #000000; font-family: Arial;\">Azul, personalizado, etc.<\/span><\/div>\n<\/td>\n<\/tr>\n<tr>\n<td colspan=\"1\" rowspan=\"1\">\n<div class=\"magic-5\"><span class=\"magic-6\" style=\"color: #000000; font-family: Arial;\"><b class=\"magic-8\">Proceso de dar un t\u00edtulo<\/b><\/span><\/div>\n<\/td>\n<td colspan=\"1\" rowspan=\"1\">\n<div class=\"magic-7\" data-spm-anchor-id=\"a2700.details.0.i36.3b378557YPNL4f\"><span class=\"magic-6\" style=\"color: #000000; font-family: Arial;\">ISO 9001:2008<\/span><\/div>\n<\/td>\n<\/tr>\n<tr>\n<td colspan=\"1\" rowspan=\"1\">\n<div class=\"magic-5\"><span class=\"magic-6\" style=\"color: #000000; font-family: Arial;\"><b>Solicitud<\/b><\/span><\/div>\n<\/td>\n<td colspan=\"1\" rowspan=\"1\">\n<div class=\"magic-7\"><span class=\"magic-6\" style=\"color: #000000; font-family: Arial;\">Embalaje, env\u00edo, transporte, log\u00edstica.<\/span><\/div>\n<\/td>\n<\/tr>\n<\/tbody>\n<\/table>\n<\/div>\n<p>&nbsp;<\/p>\n<p>&nbsp;<\/p>\n<p><strong>Aplicaci\u00f3n de cajas de pl\u00e1stico para verduras<\/strong><\/p>\n<p><img loading=\"lazy\" decoding=\"async\" class=\"alignnone wp-image-6527\" src=\"https:\/\/www.vegcrates.com\/wp-content\/uploads\/2021\/06\/vegetable-crates-application-1-1024x265.png\" alt=\"Aplicaci\u00f3n para cajas de verduras\" width=\"800\" height=\"207\" srcset=\"https:\/\/www.vegcrates.com\/wp-content\/uploads\/2021\/06\/vegetable-crates-application-1-1024x265.png 1024w, https:\/\/www.vegcrates.com\/wp-content\/uploads\/2021\/06\/vegetable-crates-application-1-300x78.png 300w, https:\/\/www.vegcrates.com\/wp-content\/uploads\/2021\/06\/vegetable-crates-application-1-768x199.png 768w, https:\/\/www.vegcrates.com\/wp-content\/uploads\/2021\/06\/vegetable-crates-application-1-600x155.png 600w, https:\/\/www.vegcrates.com\/wp-content\/uploads\/2021\/06\/vegetable-crates-application-1.png 1522w\" sizes=\"auto, (max-width: 800px) 100vw, 800px\" \/> <img loading=\"lazy\" decoding=\"async\" class=\"alignnone wp-image-6528\" src=\"https:\/\/www.vegcrates.com\/wp-content\/uploads\/2021\/06\/vegetable-crates-application-2-1024x437.png\" alt=\"Aplicaci\u00f3n para cajas de verduras\" width=\"800\" height=\"341\" srcset=\"https:\/\/www.vegcrates.com\/wp-content\/uploads\/2021\/06\/vegetable-crates-application-2-1024x437.png 1024w, https:\/\/www.vegcrates.com\/wp-content\/uploads\/2021\/06\/vegetable-crates-application-2-300x128.png 300w, https:\/\/www.vegcrates.com\/wp-content\/uploads\/2021\/06\/vegetable-crates-application-2-768x327.png 768w, https:\/\/www.vegcrates.com\/wp-content\/uploads\/2021\/06\/vegetable-crates-application-2-600x256.png 600w, https:\/\/www.vegcrates.com\/wp-content\/uploads\/2021\/06\/vegetable-crates-application-2.png 1520w\" sizes=\"auto, (max-width: 800px) 100vw, 800px\" \/> <img loading=\"lazy\" decoding=\"async\" class=\"alignnone wp-image-6529\" src=\"https:\/\/www.vegcrates.com\/wp-content\/uploads\/2021\/06\/vegetable-crates-application-3-1024x361.png\" alt=\"Aplicaci\u00f3n para cajas de verduras\" width=\"800\" height=\"282\" srcset=\"https:\/\/www.vegcrates.com\/wp-content\/uploads\/2021\/06\/vegetable-crates-application-3-1024x361.png 1024w, https:\/\/www.vegcrates.com\/wp-content\/uploads\/2021\/06\/vegetable-crates-application-3-300x106.png 300w, https:\/\/www.vegcrates.com\/wp-content\/uploads\/2021\/06\/vegetable-crates-application-3-768x271.png 768w, https:\/\/www.vegcrates.com\/wp-content\/uploads\/2021\/06\/vegetable-crates-application-3-600x212.png 600w, https:\/\/www.vegcrates.com\/wp-content\/uploads\/2021\/06\/vegetable-crates-application-3.png 1520w\" sizes=\"auto, (max-width: 800px) 100vw, 800px\" \/> <img loading=\"lazy\" decoding=\"async\" class=\"alignnone wp-image-6530\" src=\"https:\/\/www.vegcrates.com\/wp-content\/uploads\/2021\/06\/vegetable-crates-application-4-1024x350.png\" alt=\"Aplicaci\u00f3n para cajas de verduras\" width=\"800\" height=\"274\" srcset=\"https:\/\/www.vegcrates.com\/wp-content\/uploads\/2021\/06\/vegetable-crates-application-4-1024x350.png 1024w, https:\/\/www.vegcrates.com\/wp-content\/uploads\/2021\/06\/vegetable-crates-application-4-300x103.png 300w, https:\/\/www.vegcrates.com\/wp-content\/uploads\/2021\/06\/vegetable-crates-application-4-768x263.png 768w, https:\/\/www.vegcrates.com\/wp-content\/uploads\/2021\/06\/vegetable-crates-application-4-600x205.png 600w, https:\/\/www.vegcrates.com\/wp-content\/uploads\/2021\/06\/vegetable-crates-application-4.png 1520w\" sizes=\"auto, (max-width: 800px) 100vw, 800px\" \/><\/p>\n<p>&nbsp;<\/p>\n<p>Las cajas de pl\u00e1stico para verduras est\u00e1n disponibles en varios tama\u00f1os y estilos para recoger, procesar y enviar frutas y verduras peque\u00f1as como fresas o esp\u00e1rragos.<\/p>\n<p><strong>Embalaje y entrega<\/strong><\/p>\n<p><img loading=\"lazy\" decoding=\"async\" class=\"alignnone wp-image-6531\" src=\"https:\/\/www.vegcrates.com\/wp-content\/uploads\/2021\/06\/foldable-crates-for-groceries-delivery-1024x505.png\" alt=\"cajas plegables para entrega de comestibles\" width=\"800\" height=\"395\" srcset=\"https:\/\/www.vegcrates.com\/wp-content\/uploads\/2021\/06\/foldable-crates-for-groceries-delivery-1024x505.png 1024w, https:\/\/www.vegcrates.com\/wp-content\/uploads\/2021\/06\/foldable-crates-for-groceries-delivery-300x148.png 300w, https:\/\/www.vegcrates.com\/wp-content\/uploads\/2021\/06\/foldable-crates-for-groceries-delivery-768x379.png 768w, https:\/\/www.vegcrates.com\/wp-content\/uploads\/2021\/06\/foldable-crates-for-groceries-delivery-600x296.png 600w, https:\/\/www.vegcrates.com\/wp-content\/uploads\/2021\/06\/foldable-crates-for-groceries-delivery.png 1528w\" sizes=\"auto, (max-width: 800px) 100vw, 800px\" \/><\/p>\n<p><strong>Caracter\u00edsticas y beneficios<\/strong><\/p>\n<ul>\n<li>Fabricado con materiales que cumplen con la FDA<\/li>\n<li>Resiste la exposici\u00f3n a la luz solar y a los procesos de enfriamiento; resiste el impacto y la humedad; no se astilla, no se pudre ni absorbe olores.<\/li>\n<li>Interiores f\u00e1ciles de limpiar<\/li>\n<li>Se apilan cuando est\u00e1n cargados y se anidan cuando est\u00e1n vac\u00edos para optimizar el espacio.<\/li>\n<li>Dise\u00f1os ventilados para enfriamiento r\u00e1pido, control de temperatura y drenaje.<\/li>\n<li>\u00daselo con temperaturas de -20\u02da a 120\u02da F<\/li>\n<li>Opciones de personalizaci\u00f3n e identificaci\u00f3n disponibles<\/li>\n<li>Respaldado por una garant\u00eda limitada de un a\u00f1o<\/li>\n<li>100% HDPE reciclable<\/li>\n<\/ul>","protected":false},"excerpt":{"rendered":"<p>Tambi\u00e9n te puede interesar <a href=\"https:\/\/www.vegcrates.com\/es\/categoria-producto\/caja-de-almacenamiento-plegable\/\" target=\"_blank\" rel=\"noopener\">cajas de almacenamiento plegables<\/a>,<a href=\"https:\/\/www.vegcrates.com\/es\/categoria-producto\/contenedores-de-euros\/\" target=\"_blank\" rel=\"noopener\">Contenedor europeo en venta<\/a><\/p>","protected":false},"featured_media":6541,"comment_status":"closed","ping_status":"closed","template":"","meta":[],"product_cat":[25],"product_tag":[87,85],"class_list":["post-6540","product","type-product","status-publish","has-post-thumbnail","hentry","product_cat-vegetable-harvest-crates","product_tag-plastic-vegetable-and-fruit-crate","product_tag-plastic-vegetable-basket"],"acf":[],"_links":{"self":[{"href":"https:\/\/www.vegcrates.com\/es\/wp-json\/wp\/v2\/product\/6540","targetHints":{"allow":["GET"]}}],"collection":[{"href":"https:\/\/www.vegcrates.com\/es\/wp-json\/wp\/v2\/product"}],"about":[{"href":"https:\/\/www.vegcrates.com\/es\/wp-json\/wp\/v2\/types\/product"}],"replies":[{"embeddable":true,"href":"https:\/\/www.vegcrates.com\/es\/wp-json\/wp\/v2\/comments?post=6540"}],"wp:featuredmedia":[{"embeddable":true,"href":"https:\/\/www.vegcrates.com\/es\/wp-json\/wp\/v2\/media\/6541"}],"wp:attachment":[{"href":"https:\/\/www.vegcrates.com\/es\/wp-json\/wp\/v2\/media?parent=6540"}],"wp:term":[{"taxonomy":"product_cat","embeddable":true,"href":"https:\/\/www.vegcrates.com\/es\/wp-json\/wp\/v2\/product_cat?post=6540"},{"taxonomy":"product_tag","embeddable":true,"href":"https:\/\/www.vegcrates.com\/es\/wp-json\/wp\/v2\/product_tag?post=6540"}],"curies":[{"name":"wp","href":"https:\/\/api.w.org\/{rel}","templated":true}]}}