{"id":6532,"date":"2021-06-27T08:24:50","date_gmt":"2021-06-27T08:24:50","guid":{"rendered":"https:\/\/www.vegcrates.com\/?post_type=product&#038;p=6532"},"modified":"2023-05-18T22:11:44","modified_gmt":"2023-05-18T22:11:44","slug":"plastic-apple-crates","status":"publish","type":"product","link":"https:\/\/www.vegcrates.com\/es\/producto\/cajas-de-plastico-para-manzanas\/","title":{"rendered":"cajas de pl\u00e1stico para manzanas"},"content":{"rendered":"<p>Estas cajas de pl\u00e1stico para manzanas est\u00e1n fabricadas con materiales de alta calidad y las \u00faltimas t\u00e9cnicas para garantizar su mayor durabilidad y excelente calidad. Considerando la naturaleza perecedera de las frutas y verduras, las cajas cuentan con una excelente ventilaci\u00f3n y un interior liso. Son aptas para tomates, manzanas, naranjas, uvas, mangos, etc., y cuentan con un exterior resistente para soportar la carga.<\/p>\n<p>Tipo de producto disponible<\/p>\n<div class=\"table-responsive\">\n<table class=\"table\" style=\"height: 234px;\" border=\"1\" width=\"828\" cellspacing=\"0\" cellpadding=\"0\">\n<tbody>\n<tr align=\"left\">\n<td rowspan=\"2\"><span data-spm-anchor-id=\"a2700.details.0.i29.249235fbYUTov5\">Art\u00edculo<\/span><\/td>\n<td rowspan=\"2\">Material<\/td>\n<td>Peso<\/td>\n<td>Tama\u00f1o exterior<\/td>\n<td>Tama\u00f1o interior<\/td>\n<td colspan=\"3\">CANTIDAD\/Contenedor<\/td>\n<td rowspan=\"2\">NOTA<\/td>\n<\/tr>\n<tr align=\"left\">\n<td>(KGS\u00b13%)<\/td>\n<td>(mil\u00edmetros)<\/td>\n<td>(mil\u00edmetros)<\/td>\n<td>20&#039;GP<\/td>\n<td>40&#039;GP<\/td>\n<td>Cuartel general de 40 pies<\/td>\n<\/tr>\n<tr align=\"left\">\n<td>\u00daNETE0358A<\/td>\n<td>HDPE<\/td>\n<td>2.1<\/td>\n<td>Largo 600 x Ancho 410 x Alto 330<\/td>\n<td>Largo 590 x Ancho 400 x Alto 300<\/td>\n<td>500<\/td>\n<td><\/td>\n<td>1336<\/td>\n<td>ventilado<\/td>\n<\/tr>\n<tr align=\"left\">\n<td>\u00daNETE0358C<\/td>\n<td>HDPE<\/td>\n<td>2<\/td>\n<td>Largo 450 x Ancho 350 x Alto 330<\/td>\n<td>Largo 420 x Ancho 320 x Alto 305<\/td>\n<td>788<\/td>\n<td><\/td>\n<td>2110<\/td>\n<td>ventilado<\/td>\n<\/tr>\n<\/tbody>\n<\/table>\n<\/div>\n<p>&nbsp;<\/p>\n<p>&nbsp;<\/p>\n<p><strong>Aplicaci\u00f3n de estas cajas de pl\u00e1stico para verduras<\/strong><\/p>\n<p><img loading=\"lazy\" decoding=\"async\" class=\"alignnone wp-image-6527\" src=\"https:\/\/www.vegcrates.com\/wp-content\/uploads\/2021\/06\/vegetable-crates-application-1-1024x265.png\" alt=\"Aplicaci\u00f3n para cajas de verduras\" width=\"800\" height=\"207\" srcset=\"https:\/\/www.vegcrates.com\/wp-content\/uploads\/2021\/06\/vegetable-crates-application-1-1024x265.png 1024w, https:\/\/www.vegcrates.com\/wp-content\/uploads\/2021\/06\/vegetable-crates-application-1-300x78.png 300w, https:\/\/www.vegcrates.com\/wp-content\/uploads\/2021\/06\/vegetable-crates-application-1-768x199.png 768w, https:\/\/www.vegcrates.com\/wp-content\/uploads\/2021\/06\/vegetable-crates-application-1-600x155.png 600w, https:\/\/www.vegcrates.com\/wp-content\/uploads\/2021\/06\/vegetable-crates-application-1.png 1522w\" sizes=\"auto, (max-width: 800px) 100vw, 800px\" \/> <img loading=\"lazy\" decoding=\"async\" class=\"alignnone wp-image-6528\" src=\"https:\/\/www.vegcrates.com\/wp-content\/uploads\/2021\/06\/vegetable-crates-application-2-1024x437.png\" alt=\"Aplicaci\u00f3n para cajas de verduras\" width=\"800\" height=\"341\" srcset=\"https:\/\/www.vegcrates.com\/wp-content\/uploads\/2021\/06\/vegetable-crates-application-2-1024x437.png 1024w, https:\/\/www.vegcrates.com\/wp-content\/uploads\/2021\/06\/vegetable-crates-application-2-300x128.png 300w, https:\/\/www.vegcrates.com\/wp-content\/uploads\/2021\/06\/vegetable-crates-application-2-768x327.png 768w, https:\/\/www.vegcrates.com\/wp-content\/uploads\/2021\/06\/vegetable-crates-application-2-600x256.png 600w, https:\/\/www.vegcrates.com\/wp-content\/uploads\/2021\/06\/vegetable-crates-application-2.png 1520w\" sizes=\"auto, (max-width: 800px) 100vw, 800px\" \/> <img loading=\"lazy\" decoding=\"async\" class=\"alignnone wp-image-6529\" src=\"https:\/\/www.vegcrates.com\/wp-content\/uploads\/2021\/06\/vegetable-crates-application-3-1024x361.png\" alt=\"Aplicaci\u00f3n para cajas de verduras\" width=\"800\" height=\"282\" srcset=\"https:\/\/www.vegcrates.com\/wp-content\/uploads\/2021\/06\/vegetable-crates-application-3-1024x361.png 1024w, https:\/\/www.vegcrates.com\/wp-content\/uploads\/2021\/06\/vegetable-crates-application-3-300x106.png 300w, https:\/\/www.vegcrates.com\/wp-content\/uploads\/2021\/06\/vegetable-crates-application-3-768x271.png 768w, https:\/\/www.vegcrates.com\/wp-content\/uploads\/2021\/06\/vegetable-crates-application-3-600x212.png 600w, https:\/\/www.vegcrates.com\/wp-content\/uploads\/2021\/06\/vegetable-crates-application-3.png 1520w\" sizes=\"auto, (max-width: 800px) 100vw, 800px\" \/> <img loading=\"lazy\" decoding=\"async\" class=\"alignnone wp-image-6530\" src=\"https:\/\/www.vegcrates.com\/wp-content\/uploads\/2021\/06\/vegetable-crates-application-4-1024x350.png\" alt=\"Aplicaci\u00f3n para cajas de verduras\" width=\"800\" height=\"274\" srcset=\"https:\/\/www.vegcrates.com\/wp-content\/uploads\/2021\/06\/vegetable-crates-application-4-1024x350.png 1024w, https:\/\/www.vegcrates.com\/wp-content\/uploads\/2021\/06\/vegetable-crates-application-4-300x103.png 300w, https:\/\/www.vegcrates.com\/wp-content\/uploads\/2021\/06\/vegetable-crates-application-4-768x263.png 768w, https:\/\/www.vegcrates.com\/wp-content\/uploads\/2021\/06\/vegetable-crates-application-4-600x205.png 600w, https:\/\/www.vegcrates.com\/wp-content\/uploads\/2021\/06\/vegetable-crates-application-4.png 1520w\" sizes=\"auto, (max-width: 800px) 100vw, 800px\" \/><\/p>\n<p>&nbsp;<\/p>\n<p>Las cajas de pl\u00e1stico para verduras est\u00e1n disponibles en varios tama\u00f1os y estilos para recoger, procesar y enviar frutas y verduras peque\u00f1as como fresas o esp\u00e1rragos.<\/p>\n<p><strong>Embalaje y entrega<\/strong><\/p>\n<p><img loading=\"lazy\" decoding=\"async\" class=\"alignnone wp-image-6531\" src=\"https:\/\/www.vegcrates.com\/wp-content\/uploads\/2021\/06\/foldable-crates-for-groceries-delivery-1024x505.png\" alt=\"cajas plegables para entrega de comestibles\" width=\"800\" height=\"395\" srcset=\"https:\/\/www.vegcrates.com\/wp-content\/uploads\/2021\/06\/foldable-crates-for-groceries-delivery-1024x505.png 1024w, https:\/\/www.vegcrates.com\/wp-content\/uploads\/2021\/06\/foldable-crates-for-groceries-delivery-300x148.png 300w, https:\/\/www.vegcrates.com\/wp-content\/uploads\/2021\/06\/foldable-crates-for-groceries-delivery-768x379.png 768w, https:\/\/www.vegcrates.com\/wp-content\/uploads\/2021\/06\/foldable-crates-for-groceries-delivery-600x296.png 600w, https:\/\/www.vegcrates.com\/wp-content\/uploads\/2021\/06\/foldable-crates-for-groceries-delivery.png 1528w\" sizes=\"auto, (max-width: 800px) 100vw, 800px\" \/><\/p>\n<p><strong>Caracter\u00edsticas y beneficios<\/strong><\/p>\n<ul>\n<li>Fabricado con materiales que cumplen con la FDA<\/li>\n<li>Resiste la exposici\u00f3n a la luz solar y a los procesos de enfriamiento; resiste el impacto y la humedad; no se astilla, no se pudre ni absorbe olores.<\/li>\n<li>Interiores f\u00e1ciles de limpiar<\/li>\n<li>Se apilan cuando est\u00e1n cargados y se anidan cuando est\u00e1n vac\u00edos para optimizar el espacio.<\/li>\n<li>Dise\u00f1os ventilados para enfriamiento r\u00e1pido, control de temperatura y drenaje.<\/li>\n<li>\u00daselo con temperaturas de -20\u02da a 120\u02da F<\/li>\n<li>Opciones de personalizaci\u00f3n e identificaci\u00f3n disponibles<\/li>\n<li>Respaldado por una garant\u00eda limitada de un a\u00f1o<\/li>\n<li>100% HDPE reciclable<\/li>\n<\/ul>","protected":false},"excerpt":{"rendered":"<p>Tambi\u00e9n te puede interesar <a href=\"https:\/\/www.vegcrates.com\/es\/categoria-producto\/caja-de-almacenamiento-plegable\/\" target=\"_blank\" rel=\"noopener\">cajas de almacenamiento plegables<\/a>,<a href=\"https:\/\/www.vegcrates.com\/es\/categoria-producto\/contenedores-de-euros\/\" target=\"_blank\" rel=\"noopener\">Contenedor europeo en venta<\/a><\/p>","protected":false},"featured_media":6539,"comment_status":"closed","ping_status":"closed","template":"","meta":[],"product_cat":[25],"product_tag":[87,85],"class_list":["post-6532","product","type-product","status-publish","has-post-thumbnail","hentry","product_cat-vegetable-harvest-crates","product_tag-plastic-vegetable-and-fruit-crate","product_tag-plastic-vegetable-basket"],"acf":[],"_links":{"self":[{"href":"https:\/\/www.vegcrates.com\/es\/wp-json\/wp\/v2\/product\/6532","targetHints":{"allow":["GET"]}}],"collection":[{"href":"https:\/\/www.vegcrates.com\/es\/wp-json\/wp\/v2\/product"}],"about":[{"href":"https:\/\/www.vegcrates.com\/es\/wp-json\/wp\/v2\/types\/product"}],"replies":[{"embeddable":true,"href":"https:\/\/www.vegcrates.com\/es\/wp-json\/wp\/v2\/comments?post=6532"}],"wp:featuredmedia":[{"embeddable":true,"href":"https:\/\/www.vegcrates.com\/es\/wp-json\/wp\/v2\/media\/6539"}],"wp:attachment":[{"href":"https:\/\/www.vegcrates.com\/es\/wp-json\/wp\/v2\/media?parent=6532"}],"wp:term":[{"taxonomy":"product_cat","embeddable":true,"href":"https:\/\/www.vegcrates.com\/es\/wp-json\/wp\/v2\/product_cat?post=6532"},{"taxonomy":"product_tag","embeddable":true,"href":"https:\/\/www.vegcrates.com\/es\/wp-json\/wp\/v2\/product_tag?post=6532"}],"curies":[{"name":"wp","href":"https:\/\/api.w.org\/{rel}","templated":true}]}}