{"id":6512,"date":"2021-06-23T00:50:16","date_gmt":"2021-06-23T00:50:16","guid":{"rendered":"https:\/\/www.vegcrates.com\/?post_type=product&#038;p=6512"},"modified":"2025-03-27T11:01:03","modified_gmt":"2025-03-27T11:01:03","slug":"folding-vegetable-crates","status":"publish","type":"product","link":"https:\/\/www.vegcrates.com\/es\/producto\/cajas-plegables-para-verduras\/","title":{"rendered":"Cajas plegables para verduras, cajas plegables para comestibles"},"content":{"rendered":"<div style=\"width: 960px;\" class=\"wp-video\"><!--[if lt IE 9]><script>document.createElement('video');<\/script><![endif]-->\n<video class=\"wp-video-shortcode\" id=\"video-6512-1\" width=\"960\" height=\"540\" preload=\"metadata\" controls=\"controls\"><source type=\"video\/mp4\" src=\"https:\/\/www.vegcrates.com\/wp-content\/uploads\/2021\/06\/folding-vegetable-crates.mp4?_=1\" \/><a href=\"https:\/\/www.vegcrates.com\/wp-content\/uploads\/2021\/06\/folding-vegetable-crates.mp4\">https:\/\/www.vegcrates.com\/wp-content\/uploads\/2021\/06\/folding-vegetable-crates.mp4<\/a><\/video><\/div>\n<p>&nbsp;<\/p>\n<table class=\"table table-bordered\">\n<tbody>\n<tr>\n<td colspan=\"2\" rowspan=\"1\">\n<div class=\"magic-5\" data-spm-anchor-id=\"a2700.wholesale.0.i28.6ec52b1clrcZLq\">\n<div class=\"magic-6\" data-spm-anchor-id=\"0.0.0.i25.47de4f05nhNpC9\"><span class=\"magic-7\" data-spm-anchor-id=\"a2700.pc-decorate.0.i14.39f83333ChPpDi\"><b>Par\u00e1metros del producto<\/b><\/span><\/div>\n<\/div>\n<\/td>\n<\/tr>\n<tr>\n<td colspan=\"1\" rowspan=\"1\">\n<div class=\"magic-10\">Nombre del producto<\/div>\n<\/td>\n<td colspan=\"1\" rowspan=\"1\">\n<div class=\"magic-11\">\u00daNETE A ZD64220<\/div>\n<\/td>\n<\/tr>\n<tr>\n<td colspan=\"1\" rowspan=\"1\">\n<div class=\"magic-10\">Volumen<\/div>\n<\/td>\n<td colspan=\"1\" rowspan=\"1\">\n<div class=\"magic-11\">41 litros<\/div>\n<\/td>\n<\/tr>\n<tr>\n<td colspan=\"1\" rowspan=\"1\">\n<div class=\"magic-12\">Tama\u00f1o exterior<\/div>\n<\/td>\n<td colspan=\"1\" rowspan=\"1\">\n<div class=\"magic-11\">600*400*220 mm<\/div>\n<\/td>\n<\/tr>\n<tr>\n<td colspan=\"1\" rowspan=\"1\">\n<div class=\"magic-10\">Tama\u00f1o plegable<\/div>\n<\/td>\n<td colspan=\"1\" rowspan=\"1\">\n<div class=\"magic-11\" data-spm-anchor-id=\"a2700.wholesale.0.i22.6ec52b1clrcZLq\">600*400*48 mm<\/div>\n<\/td>\n<\/tr>\n<tr>\n<td colspan=\"1\" rowspan=\"1\">\n<div class=\"magic-10\">Altura de plegado<\/div>\n<\/td>\n<td colspan=\"1\" rowspan=\"1\">\n<div class=\"magic-11\">48 mm<\/div>\n<\/td>\n<\/tr>\n<tr>\n<td colspan=\"1\" rowspan=\"1\">\n<div class=\"magic-10\">Material<\/div>\n<\/td>\n<td colspan=\"1\" rowspan=\"1\">\n<div class=\"magic-11\">P\u00c1GINAS<\/div>\n<\/td>\n<\/tr>\n<tr>\n<td colspan=\"1\" rowspan=\"1\">\n<div class=\"magic-10\">Bandera<\/div>\n<\/td>\n<td colspan=\"1\" rowspan=\"1\">\n<div class=\"magic-11\">Personalizaci\u00f3n azul-verde<\/div>\n<\/td>\n<\/tr>\n<tr>\n<td colspan=\"1\" rowspan=\"1\">\n<div class=\"magic-10\">Capacidad de carga<\/div>\n<\/td>\n<td colspan=\"1\" rowspan=\"1\">\n<div class=\"magic-11\">\u226420 kg<\/div>\n<\/td>\n<\/tr>\n<tr>\n<td colspan=\"1\" rowspan=\"1\">\n<div class=\"magic-12\">Capacidad de apilamiento<\/div>\n<\/td>\n<td colspan=\"1\" rowspan=\"1\">\n<div class=\"magic-11\">\u2264100 kg<\/div>\n<\/td>\n<\/tr>\n<tr>\n<td colspan=\"1\" rowspan=\"1\">\n<div class=\"magic-12\">20&#039;GP<\/div>\n<\/td>\n<td colspan=\"1\" rowspan=\"1\">\n<div class=\"magic-11\">2500 piezas<\/div>\n<\/td>\n<\/tr>\n<tr>\n<td colspan=\"1\" rowspan=\"1\">\n<div class=\"magic-12\">40&#039;GP<\/div>\n<\/td>\n<td colspan=\"1\" rowspan=\"1\">\n<div class=\"magic-11\">5000 piezas<\/div>\n<\/td>\n<\/tr>\n<\/tbody>\n<\/table>\n<p>&nbsp;<\/p>\n<p>&nbsp;<\/p>\n<div class=\"table-responsive\">\n<table class=\"table table-bordered\">\n<tbody>\n<tr>\n<td colspan=\"5\" rowspan=\"1\">\n<div class=\"magic-57\">\n<div class=\"magic-6\" data-spm-anchor-id=\"0.0.0.i48.47de4f05sUjxmC\"><b><span class=\"magic-7\" data-spm-anchor-id=\"0.0.0.i47.47de4f05sUjxmC\">TODAS las dimensiones disponibles<\/span><\/b><\/div>\n<\/div>\n<\/td>\n<\/tr>\n<tr>\n<td colspan=\"1\" rowspan=\"1\">\n<div class=\"magic-60\">\n<div class=\"magic-61\" data-spm-anchor-id=\"0.0.0.i14.47de4f05sUjxmC\">N\u00famero de producto<\/div>\n<\/div>\n<\/td>\n<td colspan=\"1\" rowspan=\"1\">\n<div class=\"magic-62\">\n<div class=\"magic-6\" data-spm-anchor-id=\"0.0.0.i12.47de4f05sUjxmC\">Volumen<\/div>\n<\/div>\n<\/td>\n<td colspan=\"1\" rowspan=\"1\">\n<div class=\"magic-62\">\n<div class=\"magic-6\" data-spm-anchor-id=\"0.0.0.i76.47de4f05sUjxmC\">Tama\u00f1o exterior<\/div>\n<\/div>\n<\/td>\n<td colspan=\"1\" rowspan=\"1\">\n<div class=\"magic-62\">\n<div class=\"magic-6\" data-spm-anchor-id=\"0.0.0.i34.47de4f05sUjxmC\">Tama\u00f1o del pliegue<\/div>\n<\/div>\n<\/td>\n<td colspan=\"1\" rowspan=\"1\">\n<div class=\"magic-63\">\n<div class=\"magic-6\">Peso \u00fanico<\/div>\n<\/div>\n<\/td>\n<\/tr>\n<tr>\n<td colspan=\"1\" rowspan=\"1\">\n<div class=\"magic-60\">\n<div class=\"magic-61\" data-spm-anchor-id=\"0.0.0.i62.47de4f05sUjxmC\">\u00daNETE A ZD64220<\/div>\n<\/div>\n<\/td>\n<td colspan=\"1\" rowspan=\"1\">\n<div class=\"magic-62\">\n<div class=\"magic-6\" data-spm-anchor-id=\"a2700.pc-decorate.0.i139.3abb3333TIRZpF\">41 litros<\/div>\n<\/div>\n<\/td>\n<td colspan=\"1\" rowspan=\"1\">\n<div class=\"magic-62\">\n<div class=\"magic-6\" data-spm-anchor-id=\"a2700.pc-decorate.0.i142.3abb3333TIRZpF\">600*400*220 mm<\/div>\n<\/div>\n<\/td>\n<td colspan=\"1\" rowspan=\"1\">\n<div class=\"magic-62\">\n<div class=\"magic-6\" data-spm-anchor-id=\"a2700.pc-decorate.0.i146.3abb3333TIRZpF\">600*400*48 mm<\/div>\n<\/div>\n<\/td>\n<td colspan=\"1\" rowspan=\"1\">\n<div class=\"magic-63\">\n<div class=\"magic-6\" data-spm-anchor-id=\"a2700.pc-decorate.0.i147.3abb3333TIRZpF\">2,1 kg \u00b12%<\/div>\n<\/div>\n<\/td>\n<\/tr>\n<tr>\n<td colspan=\"1\" rowspan=\"1\">\n<div class=\"magic-60\">\n<div class=\"magic-61\" data-spm-anchor-id=\"a2700.custom-template.0.i23.e62133334T37Q0\">\u00daNETE A ZD64255<\/div>\n<\/div>\n<\/td>\n<td colspan=\"1\" rowspan=\"1\">\n<div class=\"magic-62\">\n<div class=\"magic-6\" data-spm-anchor-id=\"a2700.pc-decorate.0.i140.3abb3333TIRZpF\">50 litros<\/div>\n<\/div>\n<\/td>\n<td colspan=\"1\" rowspan=\"1\">\n<div class=\"magic-62\">\n<div class=\"magic-6\" data-spm-anchor-id=\"a2700.pc-decorate.0.i144.3abb3333TIRZpF\">600*400*255 mm<\/div>\n<\/div>\n<\/td>\n<td colspan=\"1\" rowspan=\"1\">\n<div class=\"magic-62\">\n<div class=\"magic-6\" data-spm-anchor-id=\"0.0.0.i79.47de4f05sUjxmC\">600*400*80 mm<\/div>\n<\/div>\n<\/td>\n<td colspan=\"1\" rowspan=\"1\">\n<div class=\"magic-63\">\n<div class=\"magic-6\" data-spm-anchor-id=\"a2700.pc-decorate.0.i148.3abb3333TIRZpF\">2,0 kg \u00b12%<\/div>\n<\/div>\n<\/td>\n<\/tr>\n<tr>\n<td colspan=\"1\" rowspan=\"1\">\n<div class=\"magic-60\">\n<div class=\"magic-61\" data-spm-anchor-id=\"a2700.custom-template.0.i27.e62133334T37Q0\">\u00daNETE A ZD53245<\/div>\n<\/div>\n<\/td>\n<td colspan=\"1\" rowspan=\"1\">\n<div class=\"magic-62\">\n<div class=\"magic-6\" data-spm-anchor-id=\"a2700.pc-decorate.0.i141.3abb3333TIRZpF\">30 litros<\/div>\n<\/div>\n<\/td>\n<td colspan=\"1\" rowspan=\"1\">\n<div class=\"magic-62\">\n<div class=\"magic-6\" data-spm-anchor-id=\"a2700.pc-decorate.0.i145.3abb3333TIRZpF\">506*337*245 mm<\/div>\n<\/div>\n<\/td>\n<td colspan=\"1\" rowspan=\"1\">\n<div class=\"magic-62\">\n<div class=\"magic-6\" data-spm-anchor-id=\"0.0.0.i80.47de4f05sUjxmC\">506*337*90 mm<\/div>\n<\/div>\n<\/td>\n<td colspan=\"1\" rowspan=\"1\">\n<div class=\"magic-63\">\n<div class=\"magic-6\" data-spm-anchor-id=\"a2700.pc-decorate.0.i149.3abb3333TIRZpF\">1,9 kg \u00b12%<\/div>\n<\/div>\n<\/td>\n<\/tr>\n<\/tbody>\n<\/table>\n<\/div>\n<p><strong>Detalles de las cajas plegables para verduras<\/strong><\/p>\n<p><img loading=\"lazy\" decoding=\"async\" class=\"alignnone wp-image-6522\" src=\"https:\/\/www.vegcrates.com\/wp-content\/uploads\/2021\/06\/folding-crates-1.jpg\" alt=\"cajas plegables\" width=\"800\" height=\"800\" srcset=\"https:\/\/www.vegcrates.com\/wp-content\/uploads\/2021\/06\/folding-crates-1.jpg 1000w, https:\/\/www.vegcrates.com\/wp-content\/uploads\/2021\/06\/folding-crates-1-300x300.jpg 300w, https:\/\/www.vegcrates.com\/wp-content\/uploads\/2021\/06\/folding-crates-1-150x150.jpg 150w, https:\/\/www.vegcrates.com\/wp-content\/uploads\/2021\/06\/folding-crates-1-768x768.jpg 768w, https:\/\/www.vegcrates.com\/wp-content\/uploads\/2021\/06\/folding-crates-1-400x400.jpg 400w, https:\/\/www.vegcrates.com\/wp-content\/uploads\/2021\/06\/folding-crates-1-600x600.jpg 600w, https:\/\/www.vegcrates.com\/wp-content\/uploads\/2021\/06\/folding-crates-1-100x100.jpg 100w\" sizes=\"auto, (max-width: 800px) 100vw, 800px\" \/> <img loading=\"lazy\" decoding=\"async\" class=\"alignnone wp-image-6523\" src=\"https:\/\/www.vegcrates.com\/wp-content\/uploads\/2021\/06\/folding-crates-2.jpg\" alt=\"cajas plegables\" width=\"800\" height=\"424\" srcset=\"https:\/\/www.vegcrates.com\/wp-content\/uploads\/2021\/06\/folding-crates-2.jpg 979w, https:\/\/www.vegcrates.com\/wp-content\/uploads\/2021\/06\/folding-crates-2-300x159.jpg 300w, https:\/\/www.vegcrates.com\/wp-content\/uploads\/2021\/06\/folding-crates-2-768x407.jpg 768w, https:\/\/www.vegcrates.com\/wp-content\/uploads\/2021\/06\/folding-crates-2-600x318.jpg 600w\" sizes=\"auto, (max-width: 800px) 100vw, 800px\" \/> <img loading=\"lazy\" decoding=\"async\" class=\"alignnone wp-image-6525\" src=\"https:\/\/www.vegcrates.com\/wp-content\/uploads\/2021\/06\/folding-crates-4.jpg\" alt=\"cajas de pl\u00e1stico plegables\" width=\"800\" height=\"800\" srcset=\"https:\/\/www.vegcrates.com\/wp-content\/uploads\/2021\/06\/folding-crates-4.jpg 1000w, https:\/\/www.vegcrates.com\/wp-content\/uploads\/2021\/06\/folding-crates-4-300x300.jpg 300w, https:\/\/www.vegcrates.com\/wp-content\/uploads\/2021\/06\/folding-crates-4-150x150.jpg 150w, https:\/\/www.vegcrates.com\/wp-content\/uploads\/2021\/06\/folding-crates-4-768x768.jpg 768w, https:\/\/www.vegcrates.com\/wp-content\/uploads\/2021\/06\/folding-crates-4-400x400.jpg 400w, https:\/\/www.vegcrates.com\/wp-content\/uploads\/2021\/06\/folding-crates-4-600x600.jpg 600w, https:\/\/www.vegcrates.com\/wp-content\/uploads\/2021\/06\/folding-crates-4-100x100.jpg 100w\" sizes=\"auto, (max-width: 800px) 100vw, 800px\" \/><\/p>\n<div class=\"text-title\" data-id=\"below-title\">\n<div><\/div>\n<div><\/div>\n<div class=\"magic-6\"><strong><span class=\"magic-7\" data-spm-anchor-id=\"a2700.wholesale.0.i29.6ec52b1clrcZLq\">Impresi\u00f3n y grabado<\/span><\/strong><\/div>\n<\/div>\n<div class=\"text-content\" data-id=\"below-content\"><span class=\"magic-34\">Seg\u00fan los requisitos del cliente, impresi\u00f3n y grabado en las partes designadas de la caja plegable.<\/span><\/div>\n<div data-id=\"below-content\"><img loading=\"lazy\" decoding=\"async\" class=\"alignnone wp-image-6526\" src=\"https:\/\/www.vegcrates.com\/wp-content\/uploads\/2021\/06\/vegetable-crates-printing-e1624458589223.jpg\" alt=\"cajas de verduras\" width=\"800\" height=\"416\" srcset=\"https:\/\/www.vegcrates.com\/wp-content\/uploads\/2021\/06\/vegetable-crates-printing-e1624458589223.jpg 1000w, https:\/\/www.vegcrates.com\/wp-content\/uploads\/2021\/06\/vegetable-crates-printing-e1624458589223-300x156.jpg 300w, https:\/\/www.vegcrates.com\/wp-content\/uploads\/2021\/06\/vegetable-crates-printing-e1624458589223-768x399.jpg 768w, https:\/\/www.vegcrates.com\/wp-content\/uploads\/2021\/06\/vegetable-crates-printing-e1624458589223-600x312.jpg 600w\" sizes=\"auto, (max-width: 800px) 100vw, 800px\" \/><\/div>\n<p>La capacidad de apilarse y plegarse de esta caja de verduras la hace adecuada para el almacenamiento y distribuci\u00f3n de verduras y frutas en supermercados, mercados de agricultores, almacenes, tiendas de conveniencia y empresas de log\u00edstica.<\/p>\n<p>&nbsp;<\/p>\n<p><strong>Aplicaci\u00f3n de estas cajas de pl\u00e1stico para verduras<\/strong><\/p>\n<p><img loading=\"lazy\" decoding=\"async\" class=\"alignnone wp-image-6527\" src=\"https:\/\/www.vegcrates.com\/wp-content\/uploads\/2021\/06\/vegetable-crates-application-1-1024x265.png\" alt=\"Aplicaci\u00f3n para cajas de verduras\" width=\"800\" height=\"207\" srcset=\"https:\/\/www.vegcrates.com\/wp-content\/uploads\/2021\/06\/vegetable-crates-application-1-1024x265.png 1024w, https:\/\/www.vegcrates.com\/wp-content\/uploads\/2021\/06\/vegetable-crates-application-1-300x78.png 300w, https:\/\/www.vegcrates.com\/wp-content\/uploads\/2021\/06\/vegetable-crates-application-1-768x199.png 768w, https:\/\/www.vegcrates.com\/wp-content\/uploads\/2021\/06\/vegetable-crates-application-1-600x155.png 600w, https:\/\/www.vegcrates.com\/wp-content\/uploads\/2021\/06\/vegetable-crates-application-1.png 1522w\" sizes=\"auto, (max-width: 800px) 100vw, 800px\" \/> <img loading=\"lazy\" decoding=\"async\" class=\"alignnone wp-image-6528\" src=\"https:\/\/www.vegcrates.com\/wp-content\/uploads\/2021\/06\/vegetable-crates-application-2-1024x437.png\" alt=\"Aplicaci\u00f3n para cajas de verduras\" width=\"800\" height=\"341\" srcset=\"https:\/\/www.vegcrates.com\/wp-content\/uploads\/2021\/06\/vegetable-crates-application-2-1024x437.png 1024w, https:\/\/www.vegcrates.com\/wp-content\/uploads\/2021\/06\/vegetable-crates-application-2-300x128.png 300w, https:\/\/www.vegcrates.com\/wp-content\/uploads\/2021\/06\/vegetable-crates-application-2-768x327.png 768w, https:\/\/www.vegcrates.com\/wp-content\/uploads\/2021\/06\/vegetable-crates-application-2-600x256.png 600w, https:\/\/www.vegcrates.com\/wp-content\/uploads\/2021\/06\/vegetable-crates-application-2.png 1520w\" sizes=\"auto, (max-width: 800px) 100vw, 800px\" \/> <img loading=\"lazy\" decoding=\"async\" class=\"alignnone wp-image-6529\" src=\"https:\/\/www.vegcrates.com\/wp-content\/uploads\/2021\/06\/vegetable-crates-application-3-1024x361.png\" alt=\"Aplicaci\u00f3n para cajas de verduras\" width=\"800\" height=\"282\" srcset=\"https:\/\/www.vegcrates.com\/wp-content\/uploads\/2021\/06\/vegetable-crates-application-3-1024x361.png 1024w, https:\/\/www.vegcrates.com\/wp-content\/uploads\/2021\/06\/vegetable-crates-application-3-300x106.png 300w, https:\/\/www.vegcrates.com\/wp-content\/uploads\/2021\/06\/vegetable-crates-application-3-768x271.png 768w, https:\/\/www.vegcrates.com\/wp-content\/uploads\/2021\/06\/vegetable-crates-application-3-600x212.png 600w, https:\/\/www.vegcrates.com\/wp-content\/uploads\/2021\/06\/vegetable-crates-application-3.png 1520w\" sizes=\"auto, (max-width: 800px) 100vw, 800px\" \/> <img loading=\"lazy\" decoding=\"async\" class=\"alignnone wp-image-6530\" src=\"https:\/\/www.vegcrates.com\/wp-content\/uploads\/2021\/06\/vegetable-crates-application-4-1024x350.png\" alt=\"Aplicaci\u00f3n para cajas de verduras\" width=\"800\" height=\"274\" srcset=\"https:\/\/www.vegcrates.com\/wp-content\/uploads\/2021\/06\/vegetable-crates-application-4-1024x350.png 1024w, https:\/\/www.vegcrates.com\/wp-content\/uploads\/2021\/06\/vegetable-crates-application-4-300x103.png 300w, https:\/\/www.vegcrates.com\/wp-content\/uploads\/2021\/06\/vegetable-crates-application-4-768x263.png 768w, https:\/\/www.vegcrates.com\/wp-content\/uploads\/2021\/06\/vegetable-crates-application-4-600x205.png 600w, https:\/\/www.vegcrates.com\/wp-content\/uploads\/2021\/06\/vegetable-crates-application-4.png 1520w\" sizes=\"auto, (max-width: 800px) 100vw, 800px\" \/><\/p>\n<p>&nbsp;<\/p>\n<p>Las cajas de pl\u00e1stico para verduras est\u00e1n disponibles en varios tama\u00f1os y estilos para recoger, procesar y enviar frutas y verduras peque\u00f1as como fresas o esp\u00e1rragos.<\/p>\n<p><strong>Embalaje y entrega<\/strong><\/p>\n<p><img loading=\"lazy\" decoding=\"async\" class=\"alignnone wp-image-6531\" src=\"https:\/\/www.vegcrates.com\/wp-content\/uploads\/2021\/06\/foldable-crates-for-groceries-delivery-1024x505.png\" alt=\"cajas plegables para entrega de comestibles\" width=\"800\" height=\"395\" srcset=\"https:\/\/www.vegcrates.com\/wp-content\/uploads\/2021\/06\/foldable-crates-for-groceries-delivery-1024x505.png 1024w, https:\/\/www.vegcrates.com\/wp-content\/uploads\/2021\/06\/foldable-crates-for-groceries-delivery-300x148.png 300w, https:\/\/www.vegcrates.com\/wp-content\/uploads\/2021\/06\/foldable-crates-for-groceries-delivery-768x379.png 768w, https:\/\/www.vegcrates.com\/wp-content\/uploads\/2021\/06\/foldable-crates-for-groceries-delivery-600x296.png 600w, https:\/\/www.vegcrates.com\/wp-content\/uploads\/2021\/06\/foldable-crates-for-groceries-delivery.png 1528w\" sizes=\"auto, (max-width: 800px) 100vw, 800px\" \/><\/p>\n<p><strong>Caracter\u00edsticas y beneficios<\/strong><\/p>\n<ul>\n<li>Fabricado con materiales que cumplen con la FDA<\/li>\n<li>Resiste la exposici\u00f3n a la luz solar y a los procesos de enfriamiento; resiste el impacto y la humedad; no se astilla, no se pudre ni absorbe olores.<\/li>\n<li>Interiores f\u00e1ciles de limpiar<\/li>\n<li>Se apilan cuando est\u00e1n cargados y se anidan cuando est\u00e1n vac\u00edos para optimizar el espacio.<\/li>\n<li>Dise\u00f1os ventilados para enfriamiento r\u00e1pido, control de temperatura y drenaje.<\/li>\n<li>\u00daselo con temperaturas de -20\u02da a 120\u02da F<\/li>\n<li>Opciones de personalizaci\u00f3n e identificaci\u00f3n disponibles<\/li>\n<li>Respaldado por una garant\u00eda limitada de un a\u00f1o<\/li>\n<li>100% HDPE reciclable<\/li>\n<\/ul>","protected":false},"excerpt":{"rendered":"<p>Tambi\u00e9n te puede interesar <a href=\"https:\/\/www.vegcrates.com\/es\/categoria-producto\/caja-de-almacenamiento-plegable\/\" target=\"_blank\" rel=\"noopener\">cajas de almacenamiento<\/a>,<a href=\"https:\/\/www.vegcrates.com\/es\/categoria-producto\/contenedores-de-euros\/\" target=\"_blank\" rel=\"noopener\">cajas de pl\u00e1stico en venta<\/a>, <a href=\"https:\/\/www.plastic-crate.com\/product-category\/plastic-moving-crates\/\">cajas de mudanza de pl\u00e1stico<\/a><\/p>","protected":false},"featured_media":6513,"comment_status":"closed","ping_status":"closed","template":"","meta":[],"product_cat":[25],"product_tag":[86,114,87,85],"class_list":["post-6512","product","type-product","status-publish","has-post-thumbnail","hentry","product_cat-vegetable-harvest-crates","product_tag-bale-arm-tray","product_tag-foldable-crates-for-groceries","product_tag-plastic-vegetable-and-fruit-crate","product_tag-plastic-vegetable-basket"],"acf":[],"_links":{"self":[{"href":"https:\/\/www.vegcrates.com\/es\/wp-json\/wp\/v2\/product\/6512","targetHints":{"allow":["GET"]}}],"collection":[{"href":"https:\/\/www.vegcrates.com\/es\/wp-json\/wp\/v2\/product"}],"about":[{"href":"https:\/\/www.vegcrates.com\/es\/wp-json\/wp\/v2\/types\/product"}],"replies":[{"embeddable":true,"href":"https:\/\/www.vegcrates.com\/es\/wp-json\/wp\/v2\/comments?post=6512"}],"wp:featuredmedia":[{"embeddable":true,"href":"https:\/\/www.vegcrates.com\/es\/wp-json\/wp\/v2\/media\/6513"}],"wp:attachment":[{"href":"https:\/\/www.vegcrates.com\/es\/wp-json\/wp\/v2\/media?parent=6512"}],"wp:term":[{"taxonomy":"product_cat","embeddable":true,"href":"https:\/\/www.vegcrates.com\/es\/wp-json\/wp\/v2\/product_cat?post=6512"},{"taxonomy":"product_tag","embeddable":true,"href":"https:\/\/www.vegcrates.com\/es\/wp-json\/wp\/v2\/product_tag?post=6512"}],"curies":[{"name":"wp","href":"https:\/\/api.w.org\/{rel}","templated":true}]}}