{"id":5909,"date":"2018-12-29T19:46:38","date_gmt":"2018-12-29T19:46:38","guid":{"rendered":"https:\/\/www.vegcrates.com\/product\/large-storage-containers-st-b1\/"},"modified":"2018-12-29T19:46:38","modified_gmt":"2018-12-29T19:46:38","slug":"large-storage-containers-st-b1","status":"publish","type":"product","link":"https:\/\/www.vegcrates.com\/es\/producto\/grandes-contenedores-de-almacenamiento-st-b1\/","title":{"rendered":"grandes contenedores de almacenamiento ST-B1"},"content":{"rendered":"<p style=\"box-sizing: border-box; margin: 0px 0px 10px; color: #222222; font-family: 'Helvetica Neue', Helvetica, Arial, sans-serif; font-size: 14px;\">Los contenedores de almacenamiento de gran tama\u00f1o ofrecen ahorro total de costos y eficiencia en todo el proceso de manejo de materiales, desde el proveedor hasta el fabricante. Nuestros contenedores modulares apilables son ideales para env\u00edos de circuito cerrado, manejo en proceso y aplicaciones de almacenamiento donde se utilizan los mismos contenedores en todo momento.<\/p>\n<p style=\"box-sizing: border-box; margin: 0px 0px 10px; color: #222222; font-family: 'Helvetica Neue', Helvetica, Arial, sans-serif; font-size: 14px;\"><strong>Caracter\u00edsticas y beneficios<\/strong><\/p>\n<ul>\n<li style=\"box-sizing: border-box;\"><span style=\"color: #222222; font-family: Helvetica Neue, Helvetica, Arial, sans-serif;\"><span style=\"font-size: 14px;\">Contenedores cubo 48\u2033 x 45\u2033 pallets<\/span><\/span><\/li>\n<li style=\"box-sizing: border-box;\"><span style=\"color: #222222; font-family: Helvetica Neue, Helvetica, Arial, sans-serif;\"><span style=\"font-size: 14px;\">La construcci\u00f3n de HDPE moldeado por inyecci\u00f3n resiste el impacto, la humedad y la mayor\u00eda de los productos qu\u00edmicos.<\/span><\/span><\/li>\n<li style=\"box-sizing: border-box;\"><span style=\"color: #222222; font-family: Helvetica Neue, Helvetica, Arial, sans-serif;\"><span style=\"font-size: 14px;\">\u00daselo con temperaturas de -20\u02da a 120\u02da F<\/span><\/span><\/li>\n<li style=\"box-sizing: border-box;\"><span style=\"color: #222222; font-family: Helvetica Neue, Helvetica, Arial, sans-serif;\"><span style=\"font-size: 14px;\">Opciones de personalizaci\u00f3n e identificaci\u00f3n disponibles<\/span><\/span><\/li>\n<li style=\"box-sizing: border-box;\"><span style=\"color: #222222; font-family: Helvetica Neue, Helvetica, Arial, sans-serif;\"><span style=\"font-size: 14px;\">Respaldado por una garant\u00eda limitada de un a\u00f1o<\/span><\/span><\/li>\n<li style=\"box-sizing: border-box;\"><span style=\"color: #222222; font-family: Helvetica Neue, Helvetica, Arial, sans-serif;\"><span style=\"font-size: 14px;\">100% reciclable<\/span><\/span><\/li>\n<li style=\"box-sizing: border-box;\"><span style=\"color: #222222; font-family: Helvetica Neue, Helvetica, Arial, sans-serif;\"><span style=\"font-size: 14px;\">Los lados y fondos reforzados mejoran la protecci\u00f3n del producto.<\/span><\/span><\/li>\n<li style=\"box-sizing: border-box;\"><span style=\"color: #222222; font-family: Helvetica Neue, Helvetica, Arial, sans-serif;\"><span style=\"font-size: 14px;\">Los tama\u00f1os interfuncionales permiten el apilamiento mixto en un pal\u00e9<\/span><\/span><\/li>\n<li style=\"box-sizing: border-box;\"><span style=\"color: #222222; font-family: Helvetica Neue, Helvetica, Arial, sans-serif;\"><span style=\"font-size: 14px;\">Fald\u00f3n antipolvo perimetral en tama\u00f1os selectos para mayor protecci\u00f3n del producto<\/span><\/span><\/li>\n<li style=\"box-sizing: border-box;\"><span style=\"color: #222222; font-family: Helvetica Neue, Helvetica, Arial, sans-serif;\"><span style=\"font-size: 14px;\">Compatible con otras marcas para ampliar su sistema existente<\/span><\/span><\/li>\n<li style=\"box-sizing: border-box;\"><span style=\"color: #222222; font-family: Helvetica Neue, Helvetica, Arial, sans-serif;\"><span style=\"font-size: 14px;\">Asas ergon\u00f3micas para levantar f\u00e1cilmente.<\/span><\/span><\/li>\n<\/ul>","protected":false},"excerpt":{"rendered":"<p>Tambi\u00e9n te puede interesar <a href=\"https:\/\/www.vegcrates.com\/es\/categoria-producto\/cajas-plasticas-frutas-verduras\/\" target=\"_blank\">cajas de manzanas en venta<\/a>,<a href=\"https:\/\/www.vegcrates.com\/es\/categoria-producto\/caja-de-almacenamiento-plegable\/\" target=\"_blank\">contenedores de almacenamiento plegables<\/a><\/p>","protected":false},"featured_media":5910,"comment_status":"closed","ping_status":"open","template":"","meta":[],"product_cat":[24],"product_tag":[59,40,60],"class_list":["post-5909","product","type-product","status-publish","has-post-thumbnail","hentry","product_cat-euro-containers","product_tag-stackable-bin","product_tag-stacking-crate","product_tag-warehouse-storage-bin"],"acf":[],"_links":{"self":[{"href":"https:\/\/www.vegcrates.com\/es\/wp-json\/wp\/v2\/product\/5909","targetHints":{"allow":["GET"]}}],"collection":[{"href":"https:\/\/www.vegcrates.com\/es\/wp-json\/wp\/v2\/product"}],"about":[{"href":"https:\/\/www.vegcrates.com\/es\/wp-json\/wp\/v2\/types\/product"}],"replies":[{"embeddable":true,"href":"https:\/\/www.vegcrates.com\/es\/wp-json\/wp\/v2\/comments?post=5909"}],"wp:featuredmedia":[{"embeddable":true,"href":"https:\/\/www.vegcrates.com\/es\/wp-json\/wp\/v2\/media\/5910"}],"wp:attachment":[{"href":"https:\/\/www.vegcrates.com\/es\/wp-json\/wp\/v2\/media?parent=5909"}],"wp:term":[{"taxonomy":"product_cat","embeddable":true,"href":"https:\/\/www.vegcrates.com\/es\/wp-json\/wp\/v2\/product_cat?post=5909"},{"taxonomy":"product_tag","embeddable":true,"href":"https:\/\/www.vegcrates.com\/es\/wp-json\/wp\/v2\/product_tag?post=5909"}],"curies":[{"name":"wp","href":"https:\/\/api.w.org\/{rel}","templated":true}]}}