{"id":5668,"date":"2018-12-30T01:41:05","date_gmt":"2018-12-30T01:41:05","guid":{"rendered":"https:\/\/www.vegcrates.com\/product\/small-bins-with-lids-6843\/"},"modified":"2018-12-30T01:41:05","modified_gmt":"2018-12-30T01:41:05","slug":"small-bins-with-lids-6843","status":"publish","type":"product","link":"https:\/\/www.vegcrates.com\/es\/producto\/contenedores-pequenos-con-tapa-6843\/","title":{"rendered":"contenedores peque\u00f1os con tapa 6843"},"content":{"rendered":"<p>Contenedores peque\u00f1os con tapa en diversos tama\u00f1os y estilos para env\u00edo, distribuci\u00f3n, picking y almacenamiento. Dise\u00f1ados para apilarse cuando est\u00e1n llenos y encajarse cuando est\u00e1n vac\u00edos, ahorrando hasta un valioso espacio de almacenamiento. Ideales para aplicaciones en distribuci\u00f3n, alimentaci\u00f3n y fabricaci\u00f3n en general, estos contenedores ofrecen un rendimiento duradero y econ\u00f3mico.<\/p>\n<p><strong>Caracter\u00edsticas y beneficios<\/strong><\/p>\n<ul>\n<li>Los contenedores se anidan para aprovechar al m\u00e1ximo el espacio con las tapas abiertas<\/li>\n<li>Asas ergon\u00f3micas para levantar f\u00e1cilmente.<\/li>\n<li>Interiores f\u00e1ciles de limpiar<\/li>\n<li>La construcci\u00f3n de HDPE moldeado por inyecci\u00f3n resiste el impacto, la humedad y la mayor\u00eda de los productos qu\u00edmicos.<\/li>\n<li>\u00daselo con temperaturas de -20\u02da a 120\u02da F<\/li>\n<li>Opciones de personalizaci\u00f3n e identificaci\u00f3n disponibles<\/li>\n<li>Respaldado por una garant\u00eda limitada de un a\u00f1o<\/li>\n<li>100% reciclable<\/li>\n<\/ul>","protected":false},"excerpt":{"rendered":"<p>Tambi\u00e9n te puede interesar <a href=\"https:\/\/www.vegcrates.com\/es\/categoria-producto\/contenedores-de-euros\/\" target=\"_blank\">grandes bolsas de pl\u00e1stico transparente<\/a>,<a href=\"https:\/\/www.vegcrates.com\/es\/categoria-producto\/caja-de-almacenamiento-plegable\/\" target=\"_blank\">contenedores de pl\u00e1stico plegables<\/a>,<a href=\"https:\/\/www.vegcrates.com\/es\/categoria-producto\/cajas-plasticas-frutas-verduras\/\" target=\"_blank\">tama\u00f1o de la caja de verduras<\/a><\/p>","protected":false},"featured_media":5669,"comment_status":"closed","ping_status":"open","template":"","meta":[],"product_cat":[23],"product_tag":[32,34],"class_list":["post-5668","product","type-product","status-publish","has-post-thumbnail","hentry","product_cat-hinged-lid-containers","product_tag-attached-lid-container","product_tag-nestable-lidded-container"],"acf":[],"_links":{"self":[{"href":"https:\/\/www.vegcrates.com\/es\/wp-json\/wp\/v2\/product\/5668","targetHints":{"allow":["GET"]}}],"collection":[{"href":"https:\/\/www.vegcrates.com\/es\/wp-json\/wp\/v2\/product"}],"about":[{"href":"https:\/\/www.vegcrates.com\/es\/wp-json\/wp\/v2\/types\/product"}],"replies":[{"embeddable":true,"href":"https:\/\/www.vegcrates.com\/es\/wp-json\/wp\/v2\/comments?post=5668"}],"wp:featuredmedia":[{"embeddable":true,"href":"https:\/\/www.vegcrates.com\/es\/wp-json\/wp\/v2\/media\/5669"}],"wp:attachment":[{"href":"https:\/\/www.vegcrates.com\/es\/wp-json\/wp\/v2\/media?parent=5668"}],"wp:term":[{"taxonomy":"product_cat","embeddable":true,"href":"https:\/\/www.vegcrates.com\/es\/wp-json\/wp\/v2\/product_cat?post=5668"},{"taxonomy":"product_tag","embeddable":true,"href":"https:\/\/www.vegcrates.com\/es\/wp-json\/wp\/v2\/product_tag?post=5668"}],"curies":[{"name":"wp","href":"https:\/\/api.w.org\/{rel}","templated":true}]}}