{"id":5662,"date":"2018-12-20T18:47:01","date_gmt":"2018-12-20T18:47:01","guid":{"rendered":"https:\/\/www.vegcrates.com\/product\/plastic-moving-boxes-for-sale-6428\/"},"modified":"2018-12-20T18:47:01","modified_gmt":"2018-12-20T18:47:01","slug":"plastic-moving-boxes-for-sale-6428","status":"publish","type":"product","link":"https:\/\/www.vegcrates.com\/es\/producto\/cajas-de-mudanza-de-plastico-en-venta-6428\/","title":{"rendered":"Cajas de mudanza de pl\u00e1stico en venta 6428"},"content":{"rendered":"<p>Cajas de pl\u00e1stico para mudanzas a la venta en diversos tama\u00f1os y estilos para env\u00edo, distribuci\u00f3n, preparaci\u00f3n de pedidos y almacenamiento. Dise\u00f1adas para apilarse cuando est\u00e1n llenas y encajar cuando est\u00e1n vac\u00edas, ahorrando hasta 75% de valioso espacio de almacenamiento. Ideales para aplicaciones en distribuci\u00f3n, alimentaci\u00f3n y fabricaci\u00f3n en general, estas cajas ofrecen un rendimiento duradero y econ\u00f3mico.<\/p>\n<p><strong>Caracter\u00edsticas y beneficios<\/strong><\/p>\n<ul>\n<li>Los contenedores se anidan para aprovechar al m\u00e1ximo el espacio con las tapas abiertas<\/li>\n<li>Asas ergon\u00f3micas para levantar f\u00e1cilmente.<\/li>\n<li>Interiores f\u00e1ciles de limpiar<\/li>\n<li>La construcci\u00f3n de HDPE moldeado por inyecci\u00f3n resiste el impacto, la humedad y la mayor\u00eda de los productos qu\u00edmicos.<\/li>\n<li>\u00daselo con temperaturas de -20\u02da a 120\u02da F<\/li>\n<li>Opciones de personalizaci\u00f3n e identificaci\u00f3n disponibles<\/li>\n<li>Respaldado por una garant\u00eda limitada de un a\u00f1o<\/li>\n<li>100% reciclable<\/li>\n<\/ul>","protected":false},"excerpt":{"rendered":"<p>Tambi\u00e9n te puede interesar <a href=\"https:\/\/www.vegcrates.com\/es\/categoria-producto\/contenedores-de-euros\/\" target=\"_blank\">contenedores de almacenamiento apilables con ruedas<\/a>,<a href=\"https:\/\/www.vegcrates.com\/es\/categoria-producto\/caja-de-almacenamiento-plegable\/\" target=\"_blank\">cajas plegables del Reino Unido<\/a>,<a href=\"https:\/\/www.vegcrates.com\/es\/categoria-producto\/cajas-plasticas-frutas-verduras\/\" target=\"_blank\">CAJAS DE DISTRIBUCI\u00d3N DE ALIMENTOS<\/a><\/p>","protected":false},"featured_media":5663,"comment_status":"closed","ping_status":"open","template":"","meta":[],"product_cat":[23],"product_tag":[32,34],"class_list":["post-5662","product","type-product","status-publish","has-post-thumbnail","hentry","product_cat-hinged-lid-containers","product_tag-attached-lid-container","product_tag-nestable-lidded-container"],"acf":[],"_links":{"self":[{"href":"https:\/\/www.vegcrates.com\/es\/wp-json\/wp\/v2\/product\/5662","targetHints":{"allow":["GET"]}}],"collection":[{"href":"https:\/\/www.vegcrates.com\/es\/wp-json\/wp\/v2\/product"}],"about":[{"href":"https:\/\/www.vegcrates.com\/es\/wp-json\/wp\/v2\/types\/product"}],"replies":[{"embeddable":true,"href":"https:\/\/www.vegcrates.com\/es\/wp-json\/wp\/v2\/comments?post=5662"}],"wp:featuredmedia":[{"embeddable":true,"href":"https:\/\/www.vegcrates.com\/es\/wp-json\/wp\/v2\/media\/5663"}],"wp:attachment":[{"href":"https:\/\/www.vegcrates.com\/es\/wp-json\/wp\/v2\/media?parent=5662"}],"wp:term":[{"taxonomy":"product_cat","embeddable":true,"href":"https:\/\/www.vegcrates.com\/es\/wp-json\/wp\/v2\/product_cat?post=5662"},{"taxonomy":"product_tag","embeddable":true,"href":"https:\/\/www.vegcrates.com\/es\/wp-json\/wp\/v2\/product_tag?post=5662"}],"curies":[{"name":"wp","href":"https:\/\/api.w.org\/{rel}","templated":true}]}}