{"id":5632,"date":"2018-12-02T23:30:14","date_gmt":"2018-12-02T23:30:14","guid":{"rendered":"https:\/\/www.vegcrates.com\/product\/plastic-hinged-containers-small-395\/"},"modified":"2019-01-06T17:16:08","modified_gmt":"2019-01-06T17:16:08","slug":"plastic-hinged-containers-small-395","status":"publish","type":"product","link":"https:\/\/www.vegcrates.com\/es\/producto\/contenedores-de-plastico-con-bisagras-pequenos-395\/","title":{"rendered":"Contenedores de pl\u00e1stico con bisagras peque\u00f1os 395"},"content":{"rendered":"<p>Contenedores de pl\u00e1stico peque\u00f1os con bisagra, disponibles en diversos tama\u00f1os y estilos para env\u00edo, distribuci\u00f3n, picking y almacenamiento. Dise\u00f1ados para apilarse cuando est\u00e1n llenos y encajarse cuando est\u00e1n vac\u00edos, ahorrando hasta un valioso espacio de almacenamiento. Ideales para aplicaciones en distribuci\u00f3n, alimentaci\u00f3n y fabricaci\u00f3n en general, estos contenedores ofrecen un rendimiento duradero y econ\u00f3mico.<\/p>\n<p><strong>Caracter\u00edsticas y beneficios<\/strong><\/p>\n<ul>\n<li>Los contenedores se anidan para aprovechar al m\u00e1ximo el espacio con las tapas abiertas<\/li>\n<li>Asas ergon\u00f3micas para levantar f\u00e1cilmente.<\/li>\n<li>Interiores f\u00e1ciles de limpiar<\/li>\n<li>La construcci\u00f3n de HDPE moldeado por inyecci\u00f3n resiste el impacto, la humedad y la mayor\u00eda de los productos qu\u00edmicos.<\/li>\n<li>\u00daselo con temperaturas de -20\u02da a 120\u02da F<\/li>\n<li>Opciones de personalizaci\u00f3n e identificaci\u00f3n disponibles<\/li>\n<li>Respaldado por una garant\u00eda limitada de un a\u00f1o<\/li>\n<li>100% reciclable<\/li>\n<\/ul>","protected":false},"excerpt":{"rendered":"<p>Tambi\u00e9n te puede interesar <a href=\"https:\/\/www.vegcrates.com\/es\/categoria-producto\/cajas-plasticas-frutas-verduras\/\" target=\"_blank\">cajas de verduras en venta<\/a>,<a href=\"https:\/\/www.vegcrates.com\/es\/categoria-producto\/caja-de-almacenamiento-plegable\/\" target=\"_blank\">contenedores plegables<\/a>,<a href=\"https:\/\/www.vegcrates.com\/es\/categoria-producto\/contenedores-de-euros\/\" target=\"_blank\">cajas apilables de almacenamiento<\/a><\/p>","protected":false},"featured_media":5633,"comment_status":"closed","ping_status":"open","template":"","meta":[],"product_cat":[23],"product_tag":[32,33,34],"class_list":["post-5632","product","type-product","status-publish","has-post-thumbnail","hentry","product_cat-hinged-lid-containers","product_tag-attached-lid-container","product_tag-nestable-bin","product_tag-nestable-lidded-container"],"acf":[],"_links":{"self":[{"href":"https:\/\/www.vegcrates.com\/es\/wp-json\/wp\/v2\/product\/5632","targetHints":{"allow":["GET"]}}],"collection":[{"href":"https:\/\/www.vegcrates.com\/es\/wp-json\/wp\/v2\/product"}],"about":[{"href":"https:\/\/www.vegcrates.com\/es\/wp-json\/wp\/v2\/types\/product"}],"replies":[{"embeddable":true,"href":"https:\/\/www.vegcrates.com\/es\/wp-json\/wp\/v2\/comments?post=5632"}],"wp:featuredmedia":[{"embeddable":true,"href":"https:\/\/www.vegcrates.com\/es\/wp-json\/wp\/v2\/media\/5633"}],"wp:attachment":[{"href":"https:\/\/www.vegcrates.com\/es\/wp-json\/wp\/v2\/media?parent=5632"}],"wp:term":[{"taxonomy":"product_cat","embeddable":true,"href":"https:\/\/www.vegcrates.com\/es\/wp-json\/wp\/v2\/product_cat?post=5632"},{"taxonomy":"product_tag","embeddable":true,"href":"https:\/\/www.vegcrates.com\/es\/wp-json\/wp\/v2\/product_tag?post=5632"}],"curies":[{"name":"wp","href":"https:\/\/api.w.org\/{rel}","templated":true}]}}