{"id":5602,"date":"2023-05-18T04:02:53","date_gmt":"2023-05-18T04:02:53","guid":{"rendered":"https:\/\/www.vegcrates.com\/product\/collapsible-crates-australia-egg-plastic-crate\/"},"modified":"2023-05-18T22:06:41","modified_gmt":"2023-05-18T22:06:41","slug":"collapsible-crates-australia-egg-plastic-crate","status":"publish","type":"product","link":"https:\/\/www.vegcrates.com\/es\/producto\/cajas-plegables-de-australia-caja-de-plastico-para-huevos\/","title":{"rendered":"Cajas plegables de Australia, caja de pl\u00e1stico para huevos"},"content":{"rendered":"<p>Cajas plegables de Australia hechas de PP virgen 100%, tambi\u00e9n conocidas como cajas plegables y pueden ser apilables y plegables.<\/p>\n<p>Se ha utilizado ampliamente en supermercados extranjeros, tiendas de conveniencia 24 horas, grandes centros de distribuci\u00f3n, grandes almacenes, procesamiento de alimentos, etc.<\/p>\n<p>El\u00a0<strong>Cajas inteligentes plegables para almacenamiento<\/strong>\u00a0Son robustos y su pr\u00e1ctico dise\u00f1o permite plegarlos pr\u00e1cticamente hasta quedar planos cuando no se usan, lo que ahorra mucho espacio. Gracias a su ligereza, ahorro de espacio y f\u00e1cil montaje, ofrecen:<\/p>\n<p style=\"box-sizing: border-box; margin: 0px 0px 10px; color: #222222; font-family: 'Helvetica Neue', Helvetica, Arial, sans-serif; font-size: 14px;\">\u2022 Las cajas de pl\u00e1stico plegables reducen los costes en la log\u00edstica inversa<br style=\"box-sizing: border-box;\" \/>\u2022 Dise\u00f1o completamente ventilado para una mejor ventilaci\u00f3n.<br style=\"box-sizing: border-box;\" \/>\u2022 Reduce los residuos que terminan en los vertederos en comparaci\u00f3n con el cart\u00f3n.<br style=\"box-sizing: border-box;\" \/>\u2022 100% reciclable: no hay eliminaci\u00f3n de residuos en los minoristas de alimentos<br style=\"box-sizing: border-box;\" \/>\u2022 Simplifica su proceso log\u00edstico<\/p>","protected":false},"excerpt":{"rendered":"<p>Tambi\u00e9n te puede interesar <a href=\"https:\/\/www.vegcrates.com\/es\/categoria-producto\/contenedores-de-euros\/\" target=\"_blank\" rel=\"noopener\">cajas de almacenamiento<\/a>,<a href=\"https:\/\/www.vegcrates.com\/es\/categoria-producto\/cajas-plasticas-frutas-verduras\/\" target=\"_blank\" rel=\"noopener\">caja de almacenamiento de pl\u00e1stico para peces<\/a><\/p>","protected":false},"featured_media":5603,"comment_status":"closed","ping_status":"closed","template":"","meta":[],"product_cat":[17],"product_tag":[114],"class_list":["post-5602","product","type-product","status-publish","has-post-thumbnail","hentry","product_cat-collapsible-storage-crate","product_tag-foldable-crates-for-groceries"],"acf":[],"_links":{"self":[{"href":"https:\/\/www.vegcrates.com\/es\/wp-json\/wp\/v2\/product\/5602","targetHints":{"allow":["GET"]}}],"collection":[{"href":"https:\/\/www.vegcrates.com\/es\/wp-json\/wp\/v2\/product"}],"about":[{"href":"https:\/\/www.vegcrates.com\/es\/wp-json\/wp\/v2\/types\/product"}],"replies":[{"embeddable":true,"href":"https:\/\/www.vegcrates.com\/es\/wp-json\/wp\/v2\/comments?post=5602"}],"wp:featuredmedia":[{"embeddable":true,"href":"https:\/\/www.vegcrates.com\/es\/wp-json\/wp\/v2\/media\/5603"}],"wp:attachment":[{"href":"https:\/\/www.vegcrates.com\/es\/wp-json\/wp\/v2\/media?parent=5602"}],"wp:term":[{"taxonomy":"product_cat","embeddable":true,"href":"https:\/\/www.vegcrates.com\/es\/wp-json\/wp\/v2\/product_cat?post=5602"},{"taxonomy":"product_tag","embeddable":true,"href":"https:\/\/www.vegcrates.com\/es\/wp-json\/wp\/v2\/product_tag?post=5602"}],"curies":[{"name":"wp","href":"https:\/\/api.w.org\/{rel}","templated":true}]}}