{"id":5595,"date":"2018-12-10T21:22:25","date_gmt":"2018-12-10T21:22:25","guid":{"rendered":"https:\/\/www.vegcrates.com\/product\/folding-storage-boxes-uk-6544360c\/"},"modified":"2018-12-10T21:22:25","modified_gmt":"2018-12-10T21:22:25","slug":"folding-storage-boxes-uk-6544360c","status":"publish","type":"product","link":"https:\/\/www.vegcrates.com\/es\/producto\/cajas-de-almacenamiento-plegables-reino-unido-6544360c\/","title":{"rendered":"cajas de almacenamiento plegables Reino Unido 6544360C"},"content":{"rendered":"<p>Cajas de almacenamiento plegables del Reino Unido fabricadas con PP virgen 100%, tambi\u00e9n se conocen como cajas plegables y pueden ser apilables y plegables.<\/p>\n<p>Se ha utilizado ampliamente en supermercados extranjeros, tiendas de conveniencia 24 horas, grandes centros de distribuci\u00f3n, grandes almacenes, procesamiento de alimentos, etc.<\/p>\n<p>El\u00a0<strong>Cajas inteligentes plegables para almacenamiento<\/strong>\u00a0Son robustos y su pr\u00e1ctico dise\u00f1o permite plegarlos pr\u00e1cticamente hasta quedar planos cuando no se usan, lo que ahorra mucho espacio. Gracias a su ligereza, ahorro de espacio y f\u00e1cil montaje, ofrecen:<\/p>\n<p style=\"box-sizing: border-box; margin: 0px 0px 10px; color: #222222; font-family: 'Helvetica Neue', Helvetica, Arial, sans-serif; font-size: 14px;\">\u2022 Las cajas de pl\u00e1stico plegables reducen los costes en la log\u00edstica inversa<br style=\"box-sizing: border-box;\" \/>\u2022 Dise\u00f1o completamente ventilado para una mejor ventilaci\u00f3n.<br style=\"box-sizing: border-box;\" \/>\u2022 Reduce los residuos que terminan en los vertederos en comparaci\u00f3n con el cart\u00f3n.<br style=\"box-sizing: border-box;\" \/>\u2022 100% reciclable: no hay eliminaci\u00f3n de residuos en los minoristas de alimentos<br style=\"box-sizing: border-box;\" \/>\u2022 Simplifica su proceso log\u00edstico<\/p>","protected":false},"excerpt":{"rendered":"<p>Tambi\u00e9n te puede interesar <a href=\"https:\/\/www.vegcrates.com\/es\/categoria-producto\/contenedores-de-euros\/\" target=\"_blank\">contenedores de pl\u00e1stico apilables para almacenar alimentos<\/a>,<a href=\"https:\/\/www.vegcrates.com\/es\/categoria-producto\/cajas-plasticas-frutas-verduras\/\" target=\"_blank\">contenedor de malla de pl\u00e1stico<\/a><\/p>","protected":false},"featured_media":5596,"comment_status":"closed","ping_status":"open","template":"","meta":[],"product_cat":[17],"product_tag":[],"class_list":["post-5595","product","type-product","status-publish","has-post-thumbnail","hentry","product_cat-collapsible-storage-crate"],"acf":[],"_links":{"self":[{"href":"https:\/\/www.vegcrates.com\/es\/wp-json\/wp\/v2\/product\/5595","targetHints":{"allow":["GET"]}}],"collection":[{"href":"https:\/\/www.vegcrates.com\/es\/wp-json\/wp\/v2\/product"}],"about":[{"href":"https:\/\/www.vegcrates.com\/es\/wp-json\/wp\/v2\/types\/product"}],"replies":[{"embeddable":true,"href":"https:\/\/www.vegcrates.com\/es\/wp-json\/wp\/v2\/comments?post=5595"}],"wp:featuredmedia":[{"embeddable":true,"href":"https:\/\/www.vegcrates.com\/es\/wp-json\/wp\/v2\/media\/5596"}],"wp:attachment":[{"href":"https:\/\/www.vegcrates.com\/es\/wp-json\/wp\/v2\/media?parent=5595"}],"wp:term":[{"taxonomy":"product_cat","embeddable":true,"href":"https:\/\/www.vegcrates.com\/es\/wp-json\/wp\/v2\/product_cat?post=5595"},{"taxonomy":"product_tag","embeddable":true,"href":"https:\/\/www.vegcrates.com\/es\/wp-json\/wp\/v2\/product_tag?post=5595"}],"curies":[{"name":"wp","href":"https:\/\/api.w.org\/{rel}","templated":true}]}}