{"id":5502,"date":"2018-12-12T03:00:32","date_gmt":"2018-12-12T03:00:32","guid":{"rendered":"https:\/\/www.vegcrates.com\/product\/apple-crates-wholesale-retaining-freshness-crate\/"},"modified":"2021-06-27T08:10:42","modified_gmt":"2021-06-27T08:10:42","slug":"apple-crates-wholesale-retaining-freshness-crate","status":"publish","type":"product","link":"https:\/\/www.vegcrates.com\/es\/producto\/cajas-de-manzanas-al-por-mayor-que-conservan-la-frescura\/","title":{"rendered":"Cajas de manzanas al por mayor que conservan la frescura"},"content":{"rendered":"<p>Las cajas de manzanas al por mayor est\u00e1n disponibles en varios tama\u00f1os y estilos para recolectar, procesar y enviar frutas y verduras peque\u00f1as como fresas o esp\u00e1rragos.<\/p>\n<p><strong>Caracter\u00edsticas y beneficios<\/strong><\/p>\n<ul>\n<li>Fabricado con materiales que cumplen con la FDA<\/li>\n<li>Resiste la exposici\u00f3n a la luz solar y a los procesos de enfriamiento; resiste el impacto y la humedad; no se astilla, no se pudre ni absorbe olores.<\/li>\n<li>Interiores f\u00e1ciles de limpiar<\/li>\n<li>Se apilan cuando est\u00e1n cargados y se anidan cuando est\u00e1n vac\u00edos para optimizar el espacio.<\/li>\n<li>Dise\u00f1os ventilados para enfriamiento r\u00e1pido, control de temperatura y drenaje.<\/li>\n<li>\u00daselo con temperaturas de -20\u02da a 120\u02da F<\/li>\n<li>Opciones de personalizaci\u00f3n e identificaci\u00f3n disponibles<\/li>\n<li>Respaldado por una garant\u00eda limitada de un a\u00f1o<\/li>\n<li>100% HDPE reciclable<\/li>\n<\/ul>","protected":false},"excerpt":{"rendered":"<p>Tambi\u00e9n te puede interesar <a href=\"https:\/\/www.vegcrates.com\/es\/categoria-producto\/caja-de-almacenamiento-plegable\/\" target=\"_blank\" rel=\"noopener\">cajas de pl\u00e1stico plegables<\/a>,<a href=\"https:\/\/www.vegcrates.com\/es\/categoria-producto\/contenedores-de-euros\/\" target=\"_blank\" rel=\"noopener\">contenedores apilables de almacenamiento<\/a><\/p>","protected":false},"featured_media":5507,"comment_status":"closed","ping_status":"closed","template":"","meta":[],"product_cat":[25],"product_tag":[94,93],"class_list":["post-5502","product","type-product","status-publish","has-post-thumbnail","hentry","product_cat-vegetable-harvest-crates","product_tag-plastic-vegetable-crate","product_tag-retaining-freshness-crate"],"acf":[],"_links":{"self":[{"href":"https:\/\/www.vegcrates.com\/es\/wp-json\/wp\/v2\/product\/5502","targetHints":{"allow":["GET"]}}],"collection":[{"href":"https:\/\/www.vegcrates.com\/es\/wp-json\/wp\/v2\/product"}],"about":[{"href":"https:\/\/www.vegcrates.com\/es\/wp-json\/wp\/v2\/types\/product"}],"replies":[{"embeddable":true,"href":"https:\/\/www.vegcrates.com\/es\/wp-json\/wp\/v2\/comments?post=5502"}],"wp:featuredmedia":[{"embeddable":true,"href":"https:\/\/www.vegcrates.com\/es\/wp-json\/wp\/v2\/media\/5507"}],"wp:attachment":[{"href":"https:\/\/www.vegcrates.com\/es\/wp-json\/wp\/v2\/media?parent=5502"}],"wp:term":[{"taxonomy":"product_cat","embeddable":true,"href":"https:\/\/www.vegcrates.com\/es\/wp-json\/wp\/v2\/product_cat?post=5502"},{"taxonomy":"product_tag","embeddable":true,"href":"https:\/\/www.vegcrates.com\/es\/wp-json\/wp\/v2\/product_tag?post=5502"}],"curies":[{"name":"wp","href":"https:\/\/api.w.org\/{rel}","templated":true}]}}