{"id":6757,"date":"2025-04-20T10:20:05","date_gmt":"2025-04-20T10:20:05","guid":{"rendered":"https:\/\/www.vegcrates.com\/product\/plastic-collapsible-milk-crate%e2%80%8b\/"},"modified":"2025-04-20T10:42:05","modified_gmt":"2025-04-20T10:42:05","slug":"plastic-collapsible-milk-crate","status":"publish","type":"product","link":"https:\/\/www.vegcrates.com\/de\/product\/zusammenklappbare-milchkiste-aus-kunststoff\/","title":{"rendered":"zusammenklappbare Milchkiste aus Kunststoff"},"content":{"rendered":"<p>Organisieren Sie Ihren Raum mit unserer umweltfreundlichen Mehrzweck-Kunststoff-Milchkiste, die zusammenklappbar ist! Diese vielseitige Kiste aus strapazierf\u00e4higem Kunststoff erf\u00fcllt alle Ihre Aufbewahrungsanforderungen und schont dabei die Umwelt. Die robuste Konstruktion garantiert Langlebigkeit, egal ob Sie sie f\u00fcr Lebensmittel, Spielzeug oder Haushaltsgegenst\u00e4nde verwenden.<\/p>\n<div style=\"width: 1170px;\" class=\"wp-video\"><!--[if lt IE 9]><script>document.createElement('video');<\/script><![endif]-->\n<video class=\"wp-video-shortcode\" id=\"video-6757-1\" width=\"1170\" height=\"658\" poster=\"https:\/\/www.vegcrates.com\/wp-content\/uploads\/2025\/04\/plastic-collapsible-milk-crate-5.jpg\" preload=\"metadata\" controls=\"controls\"><source type=\"video\/mp4\" src=\"https:\/\/www.vegcrates.com\/wp-content\/uploads\/2025\/04\/plastic-collapsible-milk-crate.mp4?_=1\" \/><a href=\"https:\/\/www.vegcrates.com\/wp-content\/uploads\/2025\/04\/plastic-collapsible-milk-crate.mp4\">https:\/\/www.vegcrates.com\/wp-content\/uploads\/2025\/04\/plastic-collapsible-milk-crate.mp4<\/a><\/video><\/div>\n<p>&nbsp;<\/p>\n<p>Mit ihrer eleganten gr\u00fcnen Farbe und dem atmungsaktiven, offen gewebten Design bietet diese Kiste hervorragende Sichtbarkeit und Luftzirkulation, damit der Inhalt frisch bleibt. Dank ihres geringen Gewichts und ihrer Robustheit l\u00e4sst sie sich leicht in Ihrem Haus, B\u00fcro oder Garten bewegen. Der integrierte Griff erm\u00f6glicht ein m\u00fcheloses Tragen und macht die Kiste sowohl f\u00fcr den Innen- als auch f\u00fcr den Au\u00dfenbereich ideal.<\/p>\n<p>Diese Kiste ist stapelbar und l\u00e4sst sich zur einfachen Aufbewahrung zusammenklappen, was die Organisation auf ein neues Niveau hebt. Perfekt f\u00fcr umweltbewusste Verbraucher, die Praktisches suchen, ohne Kompromisse beim Stil einzugehen. Verwandeln Sie noch heute Unordnung in Ordnung mit unserer umweltfreundlichen Mehrzweck-Aufbewahrungskiste!<\/p>\n<p>&nbsp;<\/p>\n<p>wir verkaufen auch <a href=\"https:\/\/www.plastic-crate.co.uk\/product-tag\/ifco-crates-for-sale\/\">ifco-Box<\/a>, <a href=\"https:\/\/www.storage-totes.com\/product-category\/nesting-totes\/\" target=\"_blank\" rel=\"noopener\">Stack-nest-Beh\u00e4lter<\/a><\/p>","protected":false},"excerpt":{"rendered":"<p>Organize your space with our Eco-Friendly Multi-Purpose plastic collapsible milk crate\u200b! Crafted from durable plastic, this versatile crate is designed&hellip;<\/p>","protected":false},"featured_media":6750,"comment_status":"open","ping_status":"closed","template":"","meta":[],"product_cat":[17,25],"product_tag":[],"class_list":["post-6757","product","type-product","status-publish","has-post-thumbnail","hentry","product_cat-collapsible-storage-crate","product_cat-vegetable-harvest-crates"],"acf":[],"_links":{"self":[{"href":"https:\/\/www.vegcrates.com\/de\/wp-json\/wp\/v2\/product\/6757","targetHints":{"allow":["GET"]}}],"collection":[{"href":"https:\/\/www.vegcrates.com\/de\/wp-json\/wp\/v2\/product"}],"about":[{"href":"https:\/\/www.vegcrates.com\/de\/wp-json\/wp\/v2\/types\/product"}],"replies":[{"embeddable":true,"href":"https:\/\/www.vegcrates.com\/de\/wp-json\/wp\/v2\/comments?post=6757"}],"wp:featuredmedia":[{"embeddable":true,"href":"https:\/\/www.vegcrates.com\/de\/wp-json\/wp\/v2\/media\/6750"}],"wp:attachment":[{"href":"https:\/\/www.vegcrates.com\/de\/wp-json\/wp\/v2\/media?parent=6757"}],"wp:term":[{"taxonomy":"product_cat","embeddable":true,"href":"https:\/\/www.vegcrates.com\/de\/wp-json\/wp\/v2\/product_cat?post=6757"},{"taxonomy":"product_tag","embeddable":true,"href":"https:\/\/www.vegcrates.com\/de\/wp-json\/wp\/v2\/product_tag?post=6757"}],"curies":[{"name":"wp","href":"https:\/\/api.w.org\/{rel}","templated":true}]}}