{"id":6742,"date":"2025-04-20T09:53:14","date_gmt":"2025-04-20T09:53:14","guid":{"rendered":"https:\/\/www.vegcrates.com\/product\/versatile-stackable-storage-crate-with-secure-lid\/"},"modified":"2025-04-20T10:05:58","modified_gmt":"2025-04-20T10:05:58","slug":"versatile-stackable-storage-crate-with-secure-lid","status":"publish","type":"product","link":"https:\/\/www.vegcrates.com\/de\/product\/vielseitige-stapelbare-aufbewahrungskiste-mit-sicherem-deckel\/","title":{"rendered":"Vielseitige, stapelbare Aufbewahrungskiste mit sicherem Deckel"},"content":{"rendered":"<p>Organisieren Sie Ihren Raum mit unserem <strong>Vielseitige stapelbare Aufbewahrungskiste<\/strong>. Diese Kisten sind aus strapazierf\u00e4higem, hochwertigem Kunststoff gefertigt und f\u00fcr den dauerhaften Einsatz konzipiert, so dass sie sich perfekt f\u00fcr die Aufbewahrung in der Garage oder f\u00fcr die Organisation zu Hause eignen.<\/p>\n<div style=\"width: 960px;\" class=\"wp-video\"><!--[if lt IE 9]><script>document.createElement('video');<\/script><![endif]-->\n<video class=\"wp-video-shortcode\" id=\"video-6742-1\" width=\"960\" height=\"540\" preload=\"metadata\" controls=\"controls\"><source type=\"video\/mp4\" src=\"https:\/\/www.vegcrates.com\/wp-content\/uploads\/2025\/04\/versatile-stackable-storage-crate-with-secure-lid.mp4?_=1\" \/><a href=\"https:\/\/www.vegcrates.com\/wp-content\/uploads\/2025\/04\/versatile-stackable-storage-crate-with-secure-lid.mp4\">https:\/\/www.vegcrates.com\/wp-content\/uploads\/2025\/04\/versatile-stackable-storage-crate-with-secure-lid.mp4<\/a><\/video><\/div>\n<p><strong>Schl\u00fcsselaufbewahrungskiste Merkmale:<\/strong><\/p>\n<ul>\n<li><strong>Platzsparendes Design:<\/strong>\u00a0Stapelbare Kisten erm\u00f6glichen eine effiziente Nutzung des vertikalen Raums und helfen Ihnen, Ihre Lagerfl\u00e4che zu maximieren.<\/li>\n<li><strong>Sichern Sie den Deckel:<\/strong>\u00a0Der eng anliegende Deckel sch\u00fctzt Ihre Gegenst\u00e4nde vor Staub und Schmutz und sorgt daf\u00fcr, dass alles sauber und geordnet bleibt.<\/li>\n<li><strong>Robust und langlebig:<\/strong>\u00a0Sie sind f\u00fcr den t\u00e4glichen Gebrauch konzipiert, sei es f\u00fcr saisonale Dekorationen, Sportausr\u00fcstung oder B\u00fcrobedarf.<\/li>\n<li><strong>Leicht zu transportieren:<\/strong>\u00a0Verst\u00e4rkte Griffe machen den Transport der Aufbewahrungskiste zu einem Kinderspiel.<\/li>\n<li><strong>Schlanke \u00c4sthetik:<\/strong>\u00a0Die moderne graue Oberfl\u00e4che passt zu jeder Einrichtung und wertet Ihren Stauraum optisch auf.<\/li>\n<\/ul>\n<p>Verwandeln Sie Unordnung in organisiertes Gl\u00fcck mit der vielseitigen, stapelbaren Aufbewahrungskiste, der idealen L\u00f6sung f\u00fcr Ihr Zuhause, Ihr B\u00fcro oder Ihre Garage!<\/p>","protected":false},"excerpt":{"rendered":"<p>Sie k\u00f6nnten auch interessiert sein an <a href=\"https:\/\/www.vegcrates.com\/de\/product-category\/zusammenklappbare-aufbewahrungskiste\/\" target=\"_blank\" rel=\"noopener\">zusammenklappbare Stapelkiste<\/a>,<a href=\"https:\/\/www.vegcrates.com\/de\/product-category\/euro-behalter\/\" target=\"_blank\" rel=\"noopener\">Stapelbarer Lagerbeh\u00e4lter aus Kunststoff<\/a><\/p>","protected":false},"featured_media":6741,"comment_status":"open","ping_status":"closed","template":"","meta":[],"product_cat":[23],"product_tag":[],"class_list":["post-6742","product","type-product","status-publish","has-post-thumbnail","hentry","product_cat-hinged-lid-containers"],"acf":[],"_links":{"self":[{"href":"https:\/\/www.vegcrates.com\/de\/wp-json\/wp\/v2\/product\/6742","targetHints":{"allow":["GET"]}}],"collection":[{"href":"https:\/\/www.vegcrates.com\/de\/wp-json\/wp\/v2\/product"}],"about":[{"href":"https:\/\/www.vegcrates.com\/de\/wp-json\/wp\/v2\/types\/product"}],"replies":[{"embeddable":true,"href":"https:\/\/www.vegcrates.com\/de\/wp-json\/wp\/v2\/comments?post=6742"}],"wp:featuredmedia":[{"embeddable":true,"href":"https:\/\/www.vegcrates.com\/de\/wp-json\/wp\/v2\/media\/6741"}],"wp:attachment":[{"href":"https:\/\/www.vegcrates.com\/de\/wp-json\/wp\/v2\/media?parent=6742"}],"wp:term":[{"taxonomy":"product_cat","embeddable":true,"href":"https:\/\/www.vegcrates.com\/de\/wp-json\/wp\/v2\/product_cat?post=6742"},{"taxonomy":"product_tag","embeddable":true,"href":"https:\/\/www.vegcrates.com\/de\/wp-json\/wp\/v2\/product_tag?post=6742"}],"curies":[{"name":"wp","href":"https:\/\/api.w.org\/{rel}","templated":true}]}}