{"id":6679,"date":"2025-02-08T18:05:45","date_gmt":"2025-02-08T18:05:45","guid":{"rendered":"https:\/\/www.vegcrates.com\/?post_type=product&#038;p=6679"},"modified":"2025-02-08T18:29:51","modified_gmt":"2025-02-08T18:29:51","slug":"folding-plastic-basket","status":"publish","type":"product","link":"https:\/\/www.vegcrates.com\/de\/product\/klappbarer-kunststoffkorb\/","title":{"rendered":"Faltbarer Plastikkorb"},"content":{"rendered":"<p>Unser vielseitiger faltbarer Kunststoffkorb ist eine perfekte Mischung aus Funktionalit\u00e4t und Stil. Der fachm\u00e4nnisch aus hochwertigem Kunststoff gefertigte Korb verspricht Langlebigkeit und ist so konzipiert, dass er der t\u00e4glichen Beanspruchung standh\u00e4lt. Seine einzigartige Faltfunktion macht ihn zu einer idealen, platzsparenden L\u00f6sung f\u00fcr Ihr Zuhause, Ihr B\u00fcro oder Ihre Outdoor-Abenteuer.<\/p>\n<p>Unser faltbarer Kunststoffkorb bietet eine beeindruckende Lagerkapazit\u00e4t und eignet sich perfekt zur Aufbewahrung einer Vielzahl von Gegenst\u00e4nden, von frischem Obst und Gem\u00fcse bis hin zu Spielzeug, B\u00fcchern oder B\u00fcrobedarf. Sein offenes Design sorgt daf\u00fcr, dass Ihre Gegenst\u00e4nde sichtbar und leicht zug\u00e4nglich sind.<\/p>\n<p>Das Besondere an diesem Korb ist sein faltbares Design. Er l\u00e4sst sich flach zusammenlegen, wenn er nicht gebraucht wird, und nimmt so nur wenig Platz ein. Das macht ihn ideal f\u00fcr kleine Wohnungen, vollgestopfte K\u00fcchen oder \u00fcberf\u00fcllte B\u00fcros. Dadurch ist er auch tragbar und kann leicht auf Picknicks oder Campingausfl\u00fcge mitgenommen werden, was Ihre Reisen noch bequemer macht.<\/p>\n<p>Dieser Korb ist nicht nur funktional, sondern besticht auch durch sein schlichtes, modernes Design, das in verschiedenen leuchtenden Farben erh\u00e4ltlich ist und zu jedem Einrichtungsstil passt. Er ist leicht zu reinigen, einfach mit Wasser absp\u00fclen und trocknen lassen.<\/p>\n<p>Unser faltbarer Kunststoffkorb ist eine perfekte Kombination aus Praktikabilit\u00e4t, Haltbarkeit und Stil. Dieser Korb wurde mit Blick auf Ihre Aufbewahrungsbed\u00fcrfnisse und Platzbeschr\u00e4nkungen entwickelt und ist ein unverzichtbares Accessoire f\u00fcr jedes Zuhause oder B\u00fcro.<\/p>","protected":false},"excerpt":{"rendered":"<p>Sie k\u00f6nnten auch interessiert sein an <a href=\"https:\/\/www.vegcrates.com\/de\/product-category\/erntekisten-fur-gemuse\/\" target=\"_blank\" rel=\"noopener\">Erntekorb<\/a>,<a href=\"https:\/\/www.dollymoving.com\/\" target=\"_blank\" rel=\"noopener\">Rollwagen f\u00fcr den Materialtransport<\/a><\/p>","protected":false},"featured_media":6683,"comment_status":"closed","ping_status":"closed","template":"","meta":[],"product_cat":[17],"product_tag":[],"class_list":["post-6679","product","type-product","status-publish","has-post-thumbnail","hentry","product_cat-collapsible-storage-crate"],"acf":[],"_links":{"self":[{"href":"https:\/\/www.vegcrates.com\/de\/wp-json\/wp\/v2\/product\/6679","targetHints":{"allow":["GET"]}}],"collection":[{"href":"https:\/\/www.vegcrates.com\/de\/wp-json\/wp\/v2\/product"}],"about":[{"href":"https:\/\/www.vegcrates.com\/de\/wp-json\/wp\/v2\/types\/product"}],"replies":[{"embeddable":true,"href":"https:\/\/www.vegcrates.com\/de\/wp-json\/wp\/v2\/comments?post=6679"}],"wp:featuredmedia":[{"embeddable":true,"href":"https:\/\/www.vegcrates.com\/de\/wp-json\/wp\/v2\/media\/6683"}],"wp:attachment":[{"href":"https:\/\/www.vegcrates.com\/de\/wp-json\/wp\/v2\/media?parent=6679"}],"wp:term":[{"taxonomy":"product_cat","embeddable":true,"href":"https:\/\/www.vegcrates.com\/de\/wp-json\/wp\/v2\/product_cat?post=6679"},{"taxonomy":"product_tag","embeddable":true,"href":"https:\/\/www.vegcrates.com\/de\/wp-json\/wp\/v2\/product_tag?post=6679"}],"curies":[{"name":"wp","href":"https:\/\/api.w.org\/{rel}","templated":true}]}}