{"id":6654,"date":"2023-11-26T09:03:31","date_gmt":"2023-11-26T09:03:31","guid":{"rendered":"https:\/\/www.vegcrates.com\/?post_type=product&#038;p=6654"},"modified":"2026-03-03T11:52:28","modified_gmt":"2026-03-03T11:52:28","slug":"grape-harvest-bins-grape-harvest-bins-for-sale","status":"publish","type":"product","link":"https:\/\/www.vegcrates.com\/de\/product\/weinlesebehalter-weinlesebehalter-zu-verkaufen\/","title":{"rendered":"Weinlesebeh\u00e4lter, Weinlesebeh\u00e4lter zu verkaufen"},"content":{"rendered":"<p>Introducing our Plastic Grape Harvest Bins \u2013 the pinnacle of functionality and durability designed to meet the rigorous demands of grape harvesting and transportation. Crafted with the vineyard&#8217;s needs in mind, these bins are engineered to preserve the integrity of your grape harvest and simplify the logistics of the picking process.<\/p>\n<p>Die Agrarbeh\u00e4lter aus Kunststoff sind feuchtigkeitsbest\u00e4ndig, schimmelfest, nagelfrei, dornenfrei, sch\u00e4dlingsfrei, flockig, recycelbar, sicher und gesundheitsvertr\u00e4glich usw.<\/p>\n<p><strong>Robuste Konstruktion:<\/strong><\/p>\n<p>Unsere Beh\u00e4lter f\u00fcr die Weinlese sind so gebaut, dass sie den Herausforderungen des Weinbergs standhalten. Sie sind aus haltbarem, lebensmittelechtem Kunststoff gefertigt und bieten eine robuste und sch\u00fctzende Umgebung f\u00fcr Ihre empfindlichen Traubenb\u00fcschel.<\/p>\n<p><strong>Optimale Bel\u00fcftung:<\/strong><\/p>\n<p>Die K\u00e4sten sind perforiert, um eine optimale Luftzirkulation um die Trauben herum zu gew\u00e4hrleisten. Diese Bel\u00fcftung f\u00f6rdert eine gleichm\u00e4\u00dfige Reifung und verhindert die Ansammlung von Feuchtigkeit, wodurch das Risiko von Schimmel oder Verderb verringert wird.<\/p>\n<p><strong>Gro\u00dfz\u00fcgige Kapazit\u00e4t:<\/strong><\/p>\n<p>Diese Beh\u00e4lter bieten reichlich Platz f\u00fcr einen gro\u00dfen Traubenertrag und sind so konzipiert, dass sie den Ernteprozess rationalisieren. Das gro\u00dfz\u00fcgige Fassungsverm\u00f6gen minimiert die Notwendigkeit des h\u00e4ufigen Entladens, so dass sich Ihr Team auf die Ernte konzentrieren kann.<\/p>\n<p><strong>Stapelbares Design:<\/strong><\/p>\n<p>Die stapelbare Konfiguration unserer Beh\u00e4lter optimiert den Lagerraum, sowohl vor Ort als auch beim Transport. Das ineinandergreifende System gew\u00e4hrleistet Stabilit\u00e4t beim Stapeln und erleichtert eine ordentliche und organisierte Lagerung.<\/p>\n<p><strong>Leicht zu reinigen:<\/strong><\/p>\n<p>Glatte Oberfl\u00e4chen und abgerundete Ecken machen die Reinigung und Desinfizierung dieser Beh\u00e4lter zu einer einfachen Aufgabe, um die Hygiene und Qualit\u00e4t Ihrer Ernte zu erhalten.<\/p>\n<div style=\"width: 960px;\" class=\"wp-video\"><!--[if lt IE 9]><script>document.createElement('video');<\/script><![endif]-->\n<video class=\"wp-video-shortcode\" id=\"video-6654-1\" width=\"960\" height=\"540\" preload=\"metadata\" controls=\"controls\"><source type=\"video\/mp4\" src=\"https:\/\/www.vegcrates.com\/wp-content\/uploads\/2023\/11\/grape-harvest-bins.mp4?_=1\" \/><a href=\"https:\/\/www.vegcrates.com\/wp-content\/uploads\/2023\/11\/grape-harvest-bins.mp4\">https:\/\/www.vegcrates.com\/wp-content\/uploads\/2023\/11\/grape-harvest-bins.mp4<\/a><\/video><\/div>\n<dl class=\"do-entry-item\">\n<dt class=\"do-entry-item\"><span class=\"attr-name J-attr-name\" title=\"Gestaltung\"><strong>Gestaltung<\/strong>:<\/span><\/dt>\n<dd class=\"do-entry-item-val\">\n<div class=\"text-ellipsis\" title=\"4-Wege-Zugang\">4-Wege-Zugang<\/div>\n<\/dd>\n<\/dl>\n<dl class=\"do-entry-item\">\n<dt class=\"do-entry-item\"><span class=\"attr-name J-attr-name\" title=\"statische Belastung\"><strong>statische Belastung<\/strong>:<\/span><\/dt>\n<dd class=\"do-entry-item-val\">\n<div class=\"text-ellipsis\" title=\"4T\">4T<\/div>\n<\/dd>\n<\/dl>\n<dl class=\"do-entry-item\">\n<dt class=\"do-entry-item\"><span class=\"attr-name J-attr-name\" title=\"dynamische Belastung\"><strong>dynamische Belastung<\/strong>:<\/span><\/dt>\n<dd class=\"do-entry-item-val\">\n<div class=\"text-ellipsis\" title=\"1T\">1T<\/div>\n<\/dd>\n<\/dl>\n<p><strong>Detail dieses Erntebeh\u00e4lters f\u00fcr Gem\u00fcse<\/strong><\/p>\n<p><img loading=\"lazy\" decoding=\"async\" class=\"alignnone wp-image-6589 size-full\" src=\"https:\/\/www.vegcrates.com\/wp-content\/uploads\/2022\/02\/plastic-agricultural-bins-detail-a.jpg\" alt=\"M\u00e4hdrescher\" width=\"672\" height=\"1176\" srcset=\"https:\/\/www.vegcrates.com\/wp-content\/uploads\/2022\/02\/plastic-agricultural-bins-detail-a.jpg 672w, https:\/\/www.vegcrates.com\/wp-content\/uploads\/2022\/02\/plastic-agricultural-bins-detail-a-171x300.jpg 171w, https:\/\/www.vegcrates.com\/wp-content\/uploads\/2022\/02\/plastic-agricultural-bins-detail-a-585x1024.jpg 585w, https:\/\/www.vegcrates.com\/wp-content\/uploads\/2022\/02\/plastic-agricultural-bins-detail-a-600x1050.jpg 600w\" sizes=\"auto, (max-width: 672px) 100vw, 672px\" \/><\/p>\n<p><img loading=\"lazy\" decoding=\"async\" class=\"alignnone size-full wp-image-6588\" src=\"https:\/\/www.vegcrates.com\/wp-content\/uploads\/2022\/02\/plastic-agricultural-bins-detail-b.jpg\" alt=\"Erntebunker zu verkaufen\" width=\"672\" height=\"864\" srcset=\"https:\/\/www.vegcrates.com\/wp-content\/uploads\/2022\/02\/plastic-agricultural-bins-detail-b.jpg 672w, https:\/\/www.vegcrates.com\/wp-content\/uploads\/2022\/02\/plastic-agricultural-bins-detail-b-233x300.jpg 233w, https:\/\/www.vegcrates.com\/wp-content\/uploads\/2022\/02\/plastic-agricultural-bins-detail-b-600x771.jpg 600w\" sizes=\"auto, (max-width: 672px) 100vw, 672px\" \/><\/p>\n<p><img loading=\"lazy\" decoding=\"async\" class=\"alignnone size-full wp-image-6587\" src=\"https:\/\/www.vegcrates.com\/wp-content\/uploads\/2022\/02\/plastic-agricultural-bins-detail-c.jpg\" alt=\"Erntebunker zu verkaufen\" width=\"672\" height=\"1016\" srcset=\"https:\/\/www.vegcrates.com\/wp-content\/uploads\/2022\/02\/plastic-agricultural-bins-detail-c.jpg 672w, https:\/\/www.vegcrates.com\/wp-content\/uploads\/2022\/02\/plastic-agricultural-bins-detail-c-198x300.jpg 198w, https:\/\/www.vegcrates.com\/wp-content\/uploads\/2022\/02\/plastic-agricultural-bins-detail-c-600x907.jpg 600w\" sizes=\"auto, (max-width: 672px) 100vw, 672px\" \/><\/p>\n<p><strong>Kunststoff-Erntebeh\u00e4lter<\/strong> sind in verschiedenen Gr\u00f6\u00dfen und Ausf\u00fchrungen f\u00fcr die Ernte, die Verarbeitung und den Versand kleiner Fr\u00fcchte und Gem\u00fcse wie Erdbeeren oder Spargel erh\u00e4ltlich.<\/p>\n<dl class=\"do-entry-item\">\n<dd class=\"do-entry-item-val\">\n<div title=\"1T\"><\/div>\n<\/dd>\n<\/dl>","protected":false},"excerpt":{"rendered":"<p>Sie k\u00f6nnten auch interessiert sein an <a href=\"https:\/\/www.vegcrates.com\/de\/product-category\/zusammenklappbare-aufbewahrungskiste\/\" target=\"_blank\" rel=\"noopener\">zusammenklappbare Kunststoffkisten<\/a>\u00a0, <a href=\"https:\/\/www.ph-teststrips.com\/product-category\/ph-strip-tester\/\" target=\"_blank\" rel=\"noopener\">ph-Teststreifen f\u00fcr Wasser<\/a>, <a href=\"https:\/\/www.ahotech.com\/product-category\/lithium-thionyl-chloride-li-socl2-battery\/\" target=\"_blank\" rel=\"noopener\">3,6 V-Zellen-Lithium-Batterie<\/a>,<a href=\"https:\/\/www.vegcrates.com\/de\/product-category\/euro-behalter\/\" target=\"_blank\" rel=\"noopener\">Eurobeh\u00e4lter mit Scharnierdeckel<\/a><\/p>","protected":false},"featured_media":6665,"comment_status":"closed","ping_status":"closed","template":"","meta":[],"product_cat":[25],"product_tag":[114],"class_list":["post-6654","product","type-product","status-publish","has-post-thumbnail","hentry","product_cat-vegetable-harvest-crates","product_tag-foldable-crates-for-groceries"],"acf":[],"_links":{"self":[{"href":"https:\/\/www.vegcrates.com\/de\/wp-json\/wp\/v2\/product\/6654","targetHints":{"allow":["GET"]}}],"collection":[{"href":"https:\/\/www.vegcrates.com\/de\/wp-json\/wp\/v2\/product"}],"about":[{"href":"https:\/\/www.vegcrates.com\/de\/wp-json\/wp\/v2\/types\/product"}],"replies":[{"embeddable":true,"href":"https:\/\/www.vegcrates.com\/de\/wp-json\/wp\/v2\/comments?post=6654"}],"wp:featuredmedia":[{"embeddable":true,"href":"https:\/\/www.vegcrates.com\/de\/wp-json\/wp\/v2\/media\/6665"}],"wp:attachment":[{"href":"https:\/\/www.vegcrates.com\/de\/wp-json\/wp\/v2\/media?parent=6654"}],"wp:term":[{"taxonomy":"product_cat","embeddable":true,"href":"https:\/\/www.vegcrates.com\/de\/wp-json\/wp\/v2\/product_cat?post=6654"},{"taxonomy":"product_tag","embeddable":true,"href":"https:\/\/www.vegcrates.com\/de\/wp-json\/wp\/v2\/product_tag?post=6654"}],"curies":[{"name":"wp","href":"https:\/\/api.w.org\/{rel}","templated":true}]}}