{"id":6620,"date":"2023-05-18T19:27:54","date_gmt":"2023-05-18T19:27:54","guid":{"rendered":"https:\/\/www.vegcrates.com\/?post_type=product&#038;p=6620"},"modified":"2025-02-23T04:50:12","modified_gmt":"2025-02-23T04:50:12","slug":"plastic-supermarket-crates-for-fruit-and-vegetable-6431","status":"publish","type":"product","link":"https:\/\/www.vegcrates.com\/de\/product\/supermarktkisten-aus-kunststoff-fur-obst-und-gemuse-6431\/","title":{"rendered":"Supermarktkisten aus Kunststoff f\u00fcr Obst und Gem\u00fcse 6431"},"content":{"rendered":"<p>Kunststoff-Supermarktkisten f\u00fcr Obst und Gem\u00fcse gibt es in verschiedenen Gr\u00f6\u00dfen und Ausf\u00fchrungen f\u00fcr die Ernte, die Verarbeitung und den Versand von kleinem Obst und Gem\u00fcse wie Erdbeeren oder Spargel.<\/p>\n<p><strong>Merkmale und Vorteile<\/strong><\/p>\n<ul>\n<li>Hergestellt aus FDA-konformen Materialien<\/li>\n<li>Widersteht Sonneneinstrahlung und K\u00fchlprozessen, ist sto\u00dffest und feuchtigkeitsbest\u00e4ndig, splittert nicht, verrottet nicht und nimmt keine Ger\u00fcche an.<\/li>\n<li>Leicht zu reinigende Innenr\u00e4ume<\/li>\n<li>Im beladenen Zustand stapeln, im leeren Zustand verschachteln, um Platz zu sparen<\/li>\n<li>Bel\u00fcftete Konstruktionen f\u00fcr schnelle K\u00fchlung, Temperaturkontrolle und Entw\u00e4sserung<\/li>\n<li>Verwendung bei Temperaturen von -20\u02da bis 120\u02da F<\/li>\n<li>Anpassungs- und Identifizierungsoptionen verf\u00fcgbar<\/li>\n<li>Eingeschr\u00e4nkte Garantie von einem Jahr<\/li>\n<li>100% recycelbares HDPE<\/li>\n<\/ul>","protected":false},"excerpt":{"rendered":"<p>Sie k\u00f6nnten auch interessiert sein an <a href=\"https:\/\/www.vegcrates.com\/de\/product-category\/zusammenklappbare-aufbewahrungskiste\/\" target=\"_blank\" rel=\"noopener\">zusammenklappbarer Kunststoff-Lagerbeh\u00e4lter<\/a>,<a href=\"https:\/\/www.vegcrates.com\/de\/product-category\/euro-behalter\/\" target=\"_blank\" rel=\"noopener\">Euro-Beh\u00e4lter mit Scharnierdeckel<\/a>, <a href=\"https:\/\/www.plastic-crate.co.uk\/product-category\/plastic-trays\/\" target=\"_blank\" rel=\"noopener\">Nudeltrockenblech<\/a><\/p>","protected":false},"featured_media":6625,"comment_status":"closed","ping_status":"closed","template":"","meta":[],"product_cat":[25],"product_tag":[86,87,85],"class_list":["post-6620","product","type-product","status-publish","has-post-thumbnail","hentry","product_cat-vegetable-harvest-crates","product_tag-bale-arm-tray","product_tag-plastic-vegetable-and-fruit-crate","product_tag-plastic-vegetable-basket"],"acf":[],"_links":{"self":[{"href":"https:\/\/www.vegcrates.com\/de\/wp-json\/wp\/v2\/product\/6620","targetHints":{"allow":["GET"]}}],"collection":[{"href":"https:\/\/www.vegcrates.com\/de\/wp-json\/wp\/v2\/product"}],"about":[{"href":"https:\/\/www.vegcrates.com\/de\/wp-json\/wp\/v2\/types\/product"}],"replies":[{"embeddable":true,"href":"https:\/\/www.vegcrates.com\/de\/wp-json\/wp\/v2\/comments?post=6620"}],"wp:featuredmedia":[{"embeddable":true,"href":"https:\/\/www.vegcrates.com\/de\/wp-json\/wp\/v2\/media\/6625"}],"wp:attachment":[{"href":"https:\/\/www.vegcrates.com\/de\/wp-json\/wp\/v2\/media?parent=6620"}],"wp:term":[{"taxonomy":"product_cat","embeddable":true,"href":"https:\/\/www.vegcrates.com\/de\/wp-json\/wp\/v2\/product_cat?post=6620"},{"taxonomy":"product_tag","embeddable":true,"href":"https:\/\/www.vegcrates.com\/de\/wp-json\/wp\/v2\/product_tag?post=6620"}],"curies":[{"name":"wp","href":"https:\/\/api.w.org\/{rel}","templated":true}]}}