{"id":6596,"date":"2023-05-17T09:21:08","date_gmt":"2023-05-17T09:21:08","guid":{"rendered":"https:\/\/www.vegcrates.com\/?post_type=product&#038;p=6596"},"modified":"2023-05-18T22:10:12","modified_gmt":"2023-05-18T22:10:12","slug":"plastic-mesh-container-for-vegetable-and-fruit","status":"publish","type":"product","link":"https:\/\/www.vegcrates.com\/de\/product\/kunststoffgitterbehalter-fur-gemuse-und-obst\/","title":{"rendered":"Kunststoffnetzbeh\u00e4lter f\u00fcr Gem\u00fcse und Obst"},"content":{"rendered":"","protected":false},"excerpt":{"rendered":"<p>Sie k\u00f6nnten auch interessiert sein an <a href=\"https:\/\/www.vegcrates.com\/de\/product-category\/zusammenklappbare-aufbewahrungskiste\/\" target=\"_blank\" rel=\"noopener\">Lagerk\u00e4sten<\/a>,<a href=\"https:\/\/www.vegcrates.com\/de\/product-category\/euro-behalter\/\" target=\"_blank\" rel=\"noopener\">Kunststoffkisten zu verkaufen<\/a>, <a href=\"https:\/\/www.plastic-crate.com\/product-category\/plastic-moving-crates\/\">Kunststoff-Umzugsk\u00e4sten<\/a>, <a href=\"https:\/\/www.plastic-crate.co.uk\/product-category\/supermarket-crates-bale-arm-crates\/\" target=\"_blank\" rel=\"noopener\">Ballenarmkisten Gro\u00dfhandel<\/a><\/p>","protected":false},"featured_media":6599,"comment_status":"closed","ping_status":"closed","template":"","meta":[],"product_cat":[25],"product_tag":[114,87,85],"class_list":["post-6596","product","type-product","status-publish","has-post-thumbnail","hentry","product_cat-vegetable-harvest-crates","product_tag-foldable-crates-for-groceries","product_tag-plastic-vegetable-and-fruit-crate","product_tag-plastic-vegetable-basket"],"acf":[],"_links":{"self":[{"href":"https:\/\/www.vegcrates.com\/de\/wp-json\/wp\/v2\/product\/6596","targetHints":{"allow":["GET"]}}],"collection":[{"href":"https:\/\/www.vegcrates.com\/de\/wp-json\/wp\/v2\/product"}],"about":[{"href":"https:\/\/www.vegcrates.com\/de\/wp-json\/wp\/v2\/types\/product"}],"replies":[{"embeddable":true,"href":"https:\/\/www.vegcrates.com\/de\/wp-json\/wp\/v2\/comments?post=6596"}],"wp:featuredmedia":[{"embeddable":true,"href":"https:\/\/www.vegcrates.com\/de\/wp-json\/wp\/v2\/media\/6599"}],"wp:attachment":[{"href":"https:\/\/www.vegcrates.com\/de\/wp-json\/wp\/v2\/media?parent=6596"}],"wp:term":[{"taxonomy":"product_cat","embeddable":true,"href":"https:\/\/www.vegcrates.com\/de\/wp-json\/wp\/v2\/product_cat?post=6596"},{"taxonomy":"product_tag","embeddable":true,"href":"https:\/\/www.vegcrates.com\/de\/wp-json\/wp\/v2\/product_tag?post=6596"}],"curies":[{"name":"wp","href":"https:\/\/api.w.org\/{rel}","templated":true}]}}