{"id":6579,"date":"2022-02-26T01:51:31","date_gmt":"2022-02-26T01:51:31","guid":{"rendered":"https:\/\/www.vegcrates.com\/?post_type=product&#038;p=6579"},"modified":"2023-05-18T22:10:38","modified_gmt":"2023-05-18T22:10:38","slug":"plastic-agricultural-bins-harvest-bins-for-sale","status":"publish","type":"product","link":"https:\/\/www.vegcrates.com\/de\/product\/kunststoff-agrarbehalter-erntebehalter-zu-verkaufen\/","title":{"rendered":"Kunststoffbeh\u00e4lter f\u00fcr die Landwirtschaft, Verkauf von Erntebeh\u00e4ltern"},"content":{"rendered":"<p>Diese landwirtschaftlichen Erntebeh\u00e4lter werden f\u00fcr den Transport, die Lagerung, die Lebensmittel-, die pharmazeutische, die medizinische und die Lagerindustrie verwendet.<\/p>\n<p>Die landwirtschaftlichen Kunststoffbeh\u00e4lter sind korrosionsbest\u00e4ndig, nicht saugf\u00e4hig, mottenfest und haben andere hervorragende Eigenschaften, so dass sie die Ladung angemessen sch\u00fctzen.<\/p>\n<p>Die Agrarbeh\u00e4lter aus Kunststoff sind feuchtigkeitsbest\u00e4ndig, schimmelfest, nagelfrei, dornenfrei, sch\u00e4dlingsfrei, flockig, recycelbar, sicher und gesundheitsvertr\u00e4glich usw.<\/p>\n<div style=\"width: 960px;\" class=\"wp-video\"><!--[if lt IE 9]><script>document.createElement('video');<\/script><![endif]-->\n<video class=\"wp-video-shortcode\" id=\"video-6579-1\" width=\"960\" height=\"540\" preload=\"metadata\" controls=\"controls\"><source type=\"video\/mp4\" src=\"https:\/\/www.vegcrates.com\/wp-content\/uploads\/2022\/02\/plastic-agricultural-harvest-bins.mp4?_=1\" \/><a href=\"https:\/\/www.vegcrates.com\/wp-content\/uploads\/2022\/02\/plastic-agricultural-harvest-bins.mp4\">https:\/\/www.vegcrates.com\/wp-content\/uploads\/2022\/02\/plastic-agricultural-harvest-bins.mp4<\/a><\/video><\/div>\n<p>&nbsp;<\/p>\n<p>&nbsp;<\/p>\n<dl class=\"do-entry-item\">\n<dt class=\"do-entry-item\"><span class=\"attr-name J-attr-name\" title=\"Gestaltung\"><strong>Gestaltung<\/strong>:<\/span><\/dt>\n<dd class=\"do-entry-item-val\">\n<div class=\"text-ellipsis\" title=\"4-Wege-Zugang\">4-Wege-Zugang<\/div>\n<\/dd>\n<\/dl>\n<dl class=\"do-entry-item\">\n<dt class=\"do-entry-item\"><span class=\"attr-name J-attr-name\" title=\"statische Belastung\"><strong>statische Belastung<\/strong>:<\/span><\/dt>\n<dd class=\"do-entry-item-val\">\n<div class=\"text-ellipsis\" title=\"4T\">4T<\/div>\n<\/dd>\n<\/dl>\n<dl class=\"do-entry-item\">\n<dt class=\"do-entry-item\"><span class=\"attr-name J-attr-name\" title=\"dynamische Belastung\"><strong>dynamische Belastung<\/strong>:<\/span><\/dt>\n<dd class=\"do-entry-item-val\">\n<div class=\"text-ellipsis\" title=\"1T\">1T<\/div>\n<\/dd>\n<\/dl>\n<p><strong>Detail dieses Erntebeh\u00e4lters f\u00fcr Gem\u00fcse<\/strong><\/p>\n<p><img loading=\"lazy\" decoding=\"async\" class=\"alignnone size-large wp-image-6589\" src=\"https:\/\/www.vegcrates.com\/wp-content\/uploads\/2022\/02\/plastic-agricultural-bins-detail-a-585x1024.jpg\" alt=\"M\u00e4hdrescher\" width=\"585\" height=\"1024\" srcset=\"https:\/\/www.vegcrates.com\/wp-content\/uploads\/2022\/02\/plastic-agricultural-bins-detail-a-585x1024.jpg 585w, https:\/\/www.vegcrates.com\/wp-content\/uploads\/2022\/02\/plastic-agricultural-bins-detail-a-171x300.jpg 171w, https:\/\/www.vegcrates.com\/wp-content\/uploads\/2022\/02\/plastic-agricultural-bins-detail-a-600x1050.jpg 600w, https:\/\/www.vegcrates.com\/wp-content\/uploads\/2022\/02\/plastic-agricultural-bins-detail-a.jpg 672w\" sizes=\"auto, (max-width: 585px) 100vw, 585px\" \/><\/p>\n<p><img loading=\"lazy\" decoding=\"async\" class=\"alignnone size-full wp-image-6588\" src=\"https:\/\/www.vegcrates.com\/wp-content\/uploads\/2022\/02\/plastic-agricultural-bins-detail-b.jpg\" alt=\"Erntebunker zu verkaufen\" width=\"672\" height=\"864\" srcset=\"https:\/\/www.vegcrates.com\/wp-content\/uploads\/2022\/02\/plastic-agricultural-bins-detail-b.jpg 672w, https:\/\/www.vegcrates.com\/wp-content\/uploads\/2022\/02\/plastic-agricultural-bins-detail-b-233x300.jpg 233w, https:\/\/www.vegcrates.com\/wp-content\/uploads\/2022\/02\/plastic-agricultural-bins-detail-b-600x771.jpg 600w\" sizes=\"auto, (max-width: 672px) 100vw, 672px\" \/><\/p>\n<p><img loading=\"lazy\" decoding=\"async\" class=\"alignnone size-full wp-image-6587\" src=\"https:\/\/www.vegcrates.com\/wp-content\/uploads\/2022\/02\/plastic-agricultural-bins-detail-c.jpg\" alt=\"Erntebunker zu verkaufen\" width=\"672\" height=\"1016\" srcset=\"https:\/\/www.vegcrates.com\/wp-content\/uploads\/2022\/02\/plastic-agricultural-bins-detail-c.jpg 672w, https:\/\/www.vegcrates.com\/wp-content\/uploads\/2022\/02\/plastic-agricultural-bins-detail-c-198x300.jpg 198w, https:\/\/www.vegcrates.com\/wp-content\/uploads\/2022\/02\/plastic-agricultural-bins-detail-c-600x907.jpg 600w\" sizes=\"auto, (max-width: 672px) 100vw, 672px\" \/><\/p>\n<p><strong>Kunststoffbeh\u00e4lter f\u00fcr die Gem\u00fcseernte<\/strong> sind in verschiedenen Gr\u00f6\u00dfen und Ausf\u00fchrungen f\u00fcr die Ernte, die Verarbeitung und den Versand kleiner Fr\u00fcchte und Gem\u00fcse wie Erdbeeren oder Spargel erh\u00e4ltlich.<\/p>\n<p><strong>Verpackung&amp;Lieferung<\/strong><\/p>\n<p><img loading=\"lazy\" decoding=\"async\" class=\"alignnone wp-image-6531\" src=\"https:\/\/www.vegcrates.com\/wp-content\/uploads\/2021\/06\/foldable-crates-for-groceries-delivery-1024x505.png\" alt=\"faltbare Kisten f\u00fcr die Lebensmittellieferung\" width=\"800\" height=\"395\" srcset=\"https:\/\/www.vegcrates.com\/wp-content\/uploads\/2021\/06\/foldable-crates-for-groceries-delivery-1024x505.png 1024w, https:\/\/www.vegcrates.com\/wp-content\/uploads\/2021\/06\/foldable-crates-for-groceries-delivery-300x148.png 300w, https:\/\/www.vegcrates.com\/wp-content\/uploads\/2021\/06\/foldable-crates-for-groceries-delivery-768x379.png 768w, https:\/\/www.vegcrates.com\/wp-content\/uploads\/2021\/06\/foldable-crates-for-groceries-delivery-600x296.png 600w, https:\/\/www.vegcrates.com\/wp-content\/uploads\/2021\/06\/foldable-crates-for-groceries-delivery.png 1528w\" sizes=\"auto, (max-width: 800px) 100vw, 800px\" \/><\/p>\n<p><strong>Merkmale und Vorteile<\/strong><\/p>\n<dl class=\"do-entry-item\"><\/dl>\n<dl class=\"do-entry-item\">\n<dd class=\"do-entry-item-val\">\n<div class=\"text-ellipsis\" title=\"1T\">Die faltbaren Eigenschaften sparen mehr Platz beim leeren Transport und bei der Lagerung im Lager.<\/div>\n<div title=\"1T\">Sie sind viel leichter als Holz- und Stahlcontainer und daher effizienter im Transportprozess und<\/div>\n<div title=\"1T\">speichern.<\/div>\n<div title=\"1T\">Recycelbar und waschbar.<\/div>\n<\/dd>\n<\/dl>","protected":false},"excerpt":{"rendered":"<p>Sie k\u00f6nnten auch interessiert sein an <a href=\"https:\/\/www.vegcrates.com\/de\/product-category\/zusammenklappbare-aufbewahrungskiste\/\" target=\"_blank\" rel=\"noopener\">zusammenklappbare Kunststoffkisten<\/a>,<a href=\"https:\/\/www.vegcrates.com\/de\/product-category\/euro-behalter\/\" target=\"_blank\" rel=\"noopener\">Euro-Kisten,<\/a> <a href=\"https:\/\/www.plastic-crate.co.uk\/product-tag\/ifco-crates-for-sale\/\">Ifco Kisten zu verkaufen<\/a><\/p>","protected":false},"featured_media":6580,"comment_status":"closed","ping_status":"closed","template":"","meta":[],"product_cat":[25],"product_tag":[114],"class_list":["post-6579","product","type-product","status-publish","has-post-thumbnail","hentry","product_cat-vegetable-harvest-crates","product_tag-foldable-crates-for-groceries"],"acf":[],"_links":{"self":[{"href":"https:\/\/www.vegcrates.com\/de\/wp-json\/wp\/v2\/product\/6579","targetHints":{"allow":["GET"]}}],"collection":[{"href":"https:\/\/www.vegcrates.com\/de\/wp-json\/wp\/v2\/product"}],"about":[{"href":"https:\/\/www.vegcrates.com\/de\/wp-json\/wp\/v2\/types\/product"}],"replies":[{"embeddable":true,"href":"https:\/\/www.vegcrates.com\/de\/wp-json\/wp\/v2\/comments?post=6579"}],"wp:featuredmedia":[{"embeddable":true,"href":"https:\/\/www.vegcrates.com\/de\/wp-json\/wp\/v2\/media\/6580"}],"wp:attachment":[{"href":"https:\/\/www.vegcrates.com\/de\/wp-json\/wp\/v2\/media?parent=6579"}],"wp:term":[{"taxonomy":"product_cat","embeddable":true,"href":"https:\/\/www.vegcrates.com\/de\/wp-json\/wp\/v2\/product_cat?post=6579"},{"taxonomy":"product_tag","embeddable":true,"href":"https:\/\/www.vegcrates.com\/de\/wp-json\/wp\/v2\/product_tag?post=6579"}],"curies":[{"name":"wp","href":"https:\/\/api.w.org\/{rel}","templated":true}]}}