{"id":6549,"date":"2021-06-27T10:41:11","date_gmt":"2021-06-27T10:41:11","guid":{"rendered":"https:\/\/www.vegcrates.com\/?post_type=product&#038;p=6549"},"modified":"2023-05-18T22:11:17","modified_gmt":"2023-05-18T22:11:17","slug":"ventilated-plastic-crates-for-shrimp","status":"publish","type":"product","link":"https:\/\/www.vegcrates.com\/de\/product\/beluftete-kunststoffkisten-fur-garnelen\/","title":{"rendered":"Bel\u00fcftete Kunststoffkisten f\u00fcr Garnelen"},"content":{"rendered":"<p>Diese bel\u00fcfteten Kunststoffkisten f\u00fcr Garnelen werden mit hochwertigem Material und neuesten Techniken hergestellt, um ihre h\u00f6here Haltbarkeit und hervorragende Qualit\u00e4t zu gew\u00e4hrleisten. In Anbetracht der verderblichen Natur von Obst und Gem\u00fcse, haben die Kisten sehr gute Bel\u00fcftung und glatte interious, sie sind geeignet f\u00fcr Tomaten, \u00c4pfel, Orangen, Trauben, Mango usw., und die Tomate Kisten haben robuste Au\u00dfenfl\u00e4chen zu handhaben Last.<\/p>\n<p><img loading=\"lazy\" decoding=\"async\" class=\"alignnone size-full wp-image-6556\" src=\"https:\/\/www.vegcrates.com\/wp-content\/uploads\/2021\/06\/ventilated-plastic-crates-detail.png\" alt=\"bel\u00fcftete kunststoffkisten detail\" width=\"750\" height=\"750\" srcset=\"https:\/\/www.vegcrates.com\/wp-content\/uploads\/2021\/06\/ventilated-plastic-crates-detail.png 750w, https:\/\/www.vegcrates.com\/wp-content\/uploads\/2021\/06\/ventilated-plastic-crates-detail-300x300.png 300w, https:\/\/www.vegcrates.com\/wp-content\/uploads\/2021\/06\/ventilated-plastic-crates-detail-150x150.png 150w, https:\/\/www.vegcrates.com\/wp-content\/uploads\/2021\/06\/ventilated-plastic-crates-detail-400x400.png 400w, https:\/\/www.vegcrates.com\/wp-content\/uploads\/2021\/06\/ventilated-plastic-crates-detail-600x600.png 600w, https:\/\/www.vegcrates.com\/wp-content\/uploads\/2021\/06\/ventilated-plastic-crates-detail-100x100.png 100w\" sizes=\"auto, (max-width: 750px) 100vw, 750px\" \/><\/p>\n<p>&nbsp;<\/p>\n<p>Einzelheiten zum Produkt<\/p>\n<table class=\"table\">\n<tbody>\n<tr>\n<td>Name des Produkts<\/td>\n<td>Bel\u00fcftete Kunststoffkisten<\/td>\n<\/tr>\n<\/tbody>\n<tbody>\n<tr>\n<td>Material<\/td>\n<td>HDPE in Lebensmittelqualit\u00e4t<\/td>\n<\/tr>\n<\/tbody>\n<tbody>\n<tr>\n<td>Gr\u00f6\u00dfe<\/td>\n<td>618*415*180mm<\/td>\n<\/tr>\n<\/tbody>\n<tbody>\n<tr>\n<td>Gewicht<\/td>\n<td>1.6kgs<\/td>\n<\/tr>\n<\/tbody>\n<tbody>\n<tr>\n<td>Farbe<\/td>\n<td>wei\u00df, blau, rot<\/td>\n<\/tr>\n<\/tbody>\n<tbody>\n<tr>\n<td>benutzerdefiniertes Logo<\/td>\n<td>akzeptiert<\/td>\n<\/tr>\n<\/tbody>\n<tbody>\n<tr>\n<td>Vorteile<\/td>\n<td>Kunststoffkisten<\/td>\n<\/tr>\n<\/tbody>\n<\/table>\n<div>\n<div>\n<table>\n<tbody>\n<tr>\n<td>Menge f\u00fcr 20GP\/ 40HQ<\/td>\n<td>585St\u00fcck \/ 1620St\u00fcck<\/td>\n<\/tr>\n<\/tbody>\n<\/table>\n<\/div>\n<\/div>\n<p><strong>Verwendung von Gem\u00fcsekisten aus Kunststoff<\/strong><\/p>\n<p><img loading=\"lazy\" decoding=\"async\" class=\"alignnone size-full wp-image-6557\" src=\"https:\/\/www.vegcrates.com\/wp-content\/uploads\/2021\/06\/ventilated-plastic-crates-detail-2.png\" alt=\"bel\u00fcftete Kunststoffkisten\" width=\"750\" height=\"347\" srcset=\"https:\/\/www.vegcrates.com\/wp-content\/uploads\/2021\/06\/ventilated-plastic-crates-detail-2.png 750w, https:\/\/www.vegcrates.com\/wp-content\/uploads\/2021\/06\/ventilated-plastic-crates-detail-2-300x139.png 300w, https:\/\/www.vegcrates.com\/wp-content\/uploads\/2021\/06\/ventilated-plastic-crates-detail-2-600x278.png 600w\" sizes=\"auto, (max-width: 750px) 100vw, 750px\" \/><\/p>\n<p><img loading=\"lazy\" decoding=\"async\" class=\"alignnone wp-image-6558 size-full\" src=\"https:\/\/www.vegcrates.com\/wp-content\/uploads\/2021\/06\/ventilated-plastic-crates-application.png\" alt=\"Anwendung der bel\u00fcfteten Kunststoffk\u00e4sten\" width=\"718\" height=\"1132\" srcset=\"https:\/\/www.vegcrates.com\/wp-content\/uploads\/2021\/06\/ventilated-plastic-crates-application.png 718w, https:\/\/www.vegcrates.com\/wp-content\/uploads\/2021\/06\/ventilated-plastic-crates-application-190x300.png 190w, https:\/\/www.vegcrates.com\/wp-content\/uploads\/2021\/06\/ventilated-plastic-crates-application-649x1024.png 649w, https:\/\/www.vegcrates.com\/wp-content\/uploads\/2021\/06\/ventilated-plastic-crates-application-600x946.png 600w\" sizes=\"auto, (max-width: 718px) 100vw, 718px\" \/><\/p>\n<p><img loading=\"lazy\" decoding=\"async\" class=\"alignnone wp-image-6528\" src=\"https:\/\/www.vegcrates.com\/wp-content\/uploads\/2021\/06\/vegetable-crates-application-2-1024x437.png\" alt=\"Anwendung von Gem\u00fcsekisten\" width=\"800\" height=\"341\" srcset=\"https:\/\/www.vegcrates.com\/wp-content\/uploads\/2021\/06\/vegetable-crates-application-2-1024x437.png 1024w, https:\/\/www.vegcrates.com\/wp-content\/uploads\/2021\/06\/vegetable-crates-application-2-300x128.png 300w, https:\/\/www.vegcrates.com\/wp-content\/uploads\/2021\/06\/vegetable-crates-application-2-768x327.png 768w, https:\/\/www.vegcrates.com\/wp-content\/uploads\/2021\/06\/vegetable-crates-application-2-600x256.png 600w, https:\/\/www.vegcrates.com\/wp-content\/uploads\/2021\/06\/vegetable-crates-application-2.png 1520w\" sizes=\"auto, (max-width: 800px) 100vw, 800px\" \/> <img loading=\"lazy\" decoding=\"async\" class=\"alignnone wp-image-6529\" src=\"https:\/\/www.vegcrates.com\/wp-content\/uploads\/2021\/06\/vegetable-crates-application-3-1024x361.png\" alt=\"Anwendung von Gem\u00fcsekisten\" width=\"800\" height=\"282\" srcset=\"https:\/\/www.vegcrates.com\/wp-content\/uploads\/2021\/06\/vegetable-crates-application-3-1024x361.png 1024w, https:\/\/www.vegcrates.com\/wp-content\/uploads\/2021\/06\/vegetable-crates-application-3-300x106.png 300w, https:\/\/www.vegcrates.com\/wp-content\/uploads\/2021\/06\/vegetable-crates-application-3-768x271.png 768w, https:\/\/www.vegcrates.com\/wp-content\/uploads\/2021\/06\/vegetable-crates-application-3-600x212.png 600w, https:\/\/www.vegcrates.com\/wp-content\/uploads\/2021\/06\/vegetable-crates-application-3.png 1520w\" sizes=\"auto, (max-width: 800px) 100vw, 800px\" \/> <img loading=\"lazy\" decoding=\"async\" class=\"alignnone wp-image-6530\" src=\"https:\/\/www.vegcrates.com\/wp-content\/uploads\/2021\/06\/vegetable-crates-application-4-1024x350.png\" alt=\"Anwendung von Gem\u00fcsekisten\" width=\"800\" height=\"274\" srcset=\"https:\/\/www.vegcrates.com\/wp-content\/uploads\/2021\/06\/vegetable-crates-application-4-1024x350.png 1024w, https:\/\/www.vegcrates.com\/wp-content\/uploads\/2021\/06\/vegetable-crates-application-4-300x103.png 300w, https:\/\/www.vegcrates.com\/wp-content\/uploads\/2021\/06\/vegetable-crates-application-4-768x263.png 768w, https:\/\/www.vegcrates.com\/wp-content\/uploads\/2021\/06\/vegetable-crates-application-4-600x205.png 600w, https:\/\/www.vegcrates.com\/wp-content\/uploads\/2021\/06\/vegetable-crates-application-4.png 1520w\" sizes=\"auto, (max-width: 800px) 100vw, 800px\" \/><\/p>\n<p>&nbsp;<\/p>\n<p>Gem\u00fcsekisten aus Kunststoff gibt es in verschiedenen Gr\u00f6\u00dfen und Ausf\u00fchrungen f\u00fcr die Ernte, die Verarbeitung und den Versand kleiner Fr\u00fcchte und Gem\u00fcse wie Erdbeeren oder Spargel.<\/p>\n<p><strong>Verpackung&amp;Lieferung<\/strong><\/p>\n<p><img loading=\"lazy\" decoding=\"async\" class=\"alignnone wp-image-6531\" src=\"https:\/\/www.vegcrates.com\/wp-content\/uploads\/2021\/06\/foldable-crates-for-groceries-delivery-1024x505.png\" alt=\"faltbare Kisten f\u00fcr die Lebensmittellieferung\" width=\"800\" height=\"395\" srcset=\"https:\/\/www.vegcrates.com\/wp-content\/uploads\/2021\/06\/foldable-crates-for-groceries-delivery-1024x505.png 1024w, https:\/\/www.vegcrates.com\/wp-content\/uploads\/2021\/06\/foldable-crates-for-groceries-delivery-300x148.png 300w, https:\/\/www.vegcrates.com\/wp-content\/uploads\/2021\/06\/foldable-crates-for-groceries-delivery-768x379.png 768w, https:\/\/www.vegcrates.com\/wp-content\/uploads\/2021\/06\/foldable-crates-for-groceries-delivery-600x296.png 600w, https:\/\/www.vegcrates.com\/wp-content\/uploads\/2021\/06\/foldable-crates-for-groceries-delivery.png 1528w\" sizes=\"auto, (max-width: 800px) 100vw, 800px\" \/><\/p>\n<p><strong>Merkmale und Vorteile<\/strong><\/p>\n<ul>\n<li>Hergestellt aus FDA-konformen Materialien<\/li>\n<li>Widersteht Sonneneinstrahlung und K\u00fchlprozessen, ist sto\u00dffest und feuchtigkeitsbest\u00e4ndig, splittert nicht, verrottet nicht und nimmt keine Ger\u00fcche an.<\/li>\n<li>Leicht zu reinigende Innenr\u00e4ume<\/li>\n<li>Im beladenen Zustand stapeln, im leeren Zustand verschachteln, um Platz zu sparen<\/li>\n<li>Bel\u00fcftete Konstruktionen f\u00fcr schnelle K\u00fchlung, Temperaturkontrolle und Entw\u00e4sserung<\/li>\n<li>Verwendung bei Temperaturen von -20\u02da bis 120\u02da F<\/li>\n<li>Anpassungs- und Identifizierungsoptionen verf\u00fcgbar<\/li>\n<li>Eingeschr\u00e4nkte Garantie von einem Jahr<\/li>\n<li>100% recycelbares HDPE<\/li>\n<\/ul>","protected":false},"excerpt":{"rendered":"<p>Sie k\u00f6nnten auch interessiert sein an <a href=\"https:\/\/www.vegcrates.com\/de\/product-category\/zusammenklappbare-aufbewahrungskiste\/\" target=\"_blank\" rel=\"noopener\">zusammenklappbare Kisten<\/a>,<a href=\"https:\/\/www.vegcrates.com\/de\/product-category\/euro-behalter\/\" target=\"_blank\" rel=\"noopener\">Eurokisten zu verkaufen<\/a><\/p>","protected":false},"featured_media":6554,"comment_status":"closed","ping_status":"closed","template":"","meta":[],"product_cat":[25],"product_tag":[87,85],"class_list":["post-6549","product","type-product","status-publish","has-post-thumbnail","hentry","product_cat-vegetable-harvest-crates","product_tag-plastic-vegetable-and-fruit-crate","product_tag-plastic-vegetable-basket"],"acf":[],"_links":{"self":[{"href":"https:\/\/www.vegcrates.com\/de\/wp-json\/wp\/v2\/product\/6549","targetHints":{"allow":["GET"]}}],"collection":[{"href":"https:\/\/www.vegcrates.com\/de\/wp-json\/wp\/v2\/product"}],"about":[{"href":"https:\/\/www.vegcrates.com\/de\/wp-json\/wp\/v2\/types\/product"}],"replies":[{"embeddable":true,"href":"https:\/\/www.vegcrates.com\/de\/wp-json\/wp\/v2\/comments?post=6549"}],"wp:featuredmedia":[{"embeddable":true,"href":"https:\/\/www.vegcrates.com\/de\/wp-json\/wp\/v2\/media\/6554"}],"wp:attachment":[{"href":"https:\/\/www.vegcrates.com\/de\/wp-json\/wp\/v2\/media?parent=6549"}],"wp:term":[{"taxonomy":"product_cat","embeddable":true,"href":"https:\/\/www.vegcrates.com\/de\/wp-json\/wp\/v2\/product_cat?post=6549"},{"taxonomy":"product_tag","embeddable":true,"href":"https:\/\/www.vegcrates.com\/de\/wp-json\/wp\/v2\/product_tag?post=6549"}],"curies":[{"name":"wp","href":"https:\/\/api.w.org\/{rel}","templated":true}]}}