{"id":6532,"date":"2021-06-27T08:24:50","date_gmt":"2021-06-27T08:24:50","guid":{"rendered":"https:\/\/www.vegcrates.com\/?post_type=product&#038;p=6532"},"modified":"2023-05-18T22:11:44","modified_gmt":"2023-05-18T22:11:44","slug":"plastic-apple-crates","status":"publish","type":"product","link":"https:\/\/www.vegcrates.com\/de\/product\/kunststoff-apfelkisten\/","title":{"rendered":"Kunststoff-Apfelkisten"},"content":{"rendered":"<p>Diese Kunststoff-Apfelkisten werden mit hochwertigem Material und neuesten Techniken hergestellt, um ihre h\u00f6here Haltbarkeit und hervorragende Qualit\u00e4t zu gew\u00e4hrleisten. In Anbetracht der verderblichen Natur von Obst und Gem\u00fcse, haben die Kisten sehr gute Bel\u00fcftung und glatte interious, sie sind geeignet f\u00fcr Tomaten, \u00c4pfel, Orangen, Trauben, Mango usw., und die Tomate Kisten haben robuste Au\u00dfenfl\u00e4chen, um Last zu behandeln.<\/p>\n<p>Verf\u00fcgbar Produkttyp<\/p>\n<div class=\"table-responsive\">\n<table class=\"table\" style=\"height: 234px;\" border=\"1\" width=\"828\" cellspacing=\"0\" cellpadding=\"0\">\n<tbody>\n<tr align=\"left\">\n<td rowspan=\"2\"><span data-spm-anchor-id=\"a2700.details.0.i29.249235fbYUTov5\">Artikel<\/span><\/td>\n<td rowspan=\"2\">Mateiral<\/td>\n<td>Gewicht<\/td>\n<td>\u00c4u\u00dfere Gr\u00f6\u00dfe<\/td>\n<td>Innere Gr\u00f6\u00dfe<\/td>\n<td colspan=\"3\">MENGE\/Beh\u00e4lter<\/td>\n<td rowspan=\"2\">ANMERKUNG<\/td>\n<\/tr>\n<tr align=\"left\">\n<td>(KGS\u00b13%)<\/td>\n<td>(mm)<\/td>\n<td>(mm)<\/td>\n<td>20'GP<\/td>\n<td>40'GP<\/td>\n<td>40'HQ<\/td>\n<\/tr>\n<tr align=\"left\">\n<td>JOIN0358A<\/td>\n<td>HDPE<\/td>\n<td>2.1<\/td>\n<td>L600*B410*H330<\/td>\n<td>L590*B400*H300<\/td>\n<td>500<\/td>\n<td><\/td>\n<td>1336<\/td>\n<td>bel\u00fcftet<\/td>\n<\/tr>\n<tr align=\"left\">\n<td>JOIN0358C<\/td>\n<td>HDPE<\/td>\n<td>2<\/td>\n<td>L450*B350*H330<\/td>\n<td>L420*B320*H305<\/td>\n<td>788<\/td>\n<td><\/td>\n<td>2110<\/td>\n<td>bel\u00fcftet<\/td>\n<\/tr>\n<\/tbody>\n<\/table>\n<\/div>\n<p>&nbsp;<\/p>\n<p>&nbsp;<\/p>\n<p><strong>Anwendung dieser Gem\u00fcsekisten aus Kunststoff<\/strong><\/p>\n<p><img loading=\"lazy\" decoding=\"async\" class=\"alignnone wp-image-6527\" src=\"https:\/\/www.vegcrates.com\/wp-content\/uploads\/2021\/06\/vegetable-crates-application-1-1024x265.png\" alt=\"Anwendung von Gem\u00fcsekisten\" width=\"800\" height=\"207\" srcset=\"https:\/\/www.vegcrates.com\/wp-content\/uploads\/2021\/06\/vegetable-crates-application-1-1024x265.png 1024w, https:\/\/www.vegcrates.com\/wp-content\/uploads\/2021\/06\/vegetable-crates-application-1-300x78.png 300w, https:\/\/www.vegcrates.com\/wp-content\/uploads\/2021\/06\/vegetable-crates-application-1-768x199.png 768w, https:\/\/www.vegcrates.com\/wp-content\/uploads\/2021\/06\/vegetable-crates-application-1-600x155.png 600w, https:\/\/www.vegcrates.com\/wp-content\/uploads\/2021\/06\/vegetable-crates-application-1.png 1522w\" sizes=\"auto, (max-width: 800px) 100vw, 800px\" \/> <img loading=\"lazy\" decoding=\"async\" class=\"alignnone wp-image-6528\" src=\"https:\/\/www.vegcrates.com\/wp-content\/uploads\/2021\/06\/vegetable-crates-application-2-1024x437.png\" alt=\"Anwendung von Gem\u00fcsekisten\" width=\"800\" height=\"341\" srcset=\"https:\/\/www.vegcrates.com\/wp-content\/uploads\/2021\/06\/vegetable-crates-application-2-1024x437.png 1024w, https:\/\/www.vegcrates.com\/wp-content\/uploads\/2021\/06\/vegetable-crates-application-2-300x128.png 300w, https:\/\/www.vegcrates.com\/wp-content\/uploads\/2021\/06\/vegetable-crates-application-2-768x327.png 768w, https:\/\/www.vegcrates.com\/wp-content\/uploads\/2021\/06\/vegetable-crates-application-2-600x256.png 600w, https:\/\/www.vegcrates.com\/wp-content\/uploads\/2021\/06\/vegetable-crates-application-2.png 1520w\" sizes=\"auto, (max-width: 800px) 100vw, 800px\" \/> <img loading=\"lazy\" decoding=\"async\" class=\"alignnone wp-image-6529\" src=\"https:\/\/www.vegcrates.com\/wp-content\/uploads\/2021\/06\/vegetable-crates-application-3-1024x361.png\" alt=\"Anwendung von Gem\u00fcsekisten\" width=\"800\" height=\"282\" srcset=\"https:\/\/www.vegcrates.com\/wp-content\/uploads\/2021\/06\/vegetable-crates-application-3-1024x361.png 1024w, https:\/\/www.vegcrates.com\/wp-content\/uploads\/2021\/06\/vegetable-crates-application-3-300x106.png 300w, https:\/\/www.vegcrates.com\/wp-content\/uploads\/2021\/06\/vegetable-crates-application-3-768x271.png 768w, https:\/\/www.vegcrates.com\/wp-content\/uploads\/2021\/06\/vegetable-crates-application-3-600x212.png 600w, https:\/\/www.vegcrates.com\/wp-content\/uploads\/2021\/06\/vegetable-crates-application-3.png 1520w\" sizes=\"auto, (max-width: 800px) 100vw, 800px\" \/> <img loading=\"lazy\" decoding=\"async\" class=\"alignnone wp-image-6530\" src=\"https:\/\/www.vegcrates.com\/wp-content\/uploads\/2021\/06\/vegetable-crates-application-4-1024x350.png\" alt=\"Anwendung von Gem\u00fcsekisten\" width=\"800\" height=\"274\" srcset=\"https:\/\/www.vegcrates.com\/wp-content\/uploads\/2021\/06\/vegetable-crates-application-4-1024x350.png 1024w, https:\/\/www.vegcrates.com\/wp-content\/uploads\/2021\/06\/vegetable-crates-application-4-300x103.png 300w, https:\/\/www.vegcrates.com\/wp-content\/uploads\/2021\/06\/vegetable-crates-application-4-768x263.png 768w, https:\/\/www.vegcrates.com\/wp-content\/uploads\/2021\/06\/vegetable-crates-application-4-600x205.png 600w, https:\/\/www.vegcrates.com\/wp-content\/uploads\/2021\/06\/vegetable-crates-application-4.png 1520w\" sizes=\"auto, (max-width: 800px) 100vw, 800px\" \/><\/p>\n<p>&nbsp;<\/p>\n<p>Gem\u00fcsekisten aus Kunststoff gibt es in verschiedenen Gr\u00f6\u00dfen und Ausf\u00fchrungen f\u00fcr die Ernte, die Verarbeitung und den Versand kleiner Fr\u00fcchte und Gem\u00fcse wie Erdbeeren oder Spargel.<\/p>\n<p><strong>Verpackung&amp;Lieferung<\/strong><\/p>\n<p><img loading=\"lazy\" decoding=\"async\" class=\"alignnone wp-image-6531\" src=\"https:\/\/www.vegcrates.com\/wp-content\/uploads\/2021\/06\/foldable-crates-for-groceries-delivery-1024x505.png\" alt=\"faltbare Kisten f\u00fcr die Lebensmittellieferung\" width=\"800\" height=\"395\" srcset=\"https:\/\/www.vegcrates.com\/wp-content\/uploads\/2021\/06\/foldable-crates-for-groceries-delivery-1024x505.png 1024w, https:\/\/www.vegcrates.com\/wp-content\/uploads\/2021\/06\/foldable-crates-for-groceries-delivery-300x148.png 300w, https:\/\/www.vegcrates.com\/wp-content\/uploads\/2021\/06\/foldable-crates-for-groceries-delivery-768x379.png 768w, https:\/\/www.vegcrates.com\/wp-content\/uploads\/2021\/06\/foldable-crates-for-groceries-delivery-600x296.png 600w, https:\/\/www.vegcrates.com\/wp-content\/uploads\/2021\/06\/foldable-crates-for-groceries-delivery.png 1528w\" sizes=\"auto, (max-width: 800px) 100vw, 800px\" \/><\/p>\n<p><strong>Merkmale und Vorteile<\/strong><\/p>\n<ul>\n<li>Hergestellt aus FDA-konformen Materialien<\/li>\n<li>Widersteht Sonneneinstrahlung und K\u00fchlprozessen, ist sto\u00dffest und feuchtigkeitsbest\u00e4ndig, splittert nicht, verrottet nicht und nimmt keine Ger\u00fcche an.<\/li>\n<li>Leicht zu reinigende Innenr\u00e4ume<\/li>\n<li>Im beladenen Zustand stapeln, im leeren Zustand verschachteln, um Platz zu sparen<\/li>\n<li>Bel\u00fcftete Konstruktionen f\u00fcr schnelle K\u00fchlung, Temperaturkontrolle und Entw\u00e4sserung<\/li>\n<li>Verwendung bei Temperaturen von -20\u02da bis 120\u02da F<\/li>\n<li>Anpassungs- und Identifizierungsoptionen verf\u00fcgbar<\/li>\n<li>Eingeschr\u00e4nkte Garantie von einem Jahr<\/li>\n<li>100% recycelbares HDPE<\/li>\n<\/ul>","protected":false},"excerpt":{"rendered":"<p>Sie k\u00f6nnten auch interessiert sein an <a href=\"https:\/\/www.vegcrates.com\/de\/product-category\/zusammenklappbare-aufbewahrungskiste\/\" target=\"_blank\" rel=\"noopener\">zusammenklappbare Lagerk\u00e4sten<\/a>,<a href=\"https:\/\/www.vegcrates.com\/de\/product-category\/euro-behalter\/\" target=\"_blank\" rel=\"noopener\">euro container zu verkaufen<\/a><\/p>","protected":false},"featured_media":6539,"comment_status":"closed","ping_status":"closed","template":"","meta":[],"product_cat":[25],"product_tag":[87,85],"class_list":["post-6532","product","type-product","status-publish","has-post-thumbnail","hentry","product_cat-vegetable-harvest-crates","product_tag-plastic-vegetable-and-fruit-crate","product_tag-plastic-vegetable-basket"],"acf":[],"_links":{"self":[{"href":"https:\/\/www.vegcrates.com\/de\/wp-json\/wp\/v2\/product\/6532","targetHints":{"allow":["GET"]}}],"collection":[{"href":"https:\/\/www.vegcrates.com\/de\/wp-json\/wp\/v2\/product"}],"about":[{"href":"https:\/\/www.vegcrates.com\/de\/wp-json\/wp\/v2\/types\/product"}],"replies":[{"embeddable":true,"href":"https:\/\/www.vegcrates.com\/de\/wp-json\/wp\/v2\/comments?post=6532"}],"wp:featuredmedia":[{"embeddable":true,"href":"https:\/\/www.vegcrates.com\/de\/wp-json\/wp\/v2\/media\/6539"}],"wp:attachment":[{"href":"https:\/\/www.vegcrates.com\/de\/wp-json\/wp\/v2\/media?parent=6532"}],"wp:term":[{"taxonomy":"product_cat","embeddable":true,"href":"https:\/\/www.vegcrates.com\/de\/wp-json\/wp\/v2\/product_cat?post=6532"},{"taxonomy":"product_tag","embeddable":true,"href":"https:\/\/www.vegcrates.com\/de\/wp-json\/wp\/v2\/product_tag?post=6532"}],"curies":[{"name":"wp","href":"https:\/\/api.w.org\/{rel}","templated":true}]}}