{"id":5895,"date":"2018-11-02T19:04:55","date_gmt":"2018-11-02T19:04:55","guid":{"rendered":"https:\/\/www.vegcrates.com\/product\/cheap-plastic-storage-bins-eu4322\/"},"modified":"2018-11-02T19:04:55","modified_gmt":"2018-11-02T19:04:55","slug":"cheap-plastic-storage-bins-eu4322","status":"publish","type":"product","link":"https:\/\/www.vegcrates.com\/de\/product\/billige-kunststoff-lagerbehalter-eu4322\/","title":{"rendered":"billige Kunststoff-Lagerbeh\u00e4lter EU4322"},"content":{"rendered":"<p style=\"box-sizing: border-box; margin: 0px 0px 10px; color: #222222; font-family: 'Helvetica Neue', Helvetica, Arial, sans-serif; font-size: 14px;\">billige Lagerbeh\u00e4lter aus Kunststoff erm\u00f6glichen Gesamtkosteneinsparungen und Effizienz im gesamten Materialhandhabungsprozess vom Lieferanten bis zum Hersteller. Unsere modularen Stapelbeh\u00e4lter sind ideal f\u00fcr den Versand in geschlossenen Kreisl\u00e4ufen, f\u00fcr die prozessbegleitende Handhabung und f\u00fcr Lageranwendungen, bei denen durchg\u00e4ngig die gleichen Beh\u00e4lter verwendet werden.<\/p>\n<p style=\"box-sizing: border-box; margin: 0px 0px 10px; color: #222222; font-family: 'Helvetica Neue', Helvetica, Arial, sans-serif; font-size: 14px;\"><strong>Merkmale und Vorteile<\/strong><\/p>\n<ul>\n<li style=\"box-sizing: border-box;\"><span style=\"color: #222222; font-family: Helvetica Neue, Helvetica, Arial, sans-serif;\"><span style=\"font-size: 14px;\">Container W\u00fcrfel 48\u2033 x 45\u2033 Paletten<\/span><\/span><\/li>\n<li style=\"box-sizing: border-box;\"><span style=\"color: #222222; font-family: Helvetica Neue, Helvetica, Arial, sans-serif;\"><span style=\"font-size: 14px;\">Die spritzgegossene HDPE-Konstruktion widersteht St\u00f6\u00dfen, Feuchtigkeit und den meisten Chemikalien<\/span><\/span><\/li>\n<li style=\"box-sizing: border-box;\"><span style=\"color: #222222; font-family: Helvetica Neue, Helvetica, Arial, sans-serif;\"><span style=\"font-size: 14px;\">Verwendung bei Temperaturen von -20\u02da bis 120\u02da F<\/span><\/span><\/li>\n<li style=\"box-sizing: border-box;\"><span style=\"color: #222222; font-family: Helvetica Neue, Helvetica, Arial, sans-serif;\"><span style=\"font-size: 14px;\">Anpassungs- und Identifizierungsoptionen verf\u00fcgbar<\/span><\/span><\/li>\n<li style=\"box-sizing: border-box;\"><span style=\"color: #222222; font-family: Helvetica Neue, Helvetica, Arial, sans-serif;\"><span style=\"font-size: 14px;\">Eingeschr\u00e4nkte Garantie von einem Jahr<\/span><\/span><\/li>\n<li style=\"box-sizing: border-box;\"><span style=\"color: #222222; font-family: Helvetica Neue, Helvetica, Arial, sans-serif;\"><span style=\"font-size: 14px;\">100% wiederverwendbar<\/span><\/span><\/li>\n<li style=\"box-sizing: border-box;\"><span style=\"color: #222222; font-family: Helvetica Neue, Helvetica, Arial, sans-serif;\"><span style=\"font-size: 14px;\">Verst\u00e4rkte Seiten und B\u00f6den verbessern den Produktschutz<\/span><\/span><\/li>\n<li style=\"box-sizing: border-box;\"><span style=\"color: #222222; font-family: Helvetica Neue, Helvetica, Arial, sans-serif;\"><span style=\"font-size: 14px;\">Zwischengr\u00f6\u00dfen erm\u00f6glichen eine gemischte Stapelung auf einer Palette<\/span><\/span><\/li>\n<li style=\"box-sizing: border-box;\"><span style=\"color: #222222; font-family: Helvetica Neue, Helvetica, Arial, sans-serif;\"><span style=\"font-size: 14px;\">Perimeter-Staubsch\u00fcrze bei ausgew\u00e4hlten Gr\u00f6\u00dfen f\u00fcr zus\u00e4tzlichen Produktschutz<\/span><\/span><\/li>\n<li style=\"box-sizing: border-box;\"><span style=\"color: #222222; font-family: Helvetica Neue, Helvetica, Arial, sans-serif;\"><span style=\"font-size: 14px;\">Kompatibel mit anderen Marken zur Erweiterung Ihres bestehenden Systems<\/span><\/span><\/li>\n<li style=\"box-sizing: border-box;\"><span style=\"color: #222222; font-family: Helvetica Neue, Helvetica, Arial, sans-serif;\"><span style=\"font-size: 14px;\">Ergonomische Griffe f\u00fcr leichtes Anheben<\/span><\/span><\/li>\n<\/ul>","protected":false},"excerpt":{"rendered":"<p>Sie k\u00f6nnten auch interessiert sein an <a href=\"https:\/\/www.vegcrates.com\/de\/product-category\/zusammenklappbare-aufbewahrungskiste\/\" target=\"_blank\">Faltbare Beh\u00e4lter Lagerung<\/a>,<a href=\"https:\/\/www.vegcrates.com\/de\/product-category\/erntekisten-fur-gemuse\/\" target=\"_blank\">stapelbare Obstkisten<\/a><\/p>","protected":false},"featured_media":5896,"comment_status":"closed","ping_status":"open","template":"","meta":[],"product_cat":[24],"product_tag":[59,40,62],"class_list":["post-5895","product","type-product","status-publish","has-post-thumbnail","hentry","product_cat-euro-containers","product_tag-stackable-bin","product_tag-stacking-crate","product_tag-storage-bin"],"acf":[],"_links":{"self":[{"href":"https:\/\/www.vegcrates.com\/de\/wp-json\/wp\/v2\/product\/5895","targetHints":{"allow":["GET"]}}],"collection":[{"href":"https:\/\/www.vegcrates.com\/de\/wp-json\/wp\/v2\/product"}],"about":[{"href":"https:\/\/www.vegcrates.com\/de\/wp-json\/wp\/v2\/types\/product"}],"replies":[{"embeddable":true,"href":"https:\/\/www.vegcrates.com\/de\/wp-json\/wp\/v2\/comments?post=5895"}],"wp:featuredmedia":[{"embeddable":true,"href":"https:\/\/www.vegcrates.com\/de\/wp-json\/wp\/v2\/media\/5896"}],"wp:attachment":[{"href":"https:\/\/www.vegcrates.com\/de\/wp-json\/wp\/v2\/media?parent=5895"}],"wp:term":[{"taxonomy":"product_cat","embeddable":true,"href":"https:\/\/www.vegcrates.com\/de\/wp-json\/wp\/v2\/product_cat?post=5895"},{"taxonomy":"product_tag","embeddable":true,"href":"https:\/\/www.vegcrates.com\/de\/wp-json\/wp\/v2\/product_tag?post=5895"}],"curies":[{"name":"wp","href":"https:\/\/api.w.org\/{rel}","templated":true}]}}