{"id":5632,"date":"2018-12-02T23:30:14","date_gmt":"2018-12-02T23:30:14","guid":{"rendered":"https:\/\/www.vegcrates.com\/product\/plastic-hinged-containers-small-395\/"},"modified":"2019-01-06T17:16:08","modified_gmt":"2019-01-06T17:16:08","slug":"plastic-hinged-containers-small-395","status":"publish","type":"product","link":"https:\/\/www.vegcrates.com\/de\/product\/kunststoffscharnierbehalter-klein-395\/","title":{"rendered":"Kunststoffscharnierbeh\u00e4lter klein 395"},"content":{"rendered":"<p>Kunststoffscharnierbeh\u00e4lter in vielen Gr\u00f6\u00dfen und Ausf\u00fchrungen f\u00fcr den Versand, den Vertrieb, die Kommissionierung und die Lagerung, die so konstruiert sind, dass sie sich im vollen Zustand stapeln und im leeren Zustand ineinander schachteln lassen, wodurch bis zu 75% wertvoller Lagerplatz eingespart wird. Diese Beh\u00e4lter sind ideal f\u00fcr Anwendungen im Vertrieb, im Lebensmittelhandel und in der allgemeinen Fertigung und bieten eine langlebige, kostensparende Leistung.<\/p>\n<p><strong>Merkmale und Vorteile<\/strong><\/p>\n<ul>\n<li>Verschachtelung der Beh\u00e4lter f\u00fcr maximale Raumnutzung bei ge\u00f6ffneten Deckeln<\/li>\n<li>Ergonomische Griffe f\u00fcr leichtes Anheben<\/li>\n<li>Leicht zu reinigende Innenr\u00e4ume<\/li>\n<li>Die spritzgegossene HDPE-Konstruktion widersteht St\u00f6\u00dfen, Feuchtigkeit und den meisten Chemikalien<\/li>\n<li>Verwendung bei Temperaturen von -20\u02da bis 120\u02da F<\/li>\n<li>Anpassungs- und Identifizierungsoptionen verf\u00fcgbar<\/li>\n<li>Eingeschr\u00e4nkte Garantie von einem Jahr<\/li>\n<li>100% wiederverwendbar<\/li>\n<\/ul>","protected":false},"excerpt":{"rendered":"<p>Sie k\u00f6nnten auch interessiert sein an <a href=\"https:\/\/www.vegcrates.com\/de\/product-category\/erntekisten-fur-gemuse\/\" target=\"_blank\">Gem\u00fcsekisten zu verkaufen<\/a>,<a href=\"https:\/\/www.vegcrates.com\/de\/product-category\/zusammenklappbare-aufbewahrungskiste\/\" target=\"_blank\">Faltschachteln<\/a>,<a href=\"https:\/\/www.vegcrates.com\/de\/product-category\/euro-behalter\/\" target=\"_blank\">Lager-Stapelboxen<\/a><\/p>","protected":false},"featured_media":5633,"comment_status":"closed","ping_status":"open","template":"","meta":[],"product_cat":[23],"product_tag":[32,33,34],"class_list":["post-5632","product","type-product","status-publish","has-post-thumbnail","hentry","product_cat-hinged-lid-containers","product_tag-attached-lid-container","product_tag-nestable-bin","product_tag-nestable-lidded-container"],"acf":[],"_links":{"self":[{"href":"https:\/\/www.vegcrates.com\/de\/wp-json\/wp\/v2\/product\/5632","targetHints":{"allow":["GET"]}}],"collection":[{"href":"https:\/\/www.vegcrates.com\/de\/wp-json\/wp\/v2\/product"}],"about":[{"href":"https:\/\/www.vegcrates.com\/de\/wp-json\/wp\/v2\/types\/product"}],"replies":[{"embeddable":true,"href":"https:\/\/www.vegcrates.com\/de\/wp-json\/wp\/v2\/comments?post=5632"}],"wp:featuredmedia":[{"embeddable":true,"href":"https:\/\/www.vegcrates.com\/de\/wp-json\/wp\/v2\/media\/5633"}],"wp:attachment":[{"href":"https:\/\/www.vegcrates.com\/de\/wp-json\/wp\/v2\/media?parent=5632"}],"wp:term":[{"taxonomy":"product_cat","embeddable":true,"href":"https:\/\/www.vegcrates.com\/de\/wp-json\/wp\/v2\/product_cat?post=5632"},{"taxonomy":"product_tag","embeddable":true,"href":"https:\/\/www.vegcrates.com\/de\/wp-json\/wp\/v2\/product_tag?post=5632"}],"curies":[{"name":"wp","href":"https:\/\/api.w.org\/{rel}","templated":true}]}}