{"id":5619,"date":"2018-12-23T10:56:10","date_gmt":"2018-12-23T10:56:10","guid":{"rendered":"https:\/\/www.vegcrates.com\/product\/4-fold-container-600-305-home-use-foldable-crate\/"},"modified":"2018-12-23T10:56:10","modified_gmt":"2018-12-23T10:56:10","slug":"4-fold-container-600-305-home-use-foldable-crate","status":"publish","type":"product","link":"https:\/\/www.vegcrates.com\/de\/product\/4-faltbarer-container-600-305-faltbare-kiste-fur-den-hausgebrauch\/","title":{"rendered":"4-Fach-Beh\u00e4lter 600-305 Faltbare Kiste f\u00fcr den Hausgebrauch"},"content":{"rendered":"<p>4-Falt-Beh\u00e4lter aus 100% Virgin PP, sind auch bekannt als Faltschachteln und k\u00f6nnen stapelbar und faltbar sein.<\/p>\n<p>Es ist weit verbreitet in \u00dcbersee-Superm\u00e4rkten, 24-Stunden-L\u00e4den, gro\u00dfen Vertriebszentren, Kaufh\u00e4usern, Lebensmittelverarbeitung usw. eingesetzt worden.<\/p>\n<p>Die\u00a0<strong>clever crates zusammenklappbare Aufbewahrungstasche<\/strong>\u00a0sind robust und sein praktisches Design erlauben es, praktisch flach zusammenzuklappen, wenn sie nicht in Gebrauch sind, die sehr sparen 75% Platz. Aufgrund seines geringen Gewichts, platzsparend und einfach zu montieren Funktion. Sie bieten:<\/p>\n<p style=\"box-sizing: border-box; margin: 0px 0px 10px; color: #222222; font-family: 'Helvetica Neue', Helvetica, Arial, sans-serif; font-size: 14px;\">- Faltbare Kunststoffkisten senken Kosten in der R\u00fcckw\u00e4rtslogistik<br style=\"box-sizing: border-box;\" \/>- Vollst\u00e4ndig bel\u00fcftetes Design f\u00fcr bessere Bel\u00fcftung<br style=\"box-sizing: border-box;\" \/>- Weniger Deponieabf\u00e4lle im Vergleich zu Karton<br style=\"box-sizing: border-box;\" \/>- 100% recycelbar - keine Abfallentsorgung im Lebensmitteleinzelhandel<br style=\"box-sizing: border-box;\" \/>- Vereinfacht Ihren Logistikprozess<\/p>","protected":false},"excerpt":{"rendered":"<p>Sie k\u00f6nnten auch interessiert sein an <a href=\"https:\/\/www.vegcrates.com\/de\/product-category\/erntekisten-fur-gemuse\/\" target=\"_blank\">bel\u00fcftete Kunststoffkiste<\/a>,<a href=\"https:\/\/www.vegcrates.com\/de\/product-category\/euro-behalter\/\" target=\"_blank\">Lagerpl\u00e4tze<\/a><\/p>","protected":false},"featured_media":5620,"comment_status":"closed","ping_status":"open","template":"","meta":[],"product_cat":[17],"product_tag":[61,62],"class_list":["post-5619","product","type-product","status-publish","has-post-thumbnail","hentry","product_cat-collapsible-storage-crate","product_tag-home-use-foldable-crate","product_tag-storage-bin"],"acf":[],"_links":{"self":[{"href":"https:\/\/www.vegcrates.com\/de\/wp-json\/wp\/v2\/product\/5619","targetHints":{"allow":["GET"]}}],"collection":[{"href":"https:\/\/www.vegcrates.com\/de\/wp-json\/wp\/v2\/product"}],"about":[{"href":"https:\/\/www.vegcrates.com\/de\/wp-json\/wp\/v2\/types\/product"}],"replies":[{"embeddable":true,"href":"https:\/\/www.vegcrates.com\/de\/wp-json\/wp\/v2\/comments?post=5619"}],"wp:featuredmedia":[{"embeddable":true,"href":"https:\/\/www.vegcrates.com\/de\/wp-json\/wp\/v2\/media\/5620"}],"wp:attachment":[{"href":"https:\/\/www.vegcrates.com\/de\/wp-json\/wp\/v2\/media?parent=5619"}],"wp:term":[{"taxonomy":"product_cat","embeddable":true,"href":"https:\/\/www.vegcrates.com\/de\/wp-json\/wp\/v2\/product_cat?post=5619"},{"taxonomy":"product_tag","embeddable":true,"href":"https:\/\/www.vegcrates.com\/de\/wp-json\/wp\/v2\/product_tag?post=5619"}],"curies":[{"name":"wp","href":"https:\/\/api.w.org\/{rel}","templated":true}]}}