{"id":5535,"date":"2019-01-06T04:49:45","date_gmt":"2019-01-06T04:49:45","guid":{"rendered":"https:\/\/www.vegcrates.com\/product\/folding-collapsible-storage-box-s504\/"},"modified":"2019-01-06T04:49:45","modified_gmt":"2019-01-06T04:49:45","slug":"folding-collapsible-storage-box-s504","status":"publish","type":"product","link":"https:\/\/www.vegcrates.com\/de\/product\/faltbare-zusammenklappbare-aufbewahrungsbox-s504\/","title":{"rendered":"Faltbare, zusammenklappbare Aufbewahrungsbox S504"},"content":{"rendered":"<p>Faltbare Aufbewahrungsboxen aus 100% Virgin PP, auch bekannt als Faltboxen, sind stapelbar und faltbar.<\/p>\n<p>Es ist weit verbreitet in \u00dcbersee-Superm\u00e4rkten, 24-Stunden-L\u00e4den, gro\u00dfen Vertriebszentren, Kaufh\u00e4usern, Lebensmittelverarbeitung usw. eingesetzt worden.<\/p>\n<p>Die\u00a0<strong>clever crates zusammenklappbare Aufbewahrungstasche<\/strong>\u00a0sind robust und sein praktisches Design erlauben es, praktisch flach zusammenzuklappen, wenn sie nicht in Gebrauch sind, die sehr sparen 75% Platz. Aufgrund seines geringen Gewichts, platzsparend und einfach zu montieren Funktion. Sie bieten:<\/p>\n<p style=\"box-sizing: border-box; margin: 0px 0px 10px; color: #222222; font-family: 'Helvetica Neue', Helvetica, Arial, sans-serif; font-size: 14px;\">- Faltbare Kunststoffkisten senken Kosten in der R\u00fcckw\u00e4rtslogistik<br style=\"box-sizing: border-box;\" \/>- Vollst\u00e4ndig bel\u00fcftetes Design f\u00fcr bessere Bel\u00fcftung<br style=\"box-sizing: border-box;\" \/>- Weniger Deponieabf\u00e4lle im Vergleich zu Karton<br style=\"box-sizing: border-box;\" \/>- 100% recycelbar - keine Abfallentsorgung im Lebensmitteleinzelhandel<br style=\"box-sizing: border-box;\" \/>- Vereinfacht Ihren Logistikprozess<\/p>","protected":false},"excerpt":{"rendered":"<p>Sie k\u00f6nnten auch interessiert sein an <a href=\"https:\/\/www.vegcrates.com\/de\/product-category\/euro-behalter\/\" target=\"_blank\">Schwerlast-Kunststoffk\u00e4sten<\/a>,<a href=\"https:\/\/www.vegcrates.com\/de\/product-category\/erntekisten-fur-gemuse\/\" target=\"_blank\">Obstkisten Kunststoff<\/a><\/p>","protected":false},"featured_media":5536,"comment_status":"closed","ping_status":"open","template":"","meta":[],"product_cat":[17],"product_tag":[35],"class_list":["post-5535","product","type-product","status-publish","has-post-thumbnail","hentry","product_cat-collapsible-storage-crate","product_tag-folding-crate"],"acf":[],"_links":{"self":[{"href":"https:\/\/www.vegcrates.com\/de\/wp-json\/wp\/v2\/product\/5535","targetHints":{"allow":["GET"]}}],"collection":[{"href":"https:\/\/www.vegcrates.com\/de\/wp-json\/wp\/v2\/product"}],"about":[{"href":"https:\/\/www.vegcrates.com\/de\/wp-json\/wp\/v2\/types\/product"}],"replies":[{"embeddable":true,"href":"https:\/\/www.vegcrates.com\/de\/wp-json\/wp\/v2\/comments?post=5535"}],"wp:featuredmedia":[{"embeddable":true,"href":"https:\/\/www.vegcrates.com\/de\/wp-json\/wp\/v2\/media\/5536"}],"wp:attachment":[{"href":"https:\/\/www.vegcrates.com\/de\/wp-json\/wp\/v2\/media?parent=5535"}],"wp:term":[{"taxonomy":"product_cat","embeddable":true,"href":"https:\/\/www.vegcrates.com\/de\/wp-json\/wp\/v2\/product_cat?post=5535"},{"taxonomy":"product_tag","embeddable":true,"href":"https:\/\/www.vegcrates.com\/de\/wp-json\/wp\/v2\/product_tag?post=5535"}],"curies":[{"name":"wp","href":"https:\/\/api.w.org\/{rel}","templated":true}]}}